{"id":81994,"date":"2021-06-17T14:59:56","date_gmt":"2021-06-17T12:59:56","guid":{"rendered":"https:\/\/www.multimedium.eu\/?post_type=product&#038;p=81994"},"modified":"2025-03-13T09:28:15","modified_gmt":"2025-03-13T08:28:15","slug":"luigi-colani-teeservice-friesland-teeset-fuer-6-personen-schwarz","status":"publish","type":"product","link":"https:\/\/www.multimedium.eu\/?product=luigi-colani-teeservice-friesland-teeset-fuer-6-personen-schwarz","title":{"rendered":"Luigi Colani Teeservice Friesland Teeset f\u00fcr 6 Personen Schwarz"},"content":{"rendered":"<p><strong>Luigi Colani tea service Friesland tea set for 6 people black<\/strong><\/p>\n<p>Magnificent tea service Zen, by Luigi Colani for Melitta \/ Friesland around 1974<br \/>\nConsists of a jug chafing set in the original packaging,<br \/>\nSugar bowl, creamer and six three-part place settings,<\/p>\n<p>a large saucer with surface scratches,<br \/>\notherwise everything in a good, beautiful condition<\/p>\n<p>Length of the jug from opening to opening: 27.5 cm<br \/>\nDiameter of the base: 28 cm,<br \/>\nTotal height of the jug with rechaud: 25 cm<br \/>\nLarge saucer diameter: 18.5 cm<br \/>\nSmall saucer diameter: 16.5 cm<br \/>\nDiameter of the tea cup without handle: 12 cm<br \/>\nDiameter of the teacup with handle: 15.5 cm<br \/>\nTea cup height: 4.5 cm<br \/>\nDiameter of the sugar bowl without handle: 9.5 with handle: 13 cm<br \/>\nDiameter of the creamer: without handle: 9 with handle: 12.5 cm<\/p>\n","protected":false},"excerpt":{"rendered":"<p><strong>Luigi Colani Teeservice Friesland Teeset f\u00fcr 6 Personen Schwarz<\/strong><\/p>\n<p>Prachtvolles Teeservice Zen, von Luigi Colani f\u00fcr Melitta\/Friesland um 1974<br \/>\nbestehend aus Kanne-Rechaud-Set in Originalverpackung,<br \/>\nZuckerschale, Sahnegie\u00dfer und sechs dreiteilige Gedecke,<\/p>\n<p>ein go\u00dfer Unterteller mit Oberfl\u00e4chenkratzer,<br \/>\nsonst alles in einem guten sch\u00f6nen Erhaltungszustand<\/p>\n<p>L\u00e4nge der Kanne von Ausgu\u00df\u00f6ffnung zu Ausgu\u00df\u00f6ffnung: 27,5 cm<br \/>\nDurchmesser der Standplatte: 28 cm,<br \/>\nGesamth\u00f6he der Kanne mit Rechaud: 25 cm<br \/>\nDurchmesser des gro\u00dfen Untertellers: 18,5 cm<br \/>\nDurchmesser des kleinen Untertellers: 16,5 cm<br \/>\nDurchmesser der Teetasse ohne Henkel: 12 cm<br \/>\nDurchmesser der Teetasse mit Henkel: 15,5 cm<br \/>\nH\u00f6he der Teetasse: 4,5 cm<br \/>\nDurchmesser der Zuckerdose ohne Henkel: 9,5 mit Henkel: 13 cm<br \/>\nDurchmesser des Sahnek\u00e4nnchens: ohne Henkel: 9 mit Henkel: 12,5 cm<\/p>\n","protected":false},"featured_media":82008,"template":"","meta":{"site-sidebar-layout":"default","site-content-layout":"default","ast-site-content-layout":"","site-content-style":"default","site-sidebar-style":"default","ast-global-header-display":"","ast-banner-title-visibility":"","ast-main-header-display":"","ast-hfb-above-header-display":"","ast-hfb-below-header-display":"","ast-hfb-mobile-header-display":"","site-post-title":"","ast-breadcrumbs-content":"","ast-featured-img":"","footer-sml-layout":"","theme-transparent-header-meta":"default","adv-header-id-meta":"","stick-header-meta":"","header-above-stick-meta":"","header-main-stick-meta":"","header-below-stick-meta":"","astra-migrate-meta-layouts":"default","ast-page-background-enabled":"default","ast-page-background-meta":{"desktop":{"background-color":"","background-image":"","background-repeat":"repeat","background-position":"center center","background-size":"auto","background-attachment":"scroll","background-type":"","background-media":"","overlay-type":"","overlay-color":"","overlay-opacity":"","overlay-gradient":""},"tablet":{"background-color":"","background-image":"","background-repeat":"repeat","background-position":"center center","background-size":"auto","background-attachment":"scroll","background-type":"","background-media":"","overlay-type":"","overlay-color":"","overlay-opacity":"","overlay-gradient":""},"mobile":{"background-color":"","background-image":"","background-repeat":"repeat","background-position":"center center","background-size":"auto","background-attachment":"scroll","background-type":"","background-media":"","overlay-type":"","overlay-color":"","overlay-opacity":"","overlay-gradient":""}},"ast-content-background-meta":{"desktop":{"background-color":"var(--ast-global-color-5)","background-image":"","background-repeat":"repeat","background-position":"center center","background-size":"auto","background-attachment":"scroll","background-type":"","background-media":"","overlay-type":"","overlay-color":"","overlay-opacity":"","overlay-gradient":""},"tablet":{"background-color":"var(--ast-global-color-5)","background-image":"","background-repeat":"repeat","background-position":"center center","background-size":"auto","background-attachment":"scroll","background-type":"","background-media":"","overlay-type":"","overlay-color":"","overlay-opacity":"","overlay-gradient":""},"mobile":{"background-color":"var(--ast-global-color-5)","background-image":"","background-repeat":"repeat","background-position":"center center","background-size":"auto","background-attachment":"scroll","background-type":"","background-media":"","overlay-type":"","overlay-color":"","overlay-opacity":"","overlay-gradient":""}}},"product_brand":[],"product_cat":[3561,4324,4322,3613],"product_tag":[],"class_list":{"0":"post-81994","1":"product","2":"type-product","3":"status-publish","4":"has-post-thumbnail","6":"product_cat-design-nach-1945","7":"product_cat-kunstobjekte","8":"product_cat-periode","9":"product_cat-porzellan-keramik","10":"desktop-align-left","11":"tablet-align-left","12":"mobile-align-left","14":"first","15":"instock","16":"sold-individually","17":"shipping-taxable","18":"purchasable","19":"product-type-simple"},"_links":{"self":[{"href":"https:\/\/www.multimedium.eu\/index.php?rest_route=\/wp\/v2\/product\/81994","targetHints":{"allow":["GET"]}}],"collection":[{"href":"https:\/\/www.multimedium.eu\/index.php?rest_route=\/wp\/v2\/product"}],"about":[{"href":"https:\/\/www.multimedium.eu\/index.php?rest_route=\/wp\/v2\/types\/product"}],"version-history":[{"count":4,"href":"https:\/\/www.multimedium.eu\/index.php?rest_route=\/wp\/v2\/product\/81994\/revisions"}],"predecessor-version":[{"id":82019,"href":"https:\/\/www.multimedium.eu\/index.php?rest_route=\/wp\/v2\/product\/81994\/revisions\/82019"}],"wp:featuredmedia":[{"embeddable":true,"href":"https:\/\/www.multimedium.eu\/index.php?rest_route=\/wp\/v2\/media\/82008"}],"wp:attachment":[{"href":"https:\/\/www.multimedium.eu\/index.php?rest_route=%2Fwp%2Fv2%2Fmedia&parent=81994"}],"wp:term":[{"taxonomy":"product_brand","embeddable":true,"href":"https:\/\/www.multimedium.eu\/index.php?rest_route=%2Fwp%2Fv2%2Fproduct_brand&post=81994"},{"taxonomy":"product_cat","embeddable":true,"href":"https:\/\/www.multimedium.eu\/index.php?rest_route=%2Fwp%2Fv2%2Fproduct_cat&post=81994"},{"taxonomy":"product_tag","embeddable":true,"href":"https:\/\/www.multimedium.eu\/index.php?rest_route=%2Fwp%2Fv2%2Fproduct_tag&post=81994"}],"curies":[{"name":"wp","href":"https:\/\/api.w.org\/{rel}","templated":true}]}}