{"id":82039,"date":"2021-07-01T11:24:20","date_gmt":"2021-07-01T09:24:20","guid":{"rendered":"https:\/\/www.multimedium.eu\/?post_type=product&#038;p=82039"},"modified":"2025-03-13T09:28:15","modified_gmt":"2025-03-13T08:28:15","slug":"antike-jugendstil-batist-baumwolle-unterwaesche-um-1900-bis-20er-jahre","status":"publish","type":"product","link":"https:\/\/www.multimedium.eu\/?product=antike-jugendstil-batist-baumwolle-unterwaesche-um-1900-bis-20er-jahre","title":{"rendered":"Antike Jugendstil Batist Baumwolle Unterw\u00e4sche um 1900 bis 20er Jahre"},"content":{"rendered":"","protected":false},"excerpt":{"rendered":"<p><strong>Antike Jugendstil Batist Baumwolle Unterw\u00e4sche um 1900 bis 20er Jahre<\/strong><\/p>\n<p>Entz\u00fcckende dekorative seltene Jugendstil Batist Unterw\u00e4sche<br \/>\nFrankreich um 1900 bis 1920er Jahre<br \/>\nTextil-Rarit\u00e4t in Baumwolle, helles Wei\u00df,<br \/>\nwertvolle Handarbeit, in einem sehr feinen Batist Stoff,<br \/>\nan beiden Seiten geschlitzt, siehe Photo,<br \/>\nmit echter franz\u00f6sischer Spitze und Monogramm,<br \/>\nDurchzugsband wurde neu erg\u00e4nzt<br \/>\nungetragen, wurde von mir einmal gewaschen,<br \/>\nvor dem Waschen war noch die original Appretur vorhanden,<br \/>\nselten in diesem gut erhaltenen Zustand, Museumsst\u00fcck,<br \/>\nR\u00fcckgaben nur im ungetragenen unver\u00e4nderten Zustand wie bei Zusendung,<br \/>\nbei Behalten ist die Empfehlung, da es sich hier um ein antikes Teil handelt,<br \/>\nnur mit Handw\u00e4sche zu waschen<br \/>\nda keine Gr\u00f6\u00dfe angegeben ist, vermute ich Gr\u00f6\u00dfe 40-42<\/p>\n<p>H\u00f6he (siehe Photos mit Ma\u00dfband): 40 cm<br \/>\nBreite: 40 cm<br \/>\nBreite der Tr\u00e4ger: 7 cm<\/p>\n","protected":false},"featured_media":82041,"template":"","meta":{"site-sidebar-layout":"default","site-content-layout":"default","ast-site-content-layout":"","site-content-style":"default","site-sidebar-style":"default","ast-global-header-display":"","ast-banner-title-visibility":"","ast-main-header-display":"","ast-hfb-above-header-display":"","ast-hfb-below-header-display":"","ast-hfb-mobile-header-display":"","site-post-title":"","ast-breadcrumbs-content":"","ast-featured-img":"","footer-sml-layout":"","theme-transparent-header-meta":"default","adv-header-id-meta":"","stick-header-meta":"","header-above-stick-meta":"","header-main-stick-meta":"","header-below-stick-meta":"","astra-migrate-meta-layouts":"default","ast-page-background-enabled":"default","ast-page-background-meta":{"desktop":{"background-color":"","background-image":"","background-repeat":"repeat","background-position":"center center","background-size":"auto","background-attachment":"scroll","background-type":"","background-media":"","overlay-type":"","overlay-color":"","overlay-opacity":"","overlay-gradient":""},"tablet":{"background-color":"","background-image":"","background-repeat":"repeat","background-position":"center center","background-size":"auto","background-attachment":"scroll","background-type":"","background-media":"","overlay-type":"","overlay-color":"","overlay-opacity":"","overlay-gradient":""},"mobile":{"background-color":"","background-image":"","background-repeat":"repeat","background-position":"center center","background-size":"auto","background-attachment":"scroll","background-type":"","background-media":"","overlay-type":"","overlay-color":"","overlay-opacity":"","overlay-gradient":""}},"ast-content-background-meta":{"desktop":{"background-color":"var(--ast-global-color-5)","background-image":"","background-repeat":"repeat","background-position":"center center","background-size":"auto","background-attachment":"scroll","background-type":"","background-media":"","overlay-type":"","overlay-color":"","overlay-opacity":"","overlay-gradient":""},"tablet":{"background-color":"var(--ast-global-color-5)","background-image":"","background-repeat":"repeat","background-position":"center center","background-size":"auto","background-attachment":"scroll","background-type":"","background-media":"","overlay-type":"","overlay-color":"","overlay-opacity":"","overlay-gradient":""},"mobile":{"background-color":"var(--ast-global-color-5)","background-image":"","background-repeat":"repeat","background-position":"center center","background-size":"auto","background-attachment":"scroll","background-type":"","background-media":"","overlay-type":"","overlay-color":"","overlay-opacity":"","overlay-gradient":""}}},"product_brand":[],"product_cat":[4324,3559,4322,3514],"product_tag":[3700,4522,5415,3789,4013,3698,4526,4520,5701,4521,5700],"class_list":{"0":"post-82039","1":"product","2":"type-product","3":"status-publish","4":"has-post-thumbnail","6":"product_cat-kunstobjekte","7":"product_cat-jugendstil","8":"product_cat-periode","9":"product_cat-textilien-handarbeiten","10":"product_tag-art-nouveau","11":"product_tag-batist","12":"product_tag-baumwolle","13":"product_tag-handarbeit","14":"product_tag-handwork","15":"product_tag-jugendstil","16":"product_tag-spitze","17":"product_tag-textilien","18":"product_tag-unterwaesche","19":"product_tag-waesche","20":"product_tag-weisswaesche","21":"desktop-align-left","22":"tablet-align-left","23":"mobile-align-left","25":"first","26":"instock","27":"sold-individually","28":"shipping-taxable","29":"purchasable","30":"product-type-simple"},"_links":{"self":[{"href":"https:\/\/www.multimedium.eu\/index.php?rest_route=\/wp\/v2\/product\/82039","targetHints":{"allow":["GET"]}}],"collection":[{"href":"https:\/\/www.multimedium.eu\/index.php?rest_route=\/wp\/v2\/product"}],"about":[{"href":"https:\/\/www.multimedium.eu\/index.php?rest_route=\/wp\/v2\/types\/product"}],"version-history":[{"count":1,"href":"https:\/\/www.multimedium.eu\/index.php?rest_route=\/wp\/v2\/product\/82039\/revisions"}],"predecessor-version":[{"id":82040,"href":"https:\/\/www.multimedium.eu\/index.php?rest_route=\/wp\/v2\/product\/82039\/revisions\/82040"}],"wp:featuredmedia":[{"embeddable":true,"href":"https:\/\/www.multimedium.eu\/index.php?rest_route=\/wp\/v2\/media\/82041"}],"wp:attachment":[{"href":"https:\/\/www.multimedium.eu\/index.php?rest_route=%2Fwp%2Fv2%2Fmedia&parent=82039"}],"wp:term":[{"taxonomy":"product_brand","embeddable":true,"href":"https:\/\/www.multimedium.eu\/index.php?rest_route=%2Fwp%2Fv2%2Fproduct_brand&post=82039"},{"taxonomy":"product_cat","embeddable":true,"href":"https:\/\/www.multimedium.eu\/index.php?rest_route=%2Fwp%2Fv2%2Fproduct_cat&post=82039"},{"taxonomy":"product_tag","embeddable":true,"href":"https:\/\/www.multimedium.eu\/index.php?rest_route=%2Fwp%2Fv2%2Fproduct_tag&post=82039"}],"curies":[{"name":"wp","href":"https:\/\/api.w.org\/{rel}","templated":true}]}}