{"id":82370,"date":"2021-10-21T08:53:07","date_gmt":"2021-10-21T06:53:07","guid":{"rendered":"https:\/\/www.multimedium.eu\/?post_type=product&#038;p=82370"},"modified":"2025-03-13T09:28:10","modified_gmt":"2025-03-13T08:28:10","slug":"l-parot-limoges-art-deco-emaille-silber-anhaenger-blume-silver-enamel","status":"publish","type":"product","link":"https:\/\/www.multimedium.eu\/?product=l-parot-limoges-art-deco-emaille-silber-anhaenger-blume-silver-enamel","title":{"rendered":"L. Parot Limoges Art Deco Emaille Silber Anh\u00e4nger Blume silver enamel"},"content":{"rendered":"<p>Gorgeous , very beautiful, decorative, outstanding Art Deco pendant,<br \/>\nby L.Parot, Limoges, from the 30s,<br \/>\nraised enamel with floral motif,<br \/>\non copper plate, with silver frame,<br \/>\nwith enamel colors in appealing blue, red and green green tones<br \/>\nSigned on the reverse: L. Parot Limoges France<\/p>\n<p>in a good, beautiful condition,<\/p>\n<p>Dimensions without hanger eyelet (H x W): 4.2 x 3.25 cm<\/p>\n","protected":false},"excerpt":{"rendered":"<p><strong>L. Parot Limoges Art Deco Emaille Silber Anh\u00e4nger Blume silver enamel<\/strong><\/p>\n<p>Prachtvoller, sehr sch\u00f6ner, dekorativer, ausgefallener Art Deco Anh\u00e4nger,<br \/>\nvon L.Parot, Limoges, aus den 30er Jahren,<br \/>\nerhabenes Emaille mit Blumenmotiv,<br \/>\nauf Kupferplatte, mit Silber-Rahmen,<br \/>\nmit Emaille-Farben in ansprechenden Blau Rot und Gr\u00fcn Gr\u00fcn-T\u00f6nen<br \/>\nr\u00fcckseitig signiert: L. Parot Limoges France<\/p>\n<p>in einem guten sch\u00f6nen Erhaltungszustand,<\/p>\n<p>Ma\u00dfe ohne Aufh\u00e4nger-\u00d6se (H x B): 4,2 x 3,25 cm<\/p>\n","protected":false},"featured_media":82374,"template":"","meta":{"site-sidebar-layout":"default","site-content-layout":"default","ast-site-content-layout":"","site-content-style":"default","site-sidebar-style":"default","ast-global-header-display":"","ast-banner-title-visibility":"","ast-main-header-display":"","ast-hfb-above-header-display":"","ast-hfb-below-header-display":"","ast-hfb-mobile-header-display":"","site-post-title":"","ast-breadcrumbs-content":"","ast-featured-img":"","footer-sml-layout":"","theme-transparent-header-meta":"default","adv-header-id-meta":"","stick-header-meta":"","header-above-stick-meta":"","header-main-stick-meta":"","header-below-stick-meta":"","astra-migrate-meta-layouts":"default","ast-page-background-enabled":"default","ast-page-background-meta":{"desktop":{"background-color":"","background-image":"","background-repeat":"repeat","background-position":"center center","background-size":"auto","background-attachment":"scroll","background-type":"","background-media":"","overlay-type":"","overlay-color":"","overlay-opacity":"","overlay-gradient":""},"tablet":{"background-color":"","background-image":"","background-repeat":"repeat","background-position":"center center","background-size":"auto","background-attachment":"scroll","background-type":"","background-media":"","overlay-type":"","overlay-color":"","overlay-opacity":"","overlay-gradient":""},"mobile":{"background-color":"","background-image":"","background-repeat":"repeat","background-position":"center center","background-size":"auto","background-attachment":"scroll","background-type":"","background-media":"","overlay-type":"","overlay-color":"","overlay-opacity":"","overlay-gradient":""}},"ast-content-background-meta":{"desktop":{"background-color":"var(--ast-global-color-5)","background-image":"","background-repeat":"repeat","background-position":"center center","background-size":"auto","background-attachment":"scroll","background-type":"","background-media":"","overlay-type":"","overlay-color":"","overlay-opacity":"","overlay-gradient":""},"tablet":{"background-color":"var(--ast-global-color-5)","background-image":"","background-repeat":"repeat","background-position":"center center","background-size":"auto","background-attachment":"scroll","background-type":"","background-media":"","overlay-type":"","overlay-color":"","overlay-opacity":"","overlay-gradient":""},"mobile":{"background-color":"var(--ast-global-color-5)","background-image":"","background-repeat":"repeat","background-position":"center center","background-size":"auto","background-attachment":"scroll","background-type":"","background-media":"","overlay-type":"","overlay-color":"","overlay-opacity":"","overlay-gradient":""}}},"product_brand":[],"product_cat":[4325,4450,3806,3598,3572,5078,4322],"product_tag":[4565,3647,3716,3639,3654,5714,4118,3341,3641,3342],"class_list":{"0":"post-82370","1":"product","2":"type-product","3":"status-publish","4":"has-post-thumbnail","6":"product_cat-silber","7":"product_cat-anhaenger","8":"product_cat-art-deco","9":"product_cat-emaille","10":"product_cat-juwelen","11":"product_cat-metall-2","12":"product_cat-periode","13":"product_tag-30er-jahre","14":"product_tag-anhaenger","15":"product_tag-art-deco","16":"product_tag-emaille","17":"product_tag-enamel","18":"product_tag-l-parot","19":"product_tag-limoges","20":"product_tag-pendant","21":"product_tag-silber","22":"product_tag-silver","23":"desktop-align-left","24":"tablet-align-left","25":"mobile-align-left","27":"first","28":"instock","29":"sold-individually","30":"shipping-taxable","31":"purchasable","32":"product-type-simple"},"_links":{"self":[{"href":"https:\/\/www.multimedium.eu\/index.php?rest_route=\/wp\/v2\/product\/82370","targetHints":{"allow":["GET"]}}],"collection":[{"href":"https:\/\/www.multimedium.eu\/index.php?rest_route=\/wp\/v2\/product"}],"about":[{"href":"https:\/\/www.multimedium.eu\/index.php?rest_route=\/wp\/v2\/types\/product"}],"version-history":[{"count":1,"href":"https:\/\/www.multimedium.eu\/index.php?rest_route=\/wp\/v2\/product\/82370\/revisions"}],"predecessor-version":[{"id":82376,"href":"https:\/\/www.multimedium.eu\/index.php?rest_route=\/wp\/v2\/product\/82370\/revisions\/82376"}],"wp:featuredmedia":[{"embeddable":true,"href":"https:\/\/www.multimedium.eu\/index.php?rest_route=\/wp\/v2\/media\/82374"}],"wp:attachment":[{"href":"https:\/\/www.multimedium.eu\/index.php?rest_route=%2Fwp%2Fv2%2Fmedia&parent=82370"}],"wp:term":[{"taxonomy":"product_brand","embeddable":true,"href":"https:\/\/www.multimedium.eu\/index.php?rest_route=%2Fwp%2Fv2%2Fproduct_brand&post=82370"},{"taxonomy":"product_cat","embeddable":true,"href":"https:\/\/www.multimedium.eu\/index.php?rest_route=%2Fwp%2Fv2%2Fproduct_cat&post=82370"},{"taxonomy":"product_tag","embeddable":true,"href":"https:\/\/www.multimedium.eu\/index.php?rest_route=%2Fwp%2Fv2%2Fproduct_tag&post=82370"}],"curies":[{"name":"wp","href":"https:\/\/api.w.org\/{rel}","templated":true}]}}