{"id":82431,"date":"2021-10-27T15:04:19","date_gmt":"2021-10-27T13:04:19","guid":{"rendered":"https:\/\/www.multimedium.eu\/?post_type=product&#038;p=82431"},"modified":"2025-03-13T09:28:08","modified_gmt":"2025-03-13T08:28:08","slug":"art-deco-silber-anhaenger-emaille-rose-blume-silver-cloisonne-enamel-pendant","status":"publish","type":"product","link":"https:\/\/www.multimedium.eu\/?product=art-deco-silber-anhaenger-emaille-rose-blume-silver-cloisonne-enamel-pendant","title":{"rendered":"Art Deco Silber Anh\u00e4nger Emaille Rose Blume silver cloisonne enamel pendant"},"content":{"rendered":"<p>Beautiful decorative Art Deco silver pendant<br \/>\nwith cloisonne enamel from the 1920s<br \/>\nMotif with roses and leaves on yellow translucent enamel<br \/>\nPainting under the glaze<br \/>\nEnamel work in a frame<br \/>\nmarked: 935<\/p>\n<p>in a good, beautiful state of preservation<\/p>\n<p>Height of the trailer including hanger eyelet: 1,81&#8243; (4.6 cm)<br \/>\nWidth of the pendant: 0,94&#8243; (2.4 cm)<\/p>\n","protected":false},"excerpt":{"rendered":"<p><strong>Art Deco Silber Anh\u00e4nger Emaille Rose Blume silver cloisonne enamel pendant<\/strong><\/p>\n<p>Wundersch\u00f6ner dekorativer Art Deco Silber Anh\u00e4nger<br \/>\nmit Cloisonne Emaille aus den 20er Jahren<br \/>\nMotiv mit Rosen und Bl\u00e4ttern auf gelben transluzidem Emaille<br \/>\nMalerei unter der Glasur<br \/>\nEmaillearbeit in gefasstem R\u00e4hmchen<br \/>\ngestempelt:935<\/p>\n<p>in einem guten sch\u00f6ner Erhaltungszustand<\/p>\n<p>H\u00f6he des Anh\u00e4ngers incl. Aufh\u00e4nger: 4,6 cm<br \/>\nBreite des Anh\u00e4ngers: 2,4 cm<\/p>\n","protected":false},"featured_media":82435,"template":"","meta":{"site-sidebar-layout":"default","site-content-layout":"default","ast-site-content-layout":"","site-content-style":"default","site-sidebar-style":"default","ast-global-header-display":"","ast-banner-title-visibility":"","ast-main-header-display":"","ast-hfb-above-header-display":"","ast-hfb-below-header-display":"","ast-hfb-mobile-header-display":"","site-post-title":"","ast-breadcrumbs-content":"","ast-featured-img":"","footer-sml-layout":"","theme-transparent-header-meta":"default","adv-header-id-meta":"","stick-header-meta":"","header-above-stick-meta":"","header-main-stick-meta":"","header-below-stick-meta":"","astra-migrate-meta-layouts":"default","ast-page-background-enabled":"default","ast-page-background-meta":{"desktop":{"background-color":"","background-image":"","background-repeat":"repeat","background-position":"center center","background-size":"auto","background-attachment":"scroll","background-type":"","background-media":"","overlay-type":"","overlay-color":"","overlay-opacity":"","overlay-gradient":""},"tablet":{"background-color":"","background-image":"","background-repeat":"repeat","background-position":"center center","background-size":"auto","background-attachment":"scroll","background-type":"","background-media":"","overlay-type":"","overlay-color":"","overlay-opacity":"","overlay-gradient":""},"mobile":{"background-color":"","background-image":"","background-repeat":"repeat","background-position":"center center","background-size":"auto","background-attachment":"scroll","background-type":"","background-media":"","overlay-type":"","overlay-color":"","overlay-opacity":"","overlay-gradient":""}},"ast-content-background-meta":{"desktop":{"background-color":"var(--ast-global-color-5)","background-image":"","background-repeat":"repeat","background-position":"center center","background-size":"auto","background-attachment":"scroll","background-type":"","background-media":"","overlay-type":"","overlay-color":"","overlay-opacity":"","overlay-gradient":""},"tablet":{"background-color":"var(--ast-global-color-5)","background-image":"","background-repeat":"repeat","background-position":"center center","background-size":"auto","background-attachment":"scroll","background-type":"","background-media":"","overlay-type":"","overlay-color":"","overlay-opacity":"","overlay-gradient":""},"mobile":{"background-color":"var(--ast-global-color-5)","background-image":"","background-repeat":"repeat","background-position":"center center","background-size":"auto","background-attachment":"scroll","background-type":"","background-media":"","overlay-type":"","overlay-color":"","overlay-opacity":"","overlay-gradient":""}}},"product_brand":[],"product_cat":[4325,4450,3806,3598],"product_tag":[],"class_list":{"0":"post-82431","1":"product","2":"type-product","3":"status-publish","4":"has-post-thumbnail","6":"product_cat-silber","7":"product_cat-anhaenger","8":"product_cat-art-deco","9":"product_cat-emaille","10":"desktop-align-left","11":"tablet-align-left","12":"mobile-align-left","14":"first","15":"instock","16":"sold-individually","17":"shipping-taxable","18":"purchasable","19":"product-type-simple"},"_links":{"self":[{"href":"https:\/\/www.multimedium.eu\/index.php?rest_route=\/wp\/v2\/product\/82431","targetHints":{"allow":["GET"]}}],"collection":[{"href":"https:\/\/www.multimedium.eu\/index.php?rest_route=\/wp\/v2\/product"}],"about":[{"href":"https:\/\/www.multimedium.eu\/index.php?rest_route=\/wp\/v2\/types\/product"}],"version-history":[{"count":4,"href":"https:\/\/www.multimedium.eu\/index.php?rest_route=\/wp\/v2\/product\/82431\/revisions"}],"predecessor-version":[{"id":82440,"href":"https:\/\/www.multimedium.eu\/index.php?rest_route=\/wp\/v2\/product\/82431\/revisions\/82440"}],"wp:featuredmedia":[{"embeddable":true,"href":"https:\/\/www.multimedium.eu\/index.php?rest_route=\/wp\/v2\/media\/82435"}],"wp:attachment":[{"href":"https:\/\/www.multimedium.eu\/index.php?rest_route=%2Fwp%2Fv2%2Fmedia&parent=82431"}],"wp:term":[{"taxonomy":"product_brand","embeddable":true,"href":"https:\/\/www.multimedium.eu\/index.php?rest_route=%2Fwp%2Fv2%2Fproduct_brand&post=82431"},{"taxonomy":"product_cat","embeddable":true,"href":"https:\/\/www.multimedium.eu\/index.php?rest_route=%2Fwp%2Fv2%2Fproduct_cat&post=82431"},{"taxonomy":"product_tag","embeddable":true,"href":"https:\/\/www.multimedium.eu\/index.php?rest_route=%2Fwp%2Fv2%2Fproduct_tag&post=82431"}],"curies":[{"name":"wp","href":"https:\/\/api.w.org\/{rel}","templated":true}]}}