{"id":82619,"date":"2021-12-05T15:46:57","date_gmt":"2021-12-05T14:46:57","guid":{"rendered":"https:\/\/www.multimedium.eu\/?post_type=product&#038;p=82619"},"modified":"2025-03-13T09:28:06","modified_gmt":"2025-03-13T08:28:06","slug":"katzhuette-art-deco-porzellan-figur-maedchen-mit-gans-kind-weiss-gold","status":"publish","type":"product","link":"https:\/\/www.multimedium.eu\/?product=katzhuette-art-deco-porzellan-figur-maedchen-mit-gans-kind-weiss-gold","title":{"rendered":"Katzh\u00fctte Art Deco Porzellan Figur M\u00e4dchen mit Gans Kind Wei\u00df Gold"},"content":{"rendered":"<h6>Cat Hut Art Deco Porcelain Figurine Girl with Goose Child White Gold<\/h6>\n<p>Charming lovely outstanding Art Deco porcelain figure<br \/>\nfrom Katzh\u00fctte, Thuringia c.1920<br \/>\ndepicting a girl with a bowl of fruit and a goose<br \/>\nwith a beautiful shape and facial expression,<br \/>\nin a lovely, delightful elaboration,<br \/>\nwhite porcelain with glaze and gold plating,<br \/>\non the bottom with manufacturer&#8217;s mark of the porcelain manufacturer Katzh\u00fctte, Thuringia<\/p>\n<p>Gold plating rubbed due to age,<br \/>\notherwise in a good, beautiful state of preservation<\/p>\n<p>Height 24 cm,<br \/>\nDiameter of the base: 12 cm.<\/p>\n","protected":false},"excerpt":{"rendered":"<h6>Katzh\u00fctte Art Deco Porzellan Figur M\u00e4dchen mit Gans Kind Wei\u00df Gold<\/h6>\n<p>Entz\u00fcckende ausgefallene liebliche Art Deco Porzellan Figur<br \/>\nvon Katzh\u00fctte, Th\u00fcringen um 1920<br \/>\nmit der Darstellung eines M\u00e4dchens mit einer Obstschale und einer Gans<br \/>\nmit einer sch\u00f6nen Formgebung und Gesichtsausdruck,<br \/>\nin einer lieblichen, entz\u00fcckenden Ausarbeitung,<br \/>\nwei\u00dfes Porzellan mit Glasur und Goldauflage,<br \/>\nam Boden mit Herstellermarke der Porzellanmanufaktur Katzh\u00fctte, Th\u00fcringen<\/p>\n<p>Goldauflage altersbedingt berieben,<br \/>\nsonst in einem guten sch\u00f6nen Erhaltungszustand<\/p>\n<p>H\u00f6he 24 cm,<br \/>\nDurchmesser des Sockels: 12 cm.<\/p>\n","protected":false},"featured_media":82630,"template":"","meta":{"site-sidebar-layout":"default","site-content-layout":"default","ast-site-content-layout":"default","site-content-style":"default","site-sidebar-style":"default","ast-global-header-display":"","ast-banner-title-visibility":"","ast-main-header-display":"","ast-hfb-above-header-display":"","ast-hfb-below-header-display":"","ast-hfb-mobile-header-display":"","site-post-title":"","ast-breadcrumbs-content":"","ast-featured-img":"","footer-sml-layout":"","theme-transparent-header-meta":"default","adv-header-id-meta":"","stick-header-meta":"","header-above-stick-meta":"","header-main-stick-meta":"","header-below-stick-meta":"","astra-migrate-meta-layouts":"set","ast-page-background-enabled":"default","ast-page-background-meta":{"desktop":{"background-color":"","background-image":"","background-repeat":"repeat","background-position":"center center","background-size":"auto","background-attachment":"scroll","background-type":"","background-media":"","overlay-type":"","overlay-color":"","overlay-opacity":"","overlay-gradient":""},"tablet":{"background-color":"","background-image":"","background-repeat":"repeat","background-position":"center center","background-size":"auto","background-attachment":"scroll","background-type":"","background-media":"","overlay-type":"","overlay-color":"","overlay-opacity":"","overlay-gradient":""},"mobile":{"background-color":"","background-image":"","background-repeat":"repeat","background-position":"center center","background-size":"auto","background-attachment":"scroll","background-type":"","background-media":"","overlay-type":"","overlay-color":"","overlay-opacity":"","overlay-gradient":""}},"ast-content-background-meta":{"desktop":{"background-color":"var(--ast-global-color-5)","background-image":"","background-repeat":"repeat","background-position":"center center","background-size":"auto","background-attachment":"scroll","background-type":"","background-media":"","overlay-type":"","overlay-color":"","overlay-opacity":"","overlay-gradient":""},"tablet":{"background-color":"var(--ast-global-color-5)","background-image":"","background-repeat":"repeat","background-position":"center center","background-size":"auto","background-attachment":"scroll","background-type":"","background-media":"","overlay-type":"","overlay-color":"","overlay-opacity":"","overlay-gradient":""},"mobile":{"background-color":"var(--ast-global-color-5)","background-image":"","background-repeat":"repeat","background-position":"center center","background-size":"auto","background-attachment":"scroll","background-type":"","background-media":"","overlay-type":"","overlay-color":"","overlay-opacity":"","overlay-gradient":""}}},"product_brand":[],"product_cat":[4324,3559,4322,3613,4367],"product_tag":[],"class_list":{"0":"post-82619","1":"product","2":"type-product","3":"status-publish","4":"has-post-thumbnail","6":"product_cat-kunstobjekte","7":"product_cat-jugendstil","8":"product_cat-periode","9":"product_cat-porzellan-keramik","10":"product_cat-skulpturen","11":"desktop-align-left","12":"tablet-align-left","13":"mobile-align-left","15":"first","16":"instock","17":"sold-individually","18":"shipping-taxable","19":"purchasable","20":"product-type-simple"},"_links":{"self":[{"href":"https:\/\/www.multimedium.eu\/index.php?rest_route=\/wp\/v2\/product\/82619","targetHints":{"allow":["GET"]}}],"collection":[{"href":"https:\/\/www.multimedium.eu\/index.php?rest_route=\/wp\/v2\/product"}],"about":[{"href":"https:\/\/www.multimedium.eu\/index.php?rest_route=\/wp\/v2\/types\/product"}],"version-history":[{"count":3,"href":"https:\/\/www.multimedium.eu\/index.php?rest_route=\/wp\/v2\/product\/82619\/revisions"}],"predecessor-version":[{"id":89938,"href":"https:\/\/www.multimedium.eu\/index.php?rest_route=\/wp\/v2\/product\/82619\/revisions\/89938"}],"wp:featuredmedia":[{"embeddable":true,"href":"https:\/\/www.multimedium.eu\/index.php?rest_route=\/wp\/v2\/media\/82630"}],"wp:attachment":[{"href":"https:\/\/www.multimedium.eu\/index.php?rest_route=%2Fwp%2Fv2%2Fmedia&parent=82619"}],"wp:term":[{"taxonomy":"product_brand","embeddable":true,"href":"https:\/\/www.multimedium.eu\/index.php?rest_route=%2Fwp%2Fv2%2Fproduct_brand&post=82619"},{"taxonomy":"product_cat","embeddable":true,"href":"https:\/\/www.multimedium.eu\/index.php?rest_route=%2Fwp%2Fv2%2Fproduct_cat&post=82619"},{"taxonomy":"product_tag","embeddable":true,"href":"https:\/\/www.multimedium.eu\/index.php?rest_route=%2Fwp%2Fv2%2Fproduct_tag&post=82619"}],"curies":[{"name":"wp","href":"https:\/\/api.w.org\/{rel}","templated":true}]}}