{"id":83023,"date":"2022-02-01T19:06:44","date_gmt":"2022-02-01T18:06:44","guid":{"rendered":"https:\/\/www.multimedium.eu\/?post_type=product&#038;p=83023"},"modified":"2025-03-13T09:28:01","modified_gmt":"2025-03-13T08:28:01","slug":"granat-collier-halskette-tombak-vergoldet-tombac-gilt-garnet-necklace","status":"publish","type":"product","link":"https:\/\/www.multimedium.eu\/?product=granat-collier-halskette-tombak-vergoldet-tombac-gilt-garnet-necklace","title":{"rendered":"Granat Collier Halskette Tombak vergoldet tombac gilt garnet necklace"},"content":{"rendered":"<h6>Garnet necklace Tombak gold plated tombac gilt garnet necklace<\/h6>\n<p>Gorgeous decorative fine antique Art Nouveau garnet necklace,<br \/>\ngilded in tombac, c.1900,<br \/>\nwith beautiful dark red shiny Bohemian garnets,<br \/>\nin table cut,<br \/>\nthe figure is decoration and not part of the offer,<\/p>\n<p>age-appropriate in good condition<\/p>\n<p>Necklace length: 17&#8243; (44 cm)<br \/>\nCenterpiece height: 1,47&#8243; (3.75 cm)<br \/>\nWidth of the middle part: 4,72&#8243; (12 cm)<br \/>\nsize of the biggest (middle) star: 0,79&#8243; ( 2 cm)<\/p>\n","protected":false},"excerpt":{"rendered":"<h6><strong>Granat Collier Halskette Tombak vergoldet tombac gilt garnet necklace<\/strong><\/h6>\n<p>Entz\u00fcckendes dekoratives feines antikes Jugendstil Granat Collier,<br \/>\nin Tombak vergoldet, um1900,<br \/>\nmit sch\u00f6nen dunkelroten gl\u00e4nzenden b\u00f6hmischen Granaten,<br \/>\nim Tafelschliff,<br \/>\ndie Figur ist Dekoration und nicht Bestandteil des Angebots,<\/p>\n<p>altersgem\u00e4\u00df in einem guten Erhaltungszustand<\/p>\n<p>L\u00e4nge des Colliers: 44 cm<br \/>\nH\u00f6he des Mittelteils: 3,75 cm<br \/>\nBreite des Mittelteils: 12 cm<br \/>\nGr\u00f6\u00dfe des gr\u00f6\u00dften (mittleren) Sterns: 2 cm<\/p>\n","protected":false},"featured_media":83112,"template":"","meta":{"site-sidebar-layout":"default","site-content-layout":"default","ast-site-content-layout":"default","site-content-style":"default","site-sidebar-style":"default","ast-global-header-display":"","ast-banner-title-visibility":"","ast-main-header-display":"","ast-hfb-above-header-display":"","ast-hfb-below-header-display":"","ast-hfb-mobile-header-display":"","site-post-title":"","ast-breadcrumbs-content":"","ast-featured-img":"","footer-sml-layout":"","theme-transparent-header-meta":"default","adv-header-id-meta":"","stick-header-meta":"","header-above-stick-meta":"","header-main-stick-meta":"","header-below-stick-meta":"","astra-migrate-meta-layouts":"set","ast-page-background-enabled":"default","ast-page-background-meta":{"desktop":{"background-color":"","background-image":"","background-repeat":"repeat","background-position":"center center","background-size":"auto","background-attachment":"scroll","background-type":"","background-media":"","overlay-type":"","overlay-color":"","overlay-opacity":"","overlay-gradient":""},"tablet":{"background-color":"","background-image":"","background-repeat":"repeat","background-position":"center center","background-size":"auto","background-attachment":"scroll","background-type":"","background-media":"","overlay-type":"","overlay-color":"","overlay-opacity":"","overlay-gradient":""},"mobile":{"background-color":"","background-image":"","background-repeat":"repeat","background-position":"center center","background-size":"auto","background-attachment":"scroll","background-type":"","background-media":"","overlay-type":"","overlay-color":"","overlay-opacity":"","overlay-gradient":""}},"ast-content-background-meta":{"desktop":{"background-color":"var(--ast-global-color-5)","background-image":"","background-repeat":"repeat","background-position":"center center","background-size":"auto","background-attachment":"scroll","background-type":"","background-media":"","overlay-type":"","overlay-color":"","overlay-opacity":"","overlay-gradient":""},"tablet":{"background-color":"var(--ast-global-color-5)","background-image":"","background-repeat":"repeat","background-position":"center center","background-size":"auto","background-attachment":"scroll","background-type":"","background-media":"","overlay-type":"","overlay-color":"","overlay-opacity":"","overlay-gradient":""},"mobile":{"background-color":"var(--ast-global-color-5)","background-image":"","background-repeat":"repeat","background-position":"center center","background-size":"auto","background-attachment":"scroll","background-type":"","background-media":"","overlay-type":"","overlay-color":"","overlay-opacity":"","overlay-gradient":""}}},"product_brand":[],"product_cat":[5078,3573,3559,3572,3582,4322,4321,5100],"product_tag":[3700,3649,3725,3724,3650,3698,3652,4146,4065],"class_list":{"0":"post-83023","1":"product","2":"type-product","3":"status-publish","4":"has-post-thumbnail","6":"product_cat-metall-2","7":"product_cat-granat","8":"product_cat-jugendstil","9":"product_cat-juwelen","10":"product_cat-ketten-colliers","11":"product_cat-periode","12":"product_cat-steine","13":"product_cat-tombak","14":"product_tag-art-nouveau","15":"product_tag-collier","16":"product_tag-garnet","17":"product_tag-granat","18":"product_tag-halskette","19":"product_tag-jugendstil","20":"product_tag-necklace","21":"product_tag-tombac","22":"product_tag-tombak","23":"desktop-align-left","24":"tablet-align-left","25":"mobile-align-left","27":"first","28":"instock","29":"sold-individually","30":"shipping-taxable","31":"purchasable","32":"product-type-simple"},"_links":{"self":[{"href":"https:\/\/www.multimedium.eu\/index.php?rest_route=\/wp\/v2\/product\/83023","targetHints":{"allow":["GET"]}}],"collection":[{"href":"https:\/\/www.multimedium.eu\/index.php?rest_route=\/wp\/v2\/product"}],"about":[{"href":"https:\/\/www.multimedium.eu\/index.php?rest_route=\/wp\/v2\/types\/product"}],"version-history":[{"count":5,"href":"https:\/\/www.multimedium.eu\/index.php?rest_route=\/wp\/v2\/product\/83023\/revisions"}],"predecessor-version":[{"id":89201,"href":"https:\/\/www.multimedium.eu\/index.php?rest_route=\/wp\/v2\/product\/83023\/revisions\/89201"}],"wp:featuredmedia":[{"embeddable":true,"href":"https:\/\/www.multimedium.eu\/index.php?rest_route=\/wp\/v2\/media\/83112"}],"wp:attachment":[{"href":"https:\/\/www.multimedium.eu\/index.php?rest_route=%2Fwp%2Fv2%2Fmedia&parent=83023"}],"wp:term":[{"taxonomy":"product_brand","embeddable":true,"href":"https:\/\/www.multimedium.eu\/index.php?rest_route=%2Fwp%2Fv2%2Fproduct_brand&post=83023"},{"taxonomy":"product_cat","embeddable":true,"href":"https:\/\/www.multimedium.eu\/index.php?rest_route=%2Fwp%2Fv2%2Fproduct_cat&post=83023"},{"taxonomy":"product_tag","embeddable":true,"href":"https:\/\/www.multimedium.eu\/index.php?rest_route=%2Fwp%2Fv2%2Fproduct_tag&post=83023"}],"curies":[{"name":"wp","href":"https:\/\/api.w.org\/{rel}","templated":true}]}}