{"id":84401,"date":"2022-02-26T21:26:36","date_gmt":"2022-02-26T20:26:36","guid":{"rendered":"https:\/\/www.multimedium.eu\/?post_type=product&#038;p=84401"},"modified":"2025-03-13T09:27:59","modified_gmt":"2025-03-13T08:27:59","slug":"prachtvolle-xxl-vtg-messing-bronze-figur-nackte-sitzende-afrikanerin","status":"publish","type":"product","link":"https:\/\/www.multimedium.eu\/?product=prachtvolle-xxl-vtg-messing-bronze-figur-nackte-sitzende-afrikanerin","title":{"rendered":"Prachtvolle XXL VTG Messing Bronze Figur nackte sitzende Afrikanerin"},"content":{"rendered":"<p>Gorgeous vintage brass-bronze figure,<br \/>\nin the shape of a seated naked African woman<br \/>\nbeautiful representation, massive work,<br \/>\ndressed in a leather apron, gold-plated (or gold-colored) and<br \/>\nwith a necklace, banana-shaped earrings and<br \/>\nBangles, hair structure in brass,<br \/>\nnice that everything is still there<br \/>\nas well as the neck, ear and arm and leg jewelry<br \/>\nare in the original patina and not polished,<br \/>\nI leave this to the buyer, whether he would like to polish this up himself,<br \/>\neverything is in the original patina in which the piece was bought,<br \/>\nArtist or manufacturer unknown, not signed<\/p>\n<p>In a very good original condition<\/p>\n<p>Total height: 22,83&#8243; (58 cm)<br \/>\nWidth: 25,6&#8243; (65 cm)<br \/>\nDepth: 19,7&#8243; (50 cm)<br \/>\nWeight: 14,6 kg<\/p>\n","protected":false},"excerpt":{"rendered":"<h6>Prachtvolle XXL VTG Messing Bronze Figur nackte sitzende Afrikanerin<\/h6>\n<p>Prachtvolle vintage Messing-Bronze Figur, aus den 50er Jahren<br \/>\nin der Form einer sitzenden nackten Afrikanerin<br \/>\nsch\u00f6ne Darstellung, massiv gearbeitet,<br \/>\nbekleidet mit einem Ledenschurz, vergoldet (oder goldfarben) und<br \/>\nmit einem Halsschmuck, Ohrringen in Bananenform und<br \/>\nArmreife, Haarstruktur in Messing,<\/p>\n<p>sch\u00f6n, da\u00df noch alles vorhanden ist,<br \/>\nsowie der Hals- Ohr- und Arm- und Beinschmuck<br \/>\nsind in der originalen Patina und nicht aufpoliert,<br \/>\nich \u00fcberlasse dies dem K\u00e4ufer, ob er dies selbst aufpolieren m\u00f6chte,<br \/>\nalles ist in der originalen Patina, in der das St\u00fcck gekauft wurde,<br \/>\nK\u00fcnstler bzw. Hersteller unbekannt, nicht signiert<\/p>\n<p>In einem sehr guten originalen Erhaltungszustand<\/p>\n<p>Gesamth\u00f6he: 58 cm<br \/>\nBreite : 65 cm<br \/>\nTiefe: 50 cm<\/p>\n<p>Gewicht: 14,6 kg<\/p>\n","protected":false},"featured_media":84406,"template":"","meta":{"site-sidebar-layout":"default","site-content-layout":"default","ast-site-content-layout":"","site-content-style":"default","site-sidebar-style":"default","ast-global-header-display":"","ast-banner-title-visibility":"","ast-main-header-display":"","ast-hfb-above-header-display":"","ast-hfb-below-header-display":"","ast-hfb-mobile-header-display":"","site-post-title":"","ast-breadcrumbs-content":"","ast-featured-img":"","footer-sml-layout":"","theme-transparent-header-meta":"","adv-header-id-meta":"","stick-header-meta":"","header-above-stick-meta":"","header-main-stick-meta":"","header-below-stick-meta":"","astra-migrate-meta-layouts":"default","ast-page-background-enabled":"default","ast-page-background-meta":{"desktop":{"background-color":"","background-image":"","background-repeat":"repeat","background-position":"center center","background-size":"auto","background-attachment":"scroll","background-type":"","background-media":"","overlay-type":"","overlay-color":"","overlay-opacity":"","overlay-gradient":""},"tablet":{"background-color":"","background-image":"","background-repeat":"repeat","background-position":"center center","background-size":"auto","background-attachment":"scroll","background-type":"","background-media":"","overlay-type":"","overlay-color":"","overlay-opacity":"","overlay-gradient":""},"mobile":{"background-color":"","background-image":"","background-repeat":"repeat","background-position":"center center","background-size":"auto","background-attachment":"scroll","background-type":"","background-media":"","overlay-type":"","overlay-color":"","overlay-opacity":"","overlay-gradient":""}},"ast-content-background-meta":{"desktop":{"background-color":"var(--ast-global-color-5)","background-image":"","background-repeat":"repeat","background-position":"center center","background-size":"auto","background-attachment":"scroll","background-type":"","background-media":"","overlay-type":"","overlay-color":"","overlay-opacity":"","overlay-gradient":""},"tablet":{"background-color":"var(--ast-global-color-5)","background-image":"","background-repeat":"repeat","background-position":"center center","background-size":"auto","background-attachment":"scroll","background-type":"","background-media":"","overlay-type":"","overlay-color":"","overlay-opacity":"","overlay-gradient":""},"mobile":{"background-color":"var(--ast-global-color-5)","background-image":"","background-repeat":"repeat","background-position":"center center","background-size":"auto","background-attachment":"scroll","background-type":"","background-media":"","overlay-type":"","overlay-color":"","overlay-opacity":"","overlay-gradient":""}}},"product_brand":[],"product_cat":[4324,3561,3543,4367],"product_tag":[5742,3860,4353,3925],"class_list":{"0":"post-84401","1":"product","2":"type-product","3":"status-publish","4":"has-post-thumbnail","6":"product_cat-kunstobjekte","7":"product_cat-design-nach-1945","8":"product_cat-metall","9":"product_cat-skulpturen","10":"product_tag-afrikanerin","11":"product_tag-bronze","12":"product_tag-figur","13":"product_tag-messing","14":"desktop-align-left","15":"tablet-align-left","16":"mobile-align-left","18":"first","19":"instock","20":"sold-individually","21":"shipping-taxable","22":"purchasable","23":"product-type-simple"},"_links":{"self":[{"href":"https:\/\/www.multimedium.eu\/index.php?rest_route=\/wp\/v2\/product\/84401","targetHints":{"allow":["GET"]}}],"collection":[{"href":"https:\/\/www.multimedium.eu\/index.php?rest_route=\/wp\/v2\/product"}],"about":[{"href":"https:\/\/www.multimedium.eu\/index.php?rest_route=\/wp\/v2\/types\/product"}],"version-history":[{"count":3,"href":"https:\/\/www.multimedium.eu\/index.php?rest_route=\/wp\/v2\/product\/84401\/revisions"}],"predecessor-version":[{"id":84411,"href":"https:\/\/www.multimedium.eu\/index.php?rest_route=\/wp\/v2\/product\/84401\/revisions\/84411"}],"wp:featuredmedia":[{"embeddable":true,"href":"https:\/\/www.multimedium.eu\/index.php?rest_route=\/wp\/v2\/media\/84406"}],"wp:attachment":[{"href":"https:\/\/www.multimedium.eu\/index.php?rest_route=%2Fwp%2Fv2%2Fmedia&parent=84401"}],"wp:term":[{"taxonomy":"product_brand","embeddable":true,"href":"https:\/\/www.multimedium.eu\/index.php?rest_route=%2Fwp%2Fv2%2Fproduct_brand&post=84401"},{"taxonomy":"product_cat","embeddable":true,"href":"https:\/\/www.multimedium.eu\/index.php?rest_route=%2Fwp%2Fv2%2Fproduct_cat&post=84401"},{"taxonomy":"product_tag","embeddable":true,"href":"https:\/\/www.multimedium.eu\/index.php?rest_route=%2Fwp%2Fv2%2Fproduct_tag&post=84401"}],"curies":[{"name":"wp","href":"https:\/\/api.w.org\/{rel}","templated":true}]}}