{"id":84911,"date":"2022-05-03T22:20:11","date_gmt":"2022-05-03T20:20:11","guid":{"rendered":"https:\/\/www.multimedium.eu\/?post_type=product&#038;p=84911"},"modified":"2025-03-13T09:27:51","modified_gmt":"2025-03-13T08:27:51","slug":"xxl-silber-moissanit-diamant-ring-schwarz-black-moissanite-silver","status":"publish","type":"product","link":"https:\/\/www.multimedium.eu\/?product=xxl-silber-moissanit-diamant-ring-schwarz-black-moissanite-silver","title":{"rendered":"XXL Silber Moissanit Diamant Ring Schwarz black moissanite silver"},"content":{"rendered":"","protected":false},"excerpt":{"rendered":"<h6>XXL Silber Moissanit Diamant Ring Schwarz black moissanite silver<\/h6>\n<p>Prachtvoller XXL Modernist vintage Sterling SilberMoissanit Statement Ring, selten,<br \/>\nvermutlich Einzelanfertigung in extravaganter Form,<br \/>\nhohl verb\u00f6det, abgerundete ovale Form,<\/p>\n<p>mit einem synthetischen schwarzen<br \/>\nca. 66 ct Moissanit im Diamant-Schliff<\/p>\n<p>ein einzigartiges Kunstobjekt als Ring,<br \/>\nalleine durch die Gr\u00f6\u00dfe und Form des Ringes ein Hingucker,<br \/>\ngeht bei der Pr\u00fcfung mit einem Pr\u00e4sidium-DiamondMateA Tester<\/p>\n<p>auf die gr\u00fcne Scala des Diamanten, (siehe letztes Photo)<\/p>\n<p>mehr \u00fcber den Moissanit, siehe Wikipedia<\/p>\n<p>gestempelt: 925, Mond und Krone<\/p>\n<p>in einem guten sch\u00f6nen Erhaltungszustand,<\/p>\n<p>Ringgr\u00f6\u00dfe: 60 (19,1 mm \u00d8)<br \/>\nDurchmesser des Moissanits: 2,6 cm (ca. 66 ct)<br \/>\nL\u00e4nge des Ringkopfs: 5,6 cm<br \/>\nBreite des Ringkopfs: 4,3<br \/>\nH\u00f6he des Ringkopfs: 2,4 cm<br \/>\nGesamth\u00f6he des Rings incl. Ringschiene: 4,1<br \/>\nBreite der Ringgschiene: ca. 1,1 cm<\/p>\n<p>Gesamtgewicht des Rings: 55,3 g<\/p>\n","protected":false},"featured_media":84917,"template":"","meta":{"site-sidebar-layout":"default","site-content-layout":"default","ast-site-content-layout":"","site-content-style":"default","site-sidebar-style":"default","ast-global-header-display":"","ast-banner-title-visibility":"","ast-main-header-display":"","ast-hfb-above-header-display":"","ast-hfb-below-header-display":"","ast-hfb-mobile-header-display":"","site-post-title":"","ast-breadcrumbs-content":"","ast-featured-img":"","footer-sml-layout":"","theme-transparent-header-meta":"default","adv-header-id-meta":"","stick-header-meta":"","header-above-stick-meta":"","header-main-stick-meta":"","header-below-stick-meta":"","astra-migrate-meta-layouts":"default","ast-page-background-enabled":"default","ast-page-background-meta":{"desktop":{"background-color":"","background-image":"","background-repeat":"repeat","background-position":"center center","background-size":"auto","background-attachment":"scroll","background-type":"","background-media":"","overlay-type":"","overlay-color":"","overlay-opacity":"","overlay-gradient":""},"tablet":{"background-color":"","background-image":"","background-repeat":"repeat","background-position":"center center","background-size":"auto","background-attachment":"scroll","background-type":"","background-media":"","overlay-type":"","overlay-color":"","overlay-opacity":"","overlay-gradient":""},"mobile":{"background-color":"","background-image":"","background-repeat":"repeat","background-position":"center center","background-size":"auto","background-attachment":"scroll","background-type":"","background-media":"","overlay-type":"","overlay-color":"","overlay-opacity":"","overlay-gradient":""}},"ast-content-background-meta":{"desktop":{"background-color":"var(--ast-global-color-5)","background-image":"","background-repeat":"repeat","background-position":"center center","background-size":"auto","background-attachment":"scroll","background-type":"","background-media":"","overlay-type":"","overlay-color":"","overlay-opacity":"","overlay-gradient":""},"tablet":{"background-color":"var(--ast-global-color-5)","background-image":"","background-repeat":"repeat","background-position":"center center","background-size":"auto","background-attachment":"scroll","background-type":"","background-media":"","overlay-type":"","overlay-color":"","overlay-opacity":"","overlay-gradient":""},"mobile":{"background-color":"var(--ast-global-color-5)","background-image":"","background-repeat":"repeat","background-position":"center center","background-size":"auto","background-attachment":"scroll","background-type":"","background-media":"","overlay-type":"","overlay-color":"","overlay-opacity":"","overlay-gradient":""}}},"product_brand":[],"product_cat":[5078,3572,4365,5816,4322,3579,4325,4321],"product_tag":[4064,5817,5818,3655,4063,3641,3342,4539],"class_list":{"0":"post-84911","1":"product","2":"type-product","3":"status-publish","4":"has-post-thumbnail","6":"product_cat-metall-2","7":"product_cat-juwelen","8":"product_cat-modernist","9":"product_cat-moissanit","10":"product_cat-periode","11":"product_cat-ringe","12":"product_cat-silber","13":"product_cat-steine","14":"product_tag-black","15":"product_tag-moissanit","16":"product_tag-moissanite","17":"product_tag-ring","18":"product_tag-schwarz","19":"product_tag-silber","20":"product_tag-silver","21":"product_tag-xxl","22":"desktop-align-left","23":"tablet-align-left","24":"mobile-align-left","26":"first","27":"instock","28":"sold-individually","29":"shipping-taxable","30":"purchasable","31":"product-type-simple"},"_links":{"self":[{"href":"https:\/\/www.multimedium.eu\/index.php?rest_route=\/wp\/v2\/product\/84911","targetHints":{"allow":["GET"]}}],"collection":[{"href":"https:\/\/www.multimedium.eu\/index.php?rest_route=\/wp\/v2\/product"}],"about":[{"href":"https:\/\/www.multimedium.eu\/index.php?rest_route=\/wp\/v2\/types\/product"}],"version-history":[{"count":1,"href":"https:\/\/www.multimedium.eu\/index.php?rest_route=\/wp\/v2\/product\/84911\/revisions"}],"predecessor-version":[{"id":84919,"href":"https:\/\/www.multimedium.eu\/index.php?rest_route=\/wp\/v2\/product\/84911\/revisions\/84919"}],"wp:featuredmedia":[{"embeddable":true,"href":"https:\/\/www.multimedium.eu\/index.php?rest_route=\/wp\/v2\/media\/84917"}],"wp:attachment":[{"href":"https:\/\/www.multimedium.eu\/index.php?rest_route=%2Fwp%2Fv2%2Fmedia&parent=84911"}],"wp:term":[{"taxonomy":"product_brand","embeddable":true,"href":"https:\/\/www.multimedium.eu\/index.php?rest_route=%2Fwp%2Fv2%2Fproduct_brand&post=84911"},{"taxonomy":"product_cat","embeddable":true,"href":"https:\/\/www.multimedium.eu\/index.php?rest_route=%2Fwp%2Fv2%2Fproduct_cat&post=84911"},{"taxonomy":"product_tag","embeddable":true,"href":"https:\/\/www.multimedium.eu\/index.php?rest_route=%2Fwp%2Fv2%2Fproduct_tag&post=84911"}],"curies":[{"name":"wp","href":"https:\/\/api.w.org\/{rel}","templated":true}]}}