{"id":84933,"date":"2022-05-10T13:57:42","date_gmt":"2022-05-10T11:57:42","guid":{"rendered":"https:\/\/www.multimedium.eu\/?post_type=product&#038;p=84933"},"modified":"2025-03-13T09:27:50","modified_gmt":"2025-03-13T08:27:50","slug":"evald-nielsen-jugendstil-silber-bernstein-brosche-silver-amber-brooch","status":"publish","type":"product","link":"https:\/\/www.multimedium.eu\/?product=evald-nielsen-jugendstil-silber-bernstein-brosche-silver-amber-brooch","title":{"rendered":"Evald Nielsen Jugendstil Silber Bernstein Brosche silver amber brooch"},"content":{"rendered":"<h6>Evald Nielsen Art Nouveau Silver Amber Brooch<\/h6>\n<p>Magnificent, particularly large, early antique Evald Nielsen Art Nouveau silver brooch,<br \/>\nworked for SL Jacobsen c.1910<br \/>\nmade of 830 silver,<br \/>\nopen worked, hollow,<br \/>\nbeautifully plastically worked out foliage,<br \/>\nwith 2 square amber cabochons,<br \/>\ncolored amber lighter (probably exchanged) and<br \/>\n2 yellow butterscotch amber cabochons,<br \/>\nthe middle part is set with 2 agate stones,<br \/>\nthe lower part with a hanging decorated butterscotch amber bead<br \/>\nMarked: 830 S, and makers mark of SL Jacobsen<\/p>\n<p>age related with signs of wear,<br \/>\nelse in good condition<\/p>\n<p>Height of the brooch (fancy imposing size): 4,17&#8243; (10.6 cm)<br \/>\nWidth of the brooch: 2,44&#8243; (6.2 cm)<\/p>\n","protected":false},"excerpt":{"rendered":"<h6>Evald Nielsen Jugendstil Silber Bernstein Brosche silver amber brooch<\/h6>\n<p>Prachtvolle besonders gro\u00dfe, fr\u00fche antike Evald Nielsen Jugendstil Silber Brosche,<br \/>\ngearbeitet f\u00fcr SL Jacobsen ca. um 1910<br \/>\nin 830er Silber gefertigt,<br \/>\ndurchbrochen gearbeitet, hohl verb\u00f6det,<br \/>\nsch\u00f6n plastisch gegengleich ausgearbeitetes Blattwerk,<br \/>\nmit 2 quadratsch angeordneten Bernstein Cabochons,<br \/>\nfarblich ein Bernstein heller (vermutlich ausgetauscht) und<br \/>\n2 gelben Butterscotch Bernstein Cabochons,<br \/>\nder mittlere Teil ist mit 2 Achat Steinen gefasst,<br \/>\nder untere Teil mit einh\u00e4ngender verzierter Butterscotch Bernsteinperle<br \/>\ngestempelt: 830 S, und Werkstattpunze von SL Jacobsen<\/p>\n<p>mit altersbedingten Gebrauchsspuren,<br \/>\nsonst in einem guten Erhaltungszustand<\/p>\n<p>H\u00f6he der Brosche (ausgefallene imposante Gr\u00f6\u00dfe): 10,6 cm<br \/>\nBreite der Brosche: 6,2 cm<\/p>\n","protected":false},"featured_media":84935,"template":"","meta":{"site-sidebar-layout":"default","site-content-layout":"default","ast-site-content-layout":"","site-content-style":"default","site-sidebar-style":"default","ast-global-header-display":"","ast-banner-title-visibility":"","ast-main-header-display":"","ast-hfb-above-header-display":"","ast-hfb-below-header-display":"","ast-hfb-mobile-header-display":"","site-post-title":"","ast-breadcrumbs-content":"","ast-featured-img":"","footer-sml-layout":"","theme-transparent-header-meta":"default","adv-header-id-meta":"","stick-header-meta":"","header-above-stick-meta":"","header-main-stick-meta":"","header-below-stick-meta":"","astra-migrate-meta-layouts":"default","ast-page-background-enabled":"default","ast-page-background-meta":{"desktop":{"background-color":"","background-image":"","background-repeat":"repeat","background-position":"center center","background-size":"auto","background-attachment":"scroll","background-type":"","background-media":"","overlay-type":"","overlay-color":"","overlay-opacity":"","overlay-gradient":""},"tablet":{"background-color":"","background-image":"","background-repeat":"repeat","background-position":"center center","background-size":"auto","background-attachment":"scroll","background-type":"","background-media":"","overlay-type":"","overlay-color":"","overlay-opacity":"","overlay-gradient":""},"mobile":{"background-color":"","background-image":"","background-repeat":"repeat","background-position":"center center","background-size":"auto","background-attachment":"scroll","background-type":"","background-media":"","overlay-type":"","overlay-color":"","overlay-opacity":"","overlay-gradient":""}},"ast-content-background-meta":{"desktop":{"background-color":"var(--ast-global-color-5)","background-image":"","background-repeat":"repeat","background-position":"center center","background-size":"auto","background-attachment":"scroll","background-type":"","background-media":"","overlay-type":"","overlay-color":"","overlay-opacity":"","overlay-gradient":""},"tablet":{"background-color":"var(--ast-global-color-5)","background-image":"","background-repeat":"repeat","background-position":"center center","background-size":"auto","background-attachment":"scroll","background-type":"","background-media":"","overlay-type":"","overlay-color":"","overlay-opacity":"","overlay-gradient":""},"mobile":{"background-color":"var(--ast-global-color-5)","background-image":"","background-repeat":"repeat","background-position":"center center","background-size":"auto","background-attachment":"scroll","background-type":"","background-media":"","overlay-type":"","overlay-color":"","overlay-opacity":"","overlay-gradient":""}}},"product_brand":[],"product_cat":[5078,3563,3580,3559,3572,4322,4325,4321],"product_tag":[3732,3700,3731,3636,4036,5081,5780,3698,3641,3342,5781],"class_list":{"0":"post-84933","1":"product","2":"type-product","3":"status-publish","4":"has-post-thumbnail","6":"product_cat-metall-2","7":"product_cat-bernstein","8":"product_cat-broschen","9":"product_cat-jugendstil","10":"product_cat-juwelen","11":"product_cat-periode","12":"product_cat-silber","13":"product_cat-steine","14":"product_tag-amber","15":"product_tag-art-nouveau","16":"product_tag-bernstein","17":"product_tag-brosche","18":"product_tag-butterscotch","19":"product_tag-cabochons","20":"product_tag-evald-nielsen","21":"product_tag-jugendstil","22":"product_tag-silber","23":"product_tag-silver","24":"product_tag-sl-jacobsen","25":"desktop-align-left","26":"tablet-align-left","27":"mobile-align-left","29":"first","30":"instock","31":"sold-individually","32":"shipping-taxable","33":"purchasable","34":"product-type-simple"},"_links":{"self":[{"href":"https:\/\/www.multimedium.eu\/index.php?rest_route=\/wp\/v2\/product\/84933","targetHints":{"allow":["GET"]}}],"collection":[{"href":"https:\/\/www.multimedium.eu\/index.php?rest_route=\/wp\/v2\/product"}],"about":[{"href":"https:\/\/www.multimedium.eu\/index.php?rest_route=\/wp\/v2\/types\/product"}],"version-history":[{"count":4,"href":"https:\/\/www.multimedium.eu\/index.php?rest_route=\/wp\/v2\/product\/84933\/revisions"}],"predecessor-version":[{"id":84943,"href":"https:\/\/www.multimedium.eu\/index.php?rest_route=\/wp\/v2\/product\/84933\/revisions\/84943"}],"wp:featuredmedia":[{"embeddable":true,"href":"https:\/\/www.multimedium.eu\/index.php?rest_route=\/wp\/v2\/media\/84935"}],"wp:attachment":[{"href":"https:\/\/www.multimedium.eu\/index.php?rest_route=%2Fwp%2Fv2%2Fmedia&parent=84933"}],"wp:term":[{"taxonomy":"product_brand","embeddable":true,"href":"https:\/\/www.multimedium.eu\/index.php?rest_route=%2Fwp%2Fv2%2Fproduct_brand&post=84933"},{"taxonomy":"product_cat","embeddable":true,"href":"https:\/\/www.multimedium.eu\/index.php?rest_route=%2Fwp%2Fv2%2Fproduct_cat&post=84933"},{"taxonomy":"product_tag","embeddable":true,"href":"https:\/\/www.multimedium.eu\/index.php?rest_route=%2Fwp%2Fv2%2Fproduct_tag&post=84933"}],"curies":[{"name":"wp","href":"https:\/\/api.w.org\/{rel}","templated":true}]}}