{"id":84955,"date":"2022-05-16T12:09:24","date_gmt":"2022-05-16T10:09:24","guid":{"rendered":"https:\/\/www.multimedium.eu\/?post_type=product&#038;p=84955"},"modified":"2025-03-13T09:27:50","modified_gmt":"2025-03-13T08:27:50","slug":"vintage-murano-glas-kette-halskette-50er-60er-rot-necklace-millefiori","status":"publish","type":"product","link":"https:\/\/www.multimedium.eu\/?product=vintage-murano-glas-kette-halskette-50er-60er-rot-necklace-millefiori","title":{"rendered":"Vintage Murano Glas Kette Halskette 50er 60er Rot necklace millefiori"},"content":{"rendered":"<h6>Vintage Murano glass necklace 50s 60s red millefiori<\/h6>\n<p>Beautiful rare decorative vintage Murano millefiori glass necklace<br \/>\nfrom the 50&#8217;s 60&#8217;s<br \/>\nwith beautiful colorful glass beads with glass inclusions,<br \/>\nmade by hand, in a beautiful color scheme,<br \/>\ncollector&#8217;s item, newly strung on strong silk cord,<br \/>\nwith silver caps and silver spring ring clasp<br \/>\nSpring ring stamped: 925<br \/>\nin a good beautiful condition<\/p>\n<p>Length : 21,65&#8243; (55 cm)<br \/>\nMeasurement of the largest bead (in the middle): approx. 0,7&#8243; (1.8 cm)<\/p>\n","protected":false},"excerpt":{"rendered":"<h6>Vintage Murano Glas Kette Halskette 50er 60er Rot necklace millefiori<\/h6>\n<p>Wundersch\u00f6ne seltene dekorative vintage Murano Millefiori Glas Halskette<br \/>\naus den 50er 60er Jahren<br \/>\nmit sch\u00f6nen bunten Glasperlen mit Glaseinschmelzungen,<br \/>\nin Handarbeit gefertigt, in einer sch\u00f6nen Farbgebung,<br \/>\nSammlerst\u00fcck, neu auf Perlseide aufgezogen,<br \/>\nmit Silber Kapseln und Silber Federringverschlu\u00df<br \/>\nFederring gestempelt: 925<br \/>\nin einem guten sch\u00f6nen Erhaltungszustand<\/p>\n<p>L\u00e4nge : 55 cm<br \/>\nMa\u00df der gr\u00f6\u00dften Kugel (in der Mitte): ca. 1,8 cm<\/p>\n","protected":false},"featured_media":84956,"template":"","meta":{"site-sidebar-layout":"default","site-content-layout":"default","ast-site-content-layout":"default","site-content-style":"default","site-sidebar-style":"default","ast-global-header-display":"","ast-banner-title-visibility":"","ast-main-header-display":"","ast-hfb-above-header-display":"","ast-hfb-below-header-display":"","ast-hfb-mobile-header-display":"","site-post-title":"","ast-breadcrumbs-content":"","ast-featured-img":"","footer-sml-layout":"","theme-transparent-header-meta":"default","adv-header-id-meta":"","stick-header-meta":"","header-above-stick-meta":"","header-main-stick-meta":"","header-below-stick-meta":"","astra-migrate-meta-layouts":"set","ast-page-background-enabled":"default","ast-page-background-meta":{"desktop":{"background-color":"","background-image":"","background-repeat":"repeat","background-position":"center center","background-size":"auto","background-attachment":"scroll","background-type":"","background-media":"","overlay-type":"","overlay-color":"","overlay-opacity":"","overlay-gradient":""},"tablet":{"background-color":"","background-image":"","background-repeat":"repeat","background-position":"center center","background-size":"auto","background-attachment":"scroll","background-type":"","background-media":"","overlay-type":"","overlay-color":"","overlay-opacity":"","overlay-gradient":""},"mobile":{"background-color":"","background-image":"","background-repeat":"repeat","background-position":"center center","background-size":"auto","background-attachment":"scroll","background-type":"","background-media":"","overlay-type":"","overlay-color":"","overlay-opacity":"","overlay-gradient":""}},"ast-content-background-meta":{"desktop":{"background-color":"var(--ast-global-color-5)","background-image":"","background-repeat":"repeat","background-position":"center center","background-size":"auto","background-attachment":"scroll","background-type":"","background-media":"","overlay-type":"","overlay-color":"","overlay-opacity":"","overlay-gradient":""},"tablet":{"background-color":"var(--ast-global-color-5)","background-image":"","background-repeat":"repeat","background-position":"center center","background-size":"auto","background-attachment":"scroll","background-type":"","background-media":"","overlay-type":"","overlay-color":"","overlay-opacity":"","overlay-gradient":""},"mobile":{"background-color":"var(--ast-global-color-5)","background-image":"","background-repeat":"repeat","background-position":"center center","background-size":"auto","background-attachment":"scroll","background-type":"","background-media":"","overlay-type":"","overlay-color":"","overlay-opacity":"","overlay-gradient":""}}},"product_brand":[],"product_cat":[5078,3561,5075,3572,3582,4858,4322,4325,4321],"product_tag":[4490,4570,9068,5634,9070,3649,3760,3972,3761,9072,3650,4084,9046,9047,4536,9054,9056,9071,9052,9053,8984,9055,9067,9069,9065,9049,9051,9050,9048,3652,9066,4043,3907,3641,3342,3993],"class_list":{"0":"post-84955","1":"product","2":"type-product","3":"status-publish","4":"has-post-thumbnail","6":"product_cat-metall-2","7":"product_cat-design-nach-1945","8":"product_cat-glas-materialien","9":"product_cat-juwelen","10":"product_cat-ketten-colliers","11":"product_cat-millefiori","12":"product_cat-periode","13":"product_cat-silber","14":"product_cat-steine","15":"product_tag-50er-jahre","16":"product_tag-60er-jahre","17":"product_tag-beaded-glass-jewelry-blown-in-venice-by-murano","18":"product_tag-beads","19":"product_tag-bijoux-handmade-in-italy","20":"product_tag-collier","21":"product_tag-glas","22":"product_tag-glasperlen","23":"product_tag-glass","24":"product_tag-glass-of-venice-murano-mosaic-necklace","25":"product_tag-halskette","26":"product_tag-millefiori","27":"product_tag-millefiori-halskette","28":"product_tag-millefiori-necklace","29":"product_tag-murano","30":"product_tag-murano-beads","31":"product_tag-murano-glas","32":"product_tag-murano-glas-ketten-aus-italien","33":"product_tag-murano-glasperlen","34":"product_tag-murano-glasperlen-halskette","35":"product_tag-murano-glass","36":"product_tag-murano-glass-beads","37":"product_tag-murano-glass-jewellery","38":"product_tag-murano-glass-jewelry","39":"product_tag-murano-glass-necklaces","40":"product_tag-murano-halskette","41":"product_tag-murano-millefiori-halskette","42":"product_tag-murano-millefiori-necklace","43":"product_tag-murano-necklace","44":"product_tag-necklace","45":"product_tag-necklaces-in-original-murano-glass-with-venetian-beads","46":"product_tag-red","47":"product_tag-rot","48":"product_tag-silber","49":"product_tag-silver","50":"product_tag-vintage","51":"desktop-align-left","52":"tablet-align-left","53":"mobile-align-left","55":"first","56":"instock","57":"sold-individually","58":"shipping-taxable","59":"purchasable","60":"product-type-simple"},"_links":{"self":[{"href":"https:\/\/www.multimedium.eu\/index.php?rest_route=\/wp\/v2\/product\/84955","targetHints":{"allow":["GET"]}}],"collection":[{"href":"https:\/\/www.multimedium.eu\/index.php?rest_route=\/wp\/v2\/product"}],"about":[{"href":"https:\/\/www.multimedium.eu\/index.php?rest_route=\/wp\/v2\/types\/product"}],"version-history":[{"count":6,"href":"https:\/\/www.multimedium.eu\/index.php?rest_route=\/wp\/v2\/product\/84955\/revisions"}],"predecessor-version":[{"id":84965,"href":"https:\/\/www.multimedium.eu\/index.php?rest_route=\/wp\/v2\/product\/84955\/revisions\/84965"}],"wp:featuredmedia":[{"embeddable":true,"href":"https:\/\/www.multimedium.eu\/index.php?rest_route=\/wp\/v2\/media\/84956"}],"wp:attachment":[{"href":"https:\/\/www.multimedium.eu\/index.php?rest_route=%2Fwp%2Fv2%2Fmedia&parent=84955"}],"wp:term":[{"taxonomy":"product_brand","embeddable":true,"href":"https:\/\/www.multimedium.eu\/index.php?rest_route=%2Fwp%2Fv2%2Fproduct_brand&post=84955"},{"taxonomy":"product_cat","embeddable":true,"href":"https:\/\/www.multimedium.eu\/index.php?rest_route=%2Fwp%2Fv2%2Fproduct_cat&post=84955"},{"taxonomy":"product_tag","embeddable":true,"href":"https:\/\/www.multimedium.eu\/index.php?rest_route=%2Fwp%2Fv2%2Fproduct_tag&post=84955"}],"curies":[{"name":"wp","href":"https:\/\/api.w.org\/{rel}","templated":true}]}}