{"id":84985,"date":"2022-05-17T12:41:10","date_gmt":"2022-05-17T10:41:10","guid":{"rendered":"https:\/\/www.multimedium.eu\/?post_type=product&#038;p=84985"},"modified":"2025-03-13T09:27:50","modified_gmt":"2025-03-13T08:27:50","slug":"escorcia-matl-poulat-style-silber-anhaenger-brosche-tuerkis-paste-silver-pendant-brooch-turquoise","status":"publish","type":"product","link":"https:\/\/www.multimedium.eu\/?product=escorcia-matl-poulat-style-silber-anhaenger-brosche-tuerkis-paste-silver-pendant-brooch-turquoise","title":{"rendered":"Escorcia Matl Poulat Style Silber Anh\u00e4nger Brosche T\u00fcrkis Paste silver pendant brooch turquoise"},"content":{"rendered":"<h6>Escorcia Matl Poulat Style Silver Pendant Brooch Turquoise Paste<\/h6>\n<p>Magnificent large very decorative vintage silver turquoise paste pendant or brooch<br \/>\nhandcrafted by Escorcia in Matl style,<br \/>\nopen worked with spiral ornamentation,<br \/>\nwith turquoise paste and coral paste cabochons and<br \/>\nAmethysts in pyramid shape and centered with a larger cut amethyst<br \/>\nleft and right each with a bird, chased,<br \/>\nhanging piece of jewelry movable,<br \/>\nwith 5 hanging drop-shaped pendants,<br \/>\nalso set with turquoise paste<br \/>\nMarked: Escorcia .950 EX TP .120<\/p>\n<p>2 turquoise paste cabochons are missing,<br \/>\notherwise in good, beautiful condition, cleaned<\/p>\n<p>Height of one earring: ca. 9.3 cm<br \/>\nWidth of one earring: approx. 8.74 cm<\/p>\n","protected":false},"excerpt":{"rendered":"<p><strong>Escorcia Matl Poulat Style Silber Anh\u00e4nger Brosche T\u00fcrkis Paste silver pendant brooch turquoise<\/strong><\/p>\n<p>Prachtvolle gro\u00dfe sehr dekorative vintage\u00a0 Silber T\u00fcrkis Paste Anh\u00e4nger bzw. Brosche<br \/>\nin Handarbeit gefertigt von Escorcia im Matl Stil,<br \/>\ndurchbrochen gearbeitet mit spiralf\u00f6rmiger Ornamnetik,<br \/>\nmit T\u00fcrkis Paste und Korallen Paste Cabochons und<br \/>\nAmethysten in Pyamidenform und mittig mit einem gr\u00f6\u00dferen geschliffenen Amethysten<br \/>\nlinks und rechts je mit einem Vogel, ziseliert,<br \/>\neinh\u00e4ngendes Schmuckteil beweglich<br \/>\nmit 5 einh\u00e4ngenden tropfenf\u00f6rmigen Anh\u00e4ngern,<br \/>\nebenfalls mit T\u00fcrkis paste gefasst<br \/>\ngestempelt: Escorcia .950\u00a0 EX TP .120<\/p>\n<p>2 T\u00fcrkis Paste Cabochons fehlen,<br \/>\nsonst in einem guten sch\u00f6nen Erhaltungszustand, gereinigt<\/p>\n<p>H\u00f6he eines Ohrrings: ca. 9,3 cm<br \/>\nBreite eines Ohrrings:\u00a0 ca. 8,74 cm<\/p>\n","protected":false},"featured_media":84987,"template":"","meta":{"site-sidebar-layout":"default","site-content-layout":"default","ast-site-content-layout":"","site-content-style":"default","site-sidebar-style":"default","ast-global-header-display":"","ast-banner-title-visibility":"","ast-main-header-display":"","ast-hfb-above-header-display":"","ast-hfb-below-header-display":"","ast-hfb-mobile-header-display":"","site-post-title":"","ast-breadcrumbs-content":"","ast-featured-img":"","footer-sml-layout":"","theme-transparent-header-meta":"default","adv-header-id-meta":"","stick-header-meta":"","header-above-stick-meta":"","header-main-stick-meta":"","header-below-stick-meta":"","astra-migrate-meta-layouts":"default","ast-page-background-enabled":"default","ast-page-background-meta":{"desktop":{"background-color":"","background-image":"","background-repeat":"repeat","background-position":"center center","background-size":"auto","background-attachment":"scroll","background-type":"","background-media":"","overlay-type":"","overlay-color":"","overlay-opacity":"","overlay-gradient":""},"tablet":{"background-color":"","background-image":"","background-repeat":"repeat","background-position":"center center","background-size":"auto","background-attachment":"scroll","background-type":"","background-media":"","overlay-type":"","overlay-color":"","overlay-opacity":"","overlay-gradient":""},"mobile":{"background-color":"","background-image":"","background-repeat":"repeat","background-position":"center center","background-size":"auto","background-attachment":"scroll","background-type":"","background-media":"","overlay-type":"","overlay-color":"","overlay-opacity":"","overlay-gradient":""}},"ast-content-background-meta":{"desktop":{"background-color":"var(--ast-global-color-5)","background-image":"","background-repeat":"repeat","background-position":"center center","background-size":"auto","background-attachment":"scroll","background-type":"","background-media":"","overlay-type":"","overlay-color":"","overlay-opacity":"","overlay-gradient":""},"tablet":{"background-color":"var(--ast-global-color-5)","background-image":"","background-repeat":"repeat","background-position":"center center","background-size":"auto","background-attachment":"scroll","background-type":"","background-media":"","overlay-type":"","overlay-color":"","overlay-opacity":"","overlay-gradient":""},"mobile":{"background-color":"var(--ast-global-color-5)","background-image":"","background-repeat":"repeat","background-position":"center center","background-size":"auto","background-attachment":"scroll","background-type":"","background-media":"","overlay-type":"","overlay-color":"","overlay-opacity":"","overlay-gradient":""}}},"product_brand":[],"product_cat":[4761,3580,3561,3572,5078,4322,4325,4321,4149],"product_tag":[3651,3789,4013,5783,5782,3894,3897,3671,3641,3342,3832,3677,3993],"class_list":{"0":"post-84985","1":"product","2":"type-product","3":"status-publish","4":"has-post-thumbnail","6":"product_cat-amethyst","7":"product_cat-broschen","8":"product_cat-design-nach-1945","9":"product_cat-juwelen","10":"product_cat-metall-2","11":"product_cat-periode","12":"product_cat-silber","13":"product_cat-steine","14":"product_cat-tuerkis","15":"product_tag-amethyst","16":"product_tag-handarbeit","17":"product_tag-handwork","18":"product_tag-matilde-poulat","19":"product_tag-matl","20":"product_tag-mexico","21":"product_tag-mexiko","22":"product_tag-ohrringe","23":"product_tag-silber","24":"product_tag-silver","25":"product_tag-tuerkis","26":"product_tag-turquoise","27":"product_tag-vintage","28":"desktop-align-left","29":"tablet-align-left","30":"mobile-align-left","32":"first","33":"instock","34":"downloadable","35":"sold-individually","36":"shipping-taxable","37":"purchasable","38":"product-type-simple"},"_links":{"self":[{"href":"https:\/\/www.multimedium.eu\/index.php?rest_route=\/wp\/v2\/product\/84985","targetHints":{"allow":["GET"]}}],"collection":[{"href":"https:\/\/www.multimedium.eu\/index.php?rest_route=\/wp\/v2\/product"}],"about":[{"href":"https:\/\/www.multimedium.eu\/index.php?rest_route=\/wp\/v2\/types\/product"}],"version-history":[{"count":3,"href":"https:\/\/www.multimedium.eu\/index.php?rest_route=\/wp\/v2\/product\/84985\/revisions"}],"predecessor-version":[{"id":84994,"href":"https:\/\/www.multimedium.eu\/index.php?rest_route=\/wp\/v2\/product\/84985\/revisions\/84994"}],"wp:featuredmedia":[{"embeddable":true,"href":"https:\/\/www.multimedium.eu\/index.php?rest_route=\/wp\/v2\/media\/84987"}],"wp:attachment":[{"href":"https:\/\/www.multimedium.eu\/index.php?rest_route=%2Fwp%2Fv2%2Fmedia&parent=84985"}],"wp:term":[{"taxonomy":"product_brand","embeddable":true,"href":"https:\/\/www.multimedium.eu\/index.php?rest_route=%2Fwp%2Fv2%2Fproduct_brand&post=84985"},{"taxonomy":"product_cat","embeddable":true,"href":"https:\/\/www.multimedium.eu\/index.php?rest_route=%2Fwp%2Fv2%2Fproduct_cat&post=84985"},{"taxonomy":"product_tag","embeddable":true,"href":"https:\/\/www.multimedium.eu\/index.php?rest_route=%2Fwp%2Fv2%2Fproduct_tag&post=84985"}],"curies":[{"name":"wp","href":"https:\/\/api.w.org\/{rel}","templated":true}]}}