{"id":85134,"date":"2022-06-15T13:55:23","date_gmt":"2022-06-15T11:55:23","guid":{"rendered":"https:\/\/www.multimedium.eu\/?post_type=product&#038;p=85134"},"modified":"2025-03-13T09:27:48","modified_gmt":"2025-03-13T08:27:48","slug":"art-deco-elie-fabre-frankreich-silber-strass-armband-um-1920s","status":"publish","type":"product","link":"https:\/\/www.multimedium.eu\/?product=art-deco-elie-fabre-frankreich-silber-strass-armband-um-1920s","title":{"rendered":"Art Deco Elie Fabre Frankreich Silber Strass Armband um 1920s"},"content":{"rendered":"<h6>Art Deco Elie Fabre France Silver Rhinestone Bracelet circa 1920s<\/h6>\n<p>Beautiful decorative Art Deco silver paste bracelet,<br \/>\nhandmade c.1920s by Elie Fabre, France,<br \/>\nPaste stones cut, upper and lower frame chased<br \/>\nmarked: wild boar, French 800 silver mark for small objects<br \/>\nFrench makers mark: EV with Star, by Elie Fabre, France,<\/p>\n<p>generally good condition<\/p>\n<p>whole length: 6,9&#8243; (17,5 cm)<br \/>\nwidth: 1,2&#8243; (3,1 cm)<\/p>\n","protected":false},"excerpt":{"rendered":"<h6>Art Deco Elie Fabre Frankreich Silber Strass Armband um 1920s<\/h6>\n<p>Sch\u00f6nes dekoratives Art Deco Silber Armband mit Strass,<br \/>\nhandgefertigt um 1920 von Elie Fabre, Frankreich,<br \/>\nmit geschliffenen Strass-Steinen\u200b\u200b,<br \/>\noberer und unterer Rahmen ziseliert<br \/>\ngemarkt: Wildschweinkopf, franz\u00f6sischer 800er Silberstempel f\u00fcr kleine Gegenst\u00e4nde<br \/>\nFranz\u00f6sische Herstellermarke: in Rautenform, EV mit Stern, von Elie Fabre, Frankreich,<\/p>\n<p>allgemein in einem guten Erhaltungszustand<\/p>\n<p>Gesamtl\u00e4nge: 6,9&#8243; (17,5 cm)<br \/>\nBreite: 1,2&#8243; (3,1 cm)<\/p>\n","protected":false},"featured_media":85137,"template":"","meta":{"site-sidebar-layout":"default","site-content-layout":"default","ast-site-content-layout":"default","site-content-style":"default","site-sidebar-style":"default","ast-global-header-display":"","ast-banner-title-visibility":"","ast-main-header-display":"","ast-hfb-above-header-display":"","ast-hfb-below-header-display":"","ast-hfb-mobile-header-display":"","site-post-title":"","ast-breadcrumbs-content":"","ast-featured-img":"","footer-sml-layout":"","theme-transparent-header-meta":"default","adv-header-id-meta":"","stick-header-meta":"","header-above-stick-meta":"","header-main-stick-meta":"","header-below-stick-meta":"","astra-migrate-meta-layouts":"set","ast-page-background-enabled":"default","ast-page-background-meta":{"desktop":{"background-color":"","background-image":"","background-repeat":"repeat","background-position":"center center","background-size":"auto","background-attachment":"scroll","background-type":"","background-media":"","overlay-type":"","overlay-color":"","overlay-opacity":"","overlay-gradient":""},"tablet":{"background-color":"","background-image":"","background-repeat":"repeat","background-position":"center center","background-size":"auto","background-attachment":"scroll","background-type":"","background-media":"","overlay-type":"","overlay-color":"","overlay-opacity":"","overlay-gradient":""},"mobile":{"background-color":"","background-image":"","background-repeat":"repeat","background-position":"center center","background-size":"auto","background-attachment":"scroll","background-type":"","background-media":"","overlay-type":"","overlay-color":"","overlay-opacity":"","overlay-gradient":""}},"ast-content-background-meta":{"desktop":{"background-color":"var(--ast-global-color-5)","background-image":"","background-repeat":"repeat","background-position":"center center","background-size":"auto","background-attachment":"scroll","background-type":"","background-media":"","overlay-type":"","overlay-color":"","overlay-opacity":"","overlay-gradient":""},"tablet":{"background-color":"var(--ast-global-color-5)","background-image":"","background-repeat":"repeat","background-position":"center center","background-size":"auto","background-attachment":"scroll","background-type":"","background-media":"","overlay-type":"","overlay-color":"","overlay-opacity":"","overlay-gradient":""},"mobile":{"background-color":"var(--ast-global-color-5)","background-image":"","background-repeat":"repeat","background-position":"center center","background-size":"auto","background-attachment":"scroll","background-type":"","background-media":"","overlay-type":"","overlay-color":"","overlay-opacity":"","overlay-gradient":""}}},"product_brand":[],"product_cat":[5078,3581,3806,5075,3572,4322,4325,4321,4855],"product_tag":[3661,3716,3663,5797,3856,3855,3821,3641,3342,3820],"class_list":{"0":"post-85134","1":"product","2":"type-product","3":"status-publish","4":"has-post-thumbnail","6":"product_cat-metall-2","7":"product_cat-armbaender-armreif","8":"product_cat-art-deco","9":"product_cat-glas-materialien","10":"product_cat-juwelen","11":"product_cat-periode","12":"product_cat-silber","13":"product_cat-steine","14":"product_cat-strass","15":"product_tag-armband","16":"product_tag-art-deco","17":"product_tag-bracelet","18":"product_tag-elie-fabre","19":"product_tag-france","20":"product_tag-frankreich","21":"product_tag-paste","22":"product_tag-silber","23":"product_tag-silver","24":"product_tag-strass","25":"desktop-align-left","26":"tablet-align-left","27":"mobile-align-left","29":"first","30":"instock","31":"downloadable","32":"sold-individually","33":"shipping-taxable","34":"purchasable","35":"product-type-simple"},"_links":{"self":[{"href":"https:\/\/www.multimedium.eu\/index.php?rest_route=\/wp\/v2\/product\/85134","targetHints":{"allow":["GET"]}}],"collection":[{"href":"https:\/\/www.multimedium.eu\/index.php?rest_route=\/wp\/v2\/product"}],"about":[{"href":"https:\/\/www.multimedium.eu\/index.php?rest_route=\/wp\/v2\/types\/product"}],"version-history":[{"count":3,"href":"https:\/\/www.multimedium.eu\/index.php?rest_route=\/wp\/v2\/product\/85134\/revisions"}],"predecessor-version":[{"id":91765,"href":"https:\/\/www.multimedium.eu\/index.php?rest_route=\/wp\/v2\/product\/85134\/revisions\/91765"}],"wp:featuredmedia":[{"embeddable":true,"href":"https:\/\/www.multimedium.eu\/index.php?rest_route=\/wp\/v2\/media\/85137"}],"wp:attachment":[{"href":"https:\/\/www.multimedium.eu\/index.php?rest_route=%2Fwp%2Fv2%2Fmedia&parent=85134"}],"wp:term":[{"taxonomy":"product_brand","embeddable":true,"href":"https:\/\/www.multimedium.eu\/index.php?rest_route=%2Fwp%2Fv2%2Fproduct_brand&post=85134"},{"taxonomy":"product_cat","embeddable":true,"href":"https:\/\/www.multimedium.eu\/index.php?rest_route=%2Fwp%2Fv2%2Fproduct_cat&post=85134"},{"taxonomy":"product_tag","embeddable":true,"href":"https:\/\/www.multimedium.eu\/index.php?rest_route=%2Fwp%2Fv2%2Fproduct_tag&post=85134"}],"curies":[{"name":"wp","href":"https:\/\/api.w.org\/{rel}","templated":true}]}}