{"id":85149,"date":"2022-06-20T14:33:06","date_gmt":"2022-06-20T12:33:06","guid":{"rendered":"https:\/\/www.multimedium.eu\/?post_type=product&#038;p=85149"},"modified":"2025-03-13T09:27:47","modified_gmt":"2025-03-13T08:27:47","slug":"walter-roensch-art-deco-silber-anhaenger-silberdraht-30er-jahre-handarbeit","status":"publish","type":"product","link":"https:\/\/www.multimedium.eu\/?product=walter-roensch-art-deco-silber-anhaenger-silberdraht-30er-jahre-handarbeit","title":{"rendered":"Walter R\u00f6nsch Art Deco Silber Anh\u00e4nger Silberdraht 30er Jahre Handarbeit"},"content":{"rendered":"","protected":false},"excerpt":{"rendered":"<h6>Walter R\u00f6nsch Art Deco Silber Anh\u00e4nger Silberdraht 30er Jahre Handarbeit<\/h6>\n<p>Sch\u00f6ner dekorativer Silber Anh\u00e4nger aus den 30er Jahren<br \/>\nHandarbeit aus Silberdraht von Walter R\u00f6nsch, Elbenau (Oberlausitz)<br \/>\nin Form einer Blume mit integrierter Silberkette,<br \/>\ngestempelt: WR 800,<\/p>\n<p>in einem guten sch\u00f6nen Erhaltungszustand<\/p>\n<p>Durchmesser des Anh\u00e4ngers: ca. 4,8 cm<br \/>\nL\u00e4nge der Kette: 44 cm<\/p>\n<p>Lit: Deutsche Warenkunde 1940 S. 1227<br \/>\nChristane Weber : Schmuck der 20er und 30er Jahre in Deutschland S. 291<\/p>\n","protected":false},"featured_media":85152,"template":"","meta":{"site-sidebar-layout":"default","site-content-layout":"default","ast-site-content-layout":"","site-content-style":"default","site-sidebar-style":"default","ast-global-header-display":"","ast-banner-title-visibility":"","ast-main-header-display":"","ast-hfb-above-header-display":"","ast-hfb-below-header-display":"","ast-hfb-mobile-header-display":"","site-post-title":"","ast-breadcrumbs-content":"","ast-featured-img":"","footer-sml-layout":"","theme-transparent-header-meta":"default","adv-header-id-meta":"","stick-header-meta":"","header-above-stick-meta":"","header-main-stick-meta":"","header-below-stick-meta":"","astra-migrate-meta-layouts":"default","ast-page-background-enabled":"default","ast-page-background-meta":{"desktop":{"background-color":"","background-image":"","background-repeat":"repeat","background-position":"center center","background-size":"auto","background-attachment":"scroll","background-type":"","background-media":"","overlay-type":"","overlay-color":"","overlay-opacity":"","overlay-gradient":""},"tablet":{"background-color":"","background-image":"","background-repeat":"repeat","background-position":"center center","background-size":"auto","background-attachment":"scroll","background-type":"","background-media":"","overlay-type":"","overlay-color":"","overlay-opacity":"","overlay-gradient":""},"mobile":{"background-color":"","background-image":"","background-repeat":"repeat","background-position":"center center","background-size":"auto","background-attachment":"scroll","background-type":"","background-media":"","overlay-type":"","overlay-color":"","overlay-opacity":"","overlay-gradient":""}},"ast-content-background-meta":{"desktop":{"background-color":"var(--ast-global-color-5)","background-image":"","background-repeat":"repeat","background-position":"center center","background-size":"auto","background-attachment":"scroll","background-type":"","background-media":"","overlay-type":"","overlay-color":"","overlay-opacity":"","overlay-gradient":""},"tablet":{"background-color":"var(--ast-global-color-5)","background-image":"","background-repeat":"repeat","background-position":"center center","background-size":"auto","background-attachment":"scroll","background-type":"","background-media":"","overlay-type":"","overlay-color":"","overlay-opacity":"","overlay-gradient":""},"mobile":{"background-color":"var(--ast-global-color-5)","background-image":"","background-repeat":"repeat","background-position":"center center","background-size":"auto","background-attachment":"scroll","background-type":"","background-media":"","overlay-type":"","overlay-color":"","overlay-opacity":"","overlay-gradient":""}}},"product_brand":[],"product_cat":[5078,4450,3806,3572,3582,5645,4322,4325],"product_tag":[4565,3647,3716,3678,5799,5800,3789,3341,3641,5191,3342,5798],"class_list":{"0":"post-85149","1":"product","2":"type-product","3":"status-publish","4":"has-post-thumbnail","6":"product_cat-metall-2","7":"product_cat-anhaenger","8":"product_cat-art-deco","9":"product_cat-juwelen","10":"product_cat-ketten-colliers","11":"product_cat-ohne-steine","12":"product_cat-periode","13":"product_cat-silber","14":"product_tag-30er-jahre","15":"product_tag-anhaenger","16":"product_tag-art-deco","17":"product_tag-blume","18":"product_tag-fliwer","19":"product_tag-hand-made","20":"product_tag-handarbeit","21":"product_tag-pendant","22":"product_tag-silber","23":"product_tag-silberdraht","24":"product_tag-silver","25":"product_tag-walter-roensch","26":"desktop-align-left","27":"tablet-align-left","28":"mobile-align-left","30":"first","31":"instock","32":"sold-individually","33":"shipping-taxable","34":"purchasable","35":"product-type-simple"},"_links":{"self":[{"href":"https:\/\/www.multimedium.eu\/index.php?rest_route=\/wp\/v2\/product\/85149","targetHints":{"allow":["GET"]}}],"collection":[{"href":"https:\/\/www.multimedium.eu\/index.php?rest_route=\/wp\/v2\/product"}],"about":[{"href":"https:\/\/www.multimedium.eu\/index.php?rest_route=\/wp\/v2\/types\/product"}],"version-history":[{"count":1,"href":"https:\/\/www.multimedium.eu\/index.php?rest_route=\/wp\/v2\/product\/85149\/revisions"}],"predecessor-version":[{"id":85158,"href":"https:\/\/www.multimedium.eu\/index.php?rest_route=\/wp\/v2\/product\/85149\/revisions\/85158"}],"wp:featuredmedia":[{"embeddable":true,"href":"https:\/\/www.multimedium.eu\/index.php?rest_route=\/wp\/v2\/media\/85152"}],"wp:attachment":[{"href":"https:\/\/www.multimedium.eu\/index.php?rest_route=%2Fwp%2Fv2%2Fmedia&parent=85149"}],"wp:term":[{"taxonomy":"product_brand","embeddable":true,"href":"https:\/\/www.multimedium.eu\/index.php?rest_route=%2Fwp%2Fv2%2Fproduct_brand&post=85149"},{"taxonomy":"product_cat","embeddable":true,"href":"https:\/\/www.multimedium.eu\/index.php?rest_route=%2Fwp%2Fv2%2Fproduct_cat&post=85149"},{"taxonomy":"product_tag","embeddable":true,"href":"https:\/\/www.multimedium.eu\/index.php?rest_route=%2Fwp%2Fv2%2Fproduct_tag&post=85149"}],"curies":[{"name":"wp","href":"https:\/\/api.w.org\/{rel}","templated":true}]}}