{"id":85188,"date":"2022-06-21T13:17:06","date_gmt":"2022-06-21T11:17:06","guid":{"rendered":"https:\/\/www.multimedium.eu\/?post_type=product&#038;p=85188"},"modified":"2025-03-13T09:27:45","modified_gmt":"2025-03-13T08:27:45","slug":"biedermeier-historismus-silber-medaillon-anhaenger-vergoldet-opal","status":"publish","type":"product","link":"https:\/\/www.multimedium.eu\/?product=biedermeier-historismus-silber-medaillon-anhaenger-vergoldet-opal","title":{"rendered":"Biedermeier Historismus Silber Medaillon Anh\u00e4nger vergoldet Opal"},"content":{"rendered":"<h6>Biedermeier historicism silver locket pendant gold-plated opal<\/h6>\n<p>Magnificent decorative historicism Biedermeier locket pendant c.1850<br \/>\ngilded in silver, front side with beautiful ornamentation<br \/>\nwith raised application<br \/>\nwith soldered beautiful ornamentation typical of the time<br \/>\nmounted with an opal in round shape<br \/>\nBack with door<br \/>\nInside with glass and frame, closes very well,<br \/>\nUnmarked, tested for a minimum of 800 silver<br \/>\nalso suitable for costumes, noble<\/p>\n<p>age related in a good, beautiful condition, including the gilding<\/p>\n<p>Height including firmly soldered small eyelet (without eyelet for hanging): 4.17 cm<br \/>\nTotal height including hanging loop: 1,97&#8243; (5 cm)<br \/>\nWidth: 1,18&#8243; (3 cm)<\/p>\n","protected":false},"excerpt":{"rendered":"<h6>Biedermeier Historismus Silber Medaillon Anh\u00e4nger vergoldet Opal<\/h6>\n<div class=\"description\">Prachtvoller dekorativer Historismus Biedermeier Medaillon-Anh\u00e4nger um ca. 1850<br \/>\nin Silber vergoldet, Vorderseite mit sch\u00f6ner Ornamentik<br \/>\nmit erhabener Applikation<br \/>\nmit aufgel\u00f6teter sch\u00f6ner zeittypischen Ornamentik<br \/>\nmit einem gefassten runden Opal<br \/>\nR\u00fcckseite mit T\u00fcrchen<br \/>\nInnen mit Glas und R\u00e4hmchen,<br \/>\nungestempelt, auf minimum 800 Silber gepr\u00fcft<br \/>\nauch f\u00fcr Tracht gut geeignet, edel<\/div>\n<div class=\"description\">altersgem\u00e4\u00df in einem guten sch\u00f6nen Erhaltungszustand, auch die Vergoldung<\/div>\n<div class=\"description\"><\/div>\n<div class=\"description\">H\u00f6he incl. fest verl\u00f6teter kleiner \u00d6se (ohne Aufh\u00e4nger-\u00d6se): 4,17 cm<br \/>\nGesamth\u00f6he incl. Aufh\u00e4nger-\u00d6se: 5 cm<br \/>\nBreite: 3 cm<\/div>\n<p>&nbsp;<\/p>\n","protected":false},"featured_media":85190,"template":"","meta":{"site-sidebar-layout":"default","site-content-layout":"default","ast-site-content-layout":"","site-content-style":"default","site-sidebar-style":"default","ast-global-header-display":"","ast-banner-title-visibility":"","ast-main-header-display":"","ast-hfb-above-header-display":"","ast-hfb-below-header-display":"","ast-hfb-mobile-header-display":"","site-post-title":"","ast-breadcrumbs-content":"","ast-featured-img":"","footer-sml-layout":"","theme-transparent-header-meta":"default","adv-header-id-meta":"","stick-header-meta":"","header-above-stick-meta":"","header-main-stick-meta":"","header-below-stick-meta":"","astra-migrate-meta-layouts":"default","ast-page-background-enabled":"default","ast-page-background-meta":{"desktop":{"background-color":"","background-image":"","background-repeat":"repeat","background-position":"center center","background-size":"auto","background-attachment":"scroll","background-type":"","background-media":"","overlay-type":"","overlay-color":"","overlay-opacity":"","overlay-gradient":""},"tablet":{"background-color":"","background-image":"","background-repeat":"repeat","background-position":"center center","background-size":"auto","background-attachment":"scroll","background-type":"","background-media":"","overlay-type":"","overlay-color":"","overlay-opacity":"","overlay-gradient":""},"mobile":{"background-color":"","background-image":"","background-repeat":"repeat","background-position":"center center","background-size":"auto","background-attachment":"scroll","background-type":"","background-media":"","overlay-type":"","overlay-color":"","overlay-opacity":"","overlay-gradient":""}},"ast-content-background-meta":{"desktop":{"background-color":"var(--ast-global-color-5)","background-image":"","background-repeat":"repeat","background-position":"center center","background-size":"auto","background-attachment":"scroll","background-type":"","background-media":"","overlay-type":"","overlay-color":"","overlay-opacity":"","overlay-gradient":""},"tablet":{"background-color":"var(--ast-global-color-5)","background-image":"","background-repeat":"repeat","background-position":"center center","background-size":"auto","background-attachment":"scroll","background-type":"","background-media":"","overlay-type":"","overlay-color":"","overlay-opacity":"","overlay-gradient":""},"mobile":{"background-color":"var(--ast-global-color-5)","background-image":"","background-repeat":"repeat","background-position":"center center","background-size":"auto","background-attachment":"scroll","background-type":"","background-media":"","overlay-type":"","overlay-color":"","overlay-opacity":"","overlay-gradient":""}}},"product_brand":[],"product_cat":[4325,4450,4101,3572,5078,4860,4322,4321],"product_tag":[3647,3823,5815,3980,4123,3707,4861,3341,3641,3342,3660],"class_list":{"0":"post-85188","1":"product","2":"type-product","3":"status-publish","4":"has-post-thumbnail","6":"product_cat-silber","7":"product_cat-anhaenger","8":"product_cat-biedermeier","9":"product_cat-juwelen","10":"product_cat-metall-2","11":"product_cat-opal","12":"product_cat-periode","13":"product_cat-steine","14":"product_tag-anhaenger","15":"product_tag-biedermeier","16":"product_tag-gold-plated","17":"product_tag-historismus","18":"product_tag-locket","19":"product_tag-medaillon","20":"product_tag-opal","21":"product_tag-pendant","22":"product_tag-silber","23":"product_tag-silver","24":"product_tag-vergoldet","25":"desktop-align-left","26":"tablet-align-left","27":"mobile-align-left","29":"first","30":"instock","31":"sold-individually","32":"shipping-taxable","33":"purchasable","34":"product-type-simple"},"_links":{"self":[{"href":"https:\/\/www.multimedium.eu\/index.php?rest_route=\/wp\/v2\/product\/85188","targetHints":{"allow":["GET"]}}],"collection":[{"href":"https:\/\/www.multimedium.eu\/index.php?rest_route=\/wp\/v2\/product"}],"about":[{"href":"https:\/\/www.multimedium.eu\/index.php?rest_route=\/wp\/v2\/types\/product"}],"version-history":[{"count":6,"href":"https:\/\/www.multimedium.eu\/index.php?rest_route=\/wp\/v2\/product\/85188\/revisions"}],"predecessor-version":[{"id":85435,"href":"https:\/\/www.multimedium.eu\/index.php?rest_route=\/wp\/v2\/product\/85188\/revisions\/85435"}],"wp:featuredmedia":[{"embeddable":true,"href":"https:\/\/www.multimedium.eu\/index.php?rest_route=\/wp\/v2\/media\/85190"}],"wp:attachment":[{"href":"https:\/\/www.multimedium.eu\/index.php?rest_route=%2Fwp%2Fv2%2Fmedia&parent=85188"}],"wp:term":[{"taxonomy":"product_brand","embeddable":true,"href":"https:\/\/www.multimedium.eu\/index.php?rest_route=%2Fwp%2Fv2%2Fproduct_brand&post=85188"},{"taxonomy":"product_cat","embeddable":true,"href":"https:\/\/www.multimedium.eu\/index.php?rest_route=%2Fwp%2Fv2%2Fproduct_cat&post=85188"},{"taxonomy":"product_tag","embeddable":true,"href":"https:\/\/www.multimedium.eu\/index.php?rest_route=%2Fwp%2Fv2%2Fproduct_tag&post=85188"}],"curies":[{"name":"wp","href":"https:\/\/api.w.org\/{rel}","templated":true}]}}