{"id":85204,"date":"2022-06-22T07:30:38","date_gmt":"2022-06-22T05:30:38","guid":{"rendered":"https:\/\/www.multimedium.eu\/?post_type=product&#038;p=85204"},"modified":"2025-03-13T09:27:45","modified_gmt":"2025-03-13T08:27:45","slug":"vintage-585-gelbgold-granat-collier-halskette-gold-garnet-necklace","status":"publish","type":"product","link":"https:\/\/www.multimedium.eu\/?product=vintage-585-gelbgold-granat-collier-halskette-gold-garnet-necklace","title":{"rendered":"Vintage 585 Gelbgold Granat Collier Halskette gold garnet necklace"},"content":{"rendered":"<h6>Vintage 585 yellow gold garnet necklace gold garnet necklace<\/h6>\n<p>Beautiful decorative vintage 585 yellow gold garnet necklace<br \/>\nwith beautiful dark red shiny Bohemian garnets,<br \/>\nlower ornament arranged in garland form<br \/>\nmiddle mounted garnet with leaf motif<br \/>\nstamped: 585<\/p>\n<p>in a good beautiful condition<\/p>\n<p>Necklace length: 16,93&#8243; (43 cm)<br \/>\nWidth of the middle part: 2,75&#8243; (7 cm)<br \/>\nmax. height of the middle section: 1,1&#8243; (2.8 cm)<br \/>\nWeight: 8.45g<\/p>\n","protected":false},"excerpt":{"rendered":"<h6>Vintage 585 Gelbgold Granat Collier Halskette gold garnet necklace<\/h6>\n<p>Sch\u00f6nes dekoratives vintage 585 Gelbgold Granat Collier<br \/>\nmit sch\u00f6nen dunkelroten gl\u00e4nzenden b\u00f6hmischen Granaten,<br \/>\nuntere Verzierung in Girlandenform angeordnet<br \/>\nmittlerer gefasster Granat mit Blatt-Motiv<br \/>\ngestempelt: 585<\/p>\n<p>in einem guten sch\u00f6nen Erhaltungszustand<\/p>\n<p>L\u00e4nge des Colliers:\u00a0 43 cm<br \/>\nBreite des Mittelteils:\u00a0 7 cm<br \/>\nmax. H\u00f6he des Mittelteils:\u00a0 2,8 cm<br \/>\nGewicht: 8,45 g<\/p>\n","protected":false},"featured_media":85208,"template":"","meta":{"site-sidebar-layout":"default","site-content-layout":"default","ast-site-content-layout":"default","site-content-style":"default","site-sidebar-style":"default","ast-global-header-display":"","ast-banner-title-visibility":"","ast-main-header-display":"","ast-hfb-above-header-display":"","ast-hfb-below-header-display":"","ast-hfb-mobile-header-display":"","site-post-title":"","ast-breadcrumbs-content":"","ast-featured-img":"","footer-sml-layout":"","theme-transparent-header-meta":"default","adv-header-id-meta":"","stick-header-meta":"","header-above-stick-meta":"","header-main-stick-meta":"","header-below-stick-meta":"","astra-migrate-meta-layouts":"set","ast-page-background-enabled":"default","ast-page-background-meta":{"desktop":{"background-color":"","background-image":"","background-repeat":"repeat","background-position":"center center","background-size":"auto","background-attachment":"scroll","background-type":"","background-media":"","overlay-type":"","overlay-color":"","overlay-opacity":"","overlay-gradient":""},"tablet":{"background-color":"","background-image":"","background-repeat":"repeat","background-position":"center center","background-size":"auto","background-attachment":"scroll","background-type":"","background-media":"","overlay-type":"","overlay-color":"","overlay-opacity":"","overlay-gradient":""},"mobile":{"background-color":"","background-image":"","background-repeat":"repeat","background-position":"center center","background-size":"auto","background-attachment":"scroll","background-type":"","background-media":"","overlay-type":"","overlay-color":"","overlay-opacity":"","overlay-gradient":""}},"ast-content-background-meta":{"desktop":{"background-color":"var(--ast-global-color-5)","background-image":"","background-repeat":"repeat","background-position":"center center","background-size":"auto","background-attachment":"scroll","background-type":"","background-media":"","overlay-type":"","overlay-color":"","overlay-opacity":"","overlay-gradient":""},"tablet":{"background-color":"var(--ast-global-color-5)","background-image":"","background-repeat":"repeat","background-position":"center center","background-size":"auto","background-attachment":"scroll","background-type":"","background-media":"","overlay-type":"","overlay-color":"","overlay-opacity":"","overlay-gradient":""},"mobile":{"background-color":"var(--ast-global-color-5)","background-image":"","background-repeat":"repeat","background-position":"center center","background-size":"auto","background-attachment":"scroll","background-type":"","background-media":"","overlay-type":"","overlay-color":"","overlay-opacity":"","overlay-gradient":""}}},"product_brand":[],"product_cat":[3561,3564,3573,3572,3582,5078,4322,4321],"product_tag":[5653,4072,3649,3725,4764,3710,3724,3650,3652],"class_list":{"0":"post-85204","1":"product","2":"type-product","3":"status-publish","4":"has-post-thumbnail","6":"product_cat-design-nach-1945","7":"product_cat-gold","8":"product_cat-granat","9":"product_cat-juwelen","10":"product_cat-ketten-colliers","11":"product_cat-metall-2","12":"product_cat-periode","13":"product_cat-steine","14":"product_tag-5653","15":"product_tag-boehmen","16":"product_tag-collier","17":"product_tag-garnet","18":"product_tag-gelbgold","19":"product_tag-gold","20":"product_tag-granat","21":"product_tag-halskette","22":"product_tag-necklace","23":"desktop-align-left","24":"tablet-align-left","25":"mobile-align-left","27":"first","28":"instock","29":"sold-individually","30":"shipping-taxable","31":"purchasable","32":"product-type-simple"},"_links":{"self":[{"href":"https:\/\/www.multimedium.eu\/index.php?rest_route=\/wp\/v2\/product\/85204","targetHints":{"allow":["GET"]}}],"collection":[{"href":"https:\/\/www.multimedium.eu\/index.php?rest_route=\/wp\/v2\/product"}],"about":[{"href":"https:\/\/www.multimedium.eu\/index.php?rest_route=\/wp\/v2\/types\/product"}],"version-history":[{"count":5,"href":"https:\/\/www.multimedium.eu\/index.php?rest_route=\/wp\/v2\/product\/85204\/revisions"}],"predecessor-version":[{"id":85212,"href":"https:\/\/www.multimedium.eu\/index.php?rest_route=\/wp\/v2\/product\/85204\/revisions\/85212"}],"wp:featuredmedia":[{"embeddable":true,"href":"https:\/\/www.multimedium.eu\/index.php?rest_route=\/wp\/v2\/media\/85208"}],"wp:attachment":[{"href":"https:\/\/www.multimedium.eu\/index.php?rest_route=%2Fwp%2Fv2%2Fmedia&parent=85204"}],"wp:term":[{"taxonomy":"product_brand","embeddable":true,"href":"https:\/\/www.multimedium.eu\/index.php?rest_route=%2Fwp%2Fv2%2Fproduct_brand&post=85204"},{"taxonomy":"product_cat","embeddable":true,"href":"https:\/\/www.multimedium.eu\/index.php?rest_route=%2Fwp%2Fv2%2Fproduct_cat&post=85204"},{"taxonomy":"product_tag","embeddable":true,"href":"https:\/\/www.multimedium.eu\/index.php?rest_route=%2Fwp%2Fv2%2Fproduct_tag&post=85204"}],"curies":[{"name":"wp","href":"https:\/\/api.w.org\/{rel}","templated":true}]}}