{"id":85403,"date":"2022-07-27T15:42:36","date_gmt":"2022-07-27T13:42:36","guid":{"rendered":"https:\/\/www.multimedium.eu\/?post_type=product&#038;p=85403"},"modified":"2025-03-13T09:27:43","modified_gmt":"2025-03-13T08:27:43","slug":"jugendstil-800-silber-halskette-karneol-art-nouveau-silver-necklace-carnelian","status":"publish","type":"product","link":"https:\/\/www.multimedium.eu\/?product=jugendstil-800-silber-halskette-karneol-art-nouveau-silver-necklace-carnelian","title":{"rendered":"Jugendstil 800 Silber Halskette Karneol art nouveau silver necklace carnelian"},"content":{"rendered":"<h6>Art Nouveau 800 silver necklace carnelian Art Nouveau chain<\/h6>\n<p>Very nice, decorative Art Nouveau lavaliere silver necklace,<br \/>\nin filigree handwork, gilded, in the Byzantine style,<br \/>\nwith cord wire soldering,<br \/>\nCenter stone with a carnelian cabochon,<br \/>\nwith three chains hanging from eyelets and carnelian drops,<br \/>\nat least 800 silver (tested with the test acid),<br \/>\nGold plating worn, good otherwise beautiful condition<\/p>\n<p>Necklace length: 16,73&#8243; (42.5 cm)<br \/>\nCenter piece height: 2,52&#8243; (6.4 cm)<br \/>\nWidth of the middle: 1,06&#8243; (2.7 cm)<\/p>\n","protected":false},"excerpt":{"rendered":"<h6>Jugendstil 800 Silber Halskette Karneol art nouveau silver necklace carnelian<\/h6>\n<p>Sehr sch\u00f6nes, dekoratives Jugendstil Lavaliere Silber Collier,<br \/>\nin filigraner Handarbeit, vergoldet, im byzantinischen Stil,<br \/>\nmit Kordeldrahtbel\u00f6tung,<br \/>\nMittelstein mit einem gefassten Karneol Cabochon,<br \/>\nmit drei an \u00d6sen anh\u00e4ngenden Ketten und Karneol-Tropfen,<br \/>\nmindestens 800er Silber (mit der Pr\u00fcfs\u00e4ure gepr\u00fcft),<br \/>\nVergoldung berieben, sonst guter sch\u00f6ner Erhaltungszustand<\/p>\n<p>L\u00e4nge des Colliers: 42,5 cm<br \/>\nH\u00f6he des Mittelteils: 6,4 cm<br \/>\nBreite des Mittelteils: 2,7 cm<\/p>\n","protected":false},"featured_media":85404,"template":"","meta":{"site-sidebar-layout":"default","site-content-layout":"default","ast-site-content-layout":"","site-content-style":"default","site-sidebar-style":"default","ast-global-header-display":"","ast-banner-title-visibility":"","ast-main-header-display":"","ast-hfb-above-header-display":"","ast-hfb-below-header-display":"","ast-hfb-mobile-header-display":"","site-post-title":"","ast-breadcrumbs-content":"","ast-featured-img":"","footer-sml-layout":"","theme-transparent-header-meta":"default","adv-header-id-meta":"","stick-header-meta":"","header-above-stick-meta":"","header-main-stick-meta":"","header-below-stick-meta":"","astra-migrate-meta-layouts":"default","ast-page-background-enabled":"default","ast-page-background-meta":{"desktop":{"background-color":"","background-image":"","background-repeat":"repeat","background-position":"center center","background-size":"auto","background-attachment":"scroll","background-type":"","background-media":"","overlay-type":"","overlay-color":"","overlay-opacity":"","overlay-gradient":""},"tablet":{"background-color":"","background-image":"","background-repeat":"repeat","background-position":"center center","background-size":"auto","background-attachment":"scroll","background-type":"","background-media":"","overlay-type":"","overlay-color":"","overlay-opacity":"","overlay-gradient":""},"mobile":{"background-color":"","background-image":"","background-repeat":"repeat","background-position":"center center","background-size":"auto","background-attachment":"scroll","background-type":"","background-media":"","overlay-type":"","overlay-color":"","overlay-opacity":"","overlay-gradient":""}},"ast-content-background-meta":{"desktop":{"background-color":"var(--ast-global-color-5)","background-image":"","background-repeat":"repeat","background-position":"center center","background-size":"auto","background-attachment":"scroll","background-type":"","background-media":"","overlay-type":"","overlay-color":"","overlay-opacity":"","overlay-gradient":""},"tablet":{"background-color":"var(--ast-global-color-5)","background-image":"","background-repeat":"repeat","background-position":"center center","background-size":"auto","background-attachment":"scroll","background-type":"","background-media":"","overlay-type":"","overlay-color":"","overlay-opacity":"","overlay-gradient":""},"mobile":{"background-color":"var(--ast-global-color-5)","background-image":"","background-repeat":"repeat","background-position":"center center","background-size":"auto","background-attachment":"scroll","background-type":"","background-media":"","overlay-type":"","overlay-color":"","overlay-opacity":"","overlay-gradient":""}}},"product_brand":[],"product_cat":[4325,4450,3559,3572,4810,3582,5078,4322,4321],"product_tag":[3700,5814,3686,3650,3698,3685,4056,4843,3652,3641,3342],"class_list":{"0":"post-85403","1":"product","2":"type-product","3":"status-publish","4":"has-post-thumbnail","6":"product_cat-silber","7":"product_cat-anhaenger","8":"product_cat-jugendstil","9":"product_cat-juwelen","10":"product_cat-karneol","11":"product_cat-ketten-colliers","12":"product_cat-metall-2","13":"product_cat-periode","14":"product_cat-steine","15":"product_tag-art-nouveau","16":"product_tag-byzantinisch","17":"product_tag-carnelian","18":"product_tag-halskette","19":"product_tag-jugendstil","20":"product_tag-karneol","21":"product_tag-kordeldraht","22":"product_tag-lavaliere","23":"product_tag-necklace","24":"product_tag-silber","25":"product_tag-silver","26":"desktop-align-left","27":"tablet-align-left","28":"mobile-align-left","30":"first","31":"instock","32":"sold-individually","33":"shipping-taxable","34":"purchasable","35":"product-type-simple"},"_links":{"self":[{"href":"https:\/\/www.multimedium.eu\/index.php?rest_route=\/wp\/v2\/product\/85403","targetHints":{"allow":["GET"]}}],"collection":[{"href":"https:\/\/www.multimedium.eu\/index.php?rest_route=\/wp\/v2\/product"}],"about":[{"href":"https:\/\/www.multimedium.eu\/index.php?rest_route=\/wp\/v2\/types\/product"}],"version-history":[{"count":4,"href":"https:\/\/www.multimedium.eu\/index.php?rest_route=\/wp\/v2\/product\/85403\/revisions"}],"predecessor-version":[{"id":85409,"href":"https:\/\/www.multimedium.eu\/index.php?rest_route=\/wp\/v2\/product\/85403\/revisions\/85409"}],"wp:featuredmedia":[{"embeddable":true,"href":"https:\/\/www.multimedium.eu\/index.php?rest_route=\/wp\/v2\/media\/85404"}],"wp:attachment":[{"href":"https:\/\/www.multimedium.eu\/index.php?rest_route=%2Fwp%2Fv2%2Fmedia&parent=85403"}],"wp:term":[{"taxonomy":"product_brand","embeddable":true,"href":"https:\/\/www.multimedium.eu\/index.php?rest_route=%2Fwp%2Fv2%2Fproduct_brand&post=85403"},{"taxonomy":"product_cat","embeddable":true,"href":"https:\/\/www.multimedium.eu\/index.php?rest_route=%2Fwp%2Fv2%2Fproduct_cat&post=85403"},{"taxonomy":"product_tag","embeddable":true,"href":"https:\/\/www.multimedium.eu\/index.php?rest_route=%2Fwp%2Fv2%2Fproduct_tag&post=85403"}],"curies":[{"name":"wp","href":"https:\/\/api.w.org\/{rel}","templated":true}]}}