{"id":85430,"date":"2022-08-05T11:46:26","date_gmt":"2022-08-05T09:46:26","guid":{"rendered":"https:\/\/www.multimedium.eu\/?post_type=product&#038;p=85430"},"modified":"2025-03-13T09:31:01","modified_gmt":"2025-03-13T08:31:01","slug":"grosse-art-deco-bakelit-halskette-bone-bakelite-necklace-195g","status":"publish","type":"product","link":"https:\/\/www.multimedium.eu\/?product=grosse-art-deco-bakelit-halskette-bone-bakelite-necklace-195g","title":{"rendered":"Gro\u00dfe Art Deco Bakelit Halskette bone bakelite necklace 195g"},"content":{"rendered":"","protected":false},"excerpt":{"rendered":"<p><strong>Gro\u00dfe Art Deco Bakelit Halskette bone bakelite necklace 195<\/strong><\/p>\n<p>Prachtvolles volumin\u00f6ses sehr dekoratives Art Deco Collier aus Bakelit,<br \/>\naus den 20er Jahren, sehr selten,<br \/>\nabsolute Rarit\u00e4t in\u00a0 dieser Gr\u00f6\u00dfe und Gewicht<br \/>\nsch\u00f6ne Bakelit-Halskette,<br \/>\nauf altem original vermutlich Stahldraht aufgezogen,<br \/>\noriginaler alter Schraub-Verschlu\u00df,<br \/>\ndas Gewinde des Drehverschlusses ist in Messing,<br \/>\nPerlen zulaufend zum Verschlu\u00df hin kleiner werdend,<br \/>\ndie Kette wude gereinigt und ist von daher sofort tragbar,<br \/>\nmir ist in den letzten Jahrzehnten kein Collier in dieser Art sichtbar geworden,<br \/>\nauch vor dieser Zeit nicht<\/p>\n<p>in einem guten sch\u00f6nen top Erhaltungszustand<\/p>\n<p>Gesamt-L\u00e4nge der Halskette: 50 cm<br \/>\nL\u00e4nge der gr\u00f6\u00dften Olive: 3,8 x 3,1 cm<br \/>\nZweitgr\u00f6\u00dfte Olive: 2,9 x 2,6 cm<br \/>\nKleinste Olive: 2,67 x 2,17 cm<\/p>\n","protected":false},"featured_media":74738,"template":"","meta":{"site-sidebar-layout":"default","site-content-layout":"default","ast-site-content-layout":"","site-content-style":"default","site-sidebar-style":"default","ast-global-header-display":"","ast-banner-title-visibility":"","ast-main-header-display":"","ast-hfb-above-header-display":"","ast-hfb-below-header-display":"","ast-hfb-mobile-header-display":"","site-post-title":"","ast-breadcrumbs-content":"","ast-featured-img":"","footer-sml-layout":"","theme-transparent-header-meta":"default","adv-header-id-meta":"","stick-header-meta":"","header-above-stick-meta":"","header-main-stick-meta":"","header-below-stick-meta":"","astra-migrate-meta-layouts":"default","ast-page-background-enabled":"default","ast-page-background-meta":{"desktop":{"background-color":"","background-image":"","background-repeat":"repeat","background-position":"center center","background-size":"auto","background-attachment":"scroll","background-type":"","background-media":"","overlay-type":"","overlay-color":"","overlay-opacity":"","overlay-gradient":""},"tablet":{"background-color":"","background-image":"","background-repeat":"repeat","background-position":"center center","background-size":"auto","background-attachment":"scroll","background-type":"","background-media":"","overlay-type":"","overlay-color":"","overlay-opacity":"","overlay-gradient":""},"mobile":{"background-color":"","background-image":"","background-repeat":"repeat","background-position":"center center","background-size":"auto","background-attachment":"scroll","background-type":"","background-media":"","overlay-type":"","overlay-color":"","overlay-opacity":"","overlay-gradient":""}},"ast-content-background-meta":{"desktop":{"background-color":"var(--ast-global-color-5)","background-image":"","background-repeat":"repeat","background-position":"center center","background-size":"auto","background-attachment":"scroll","background-type":"","background-media":"","overlay-type":"","overlay-color":"","overlay-opacity":"","overlay-gradient":""},"tablet":{"background-color":"var(--ast-global-color-5)","background-image":"","background-repeat":"repeat","background-position":"center center","background-size":"auto","background-attachment":"scroll","background-type":"","background-media":"","overlay-type":"","overlay-color":"","overlay-opacity":"","overlay-gradient":""},"mobile":{"background-color":"var(--ast-global-color-5)","background-image":"","background-repeat":"repeat","background-position":"center center","background-size":"auto","background-attachment":"scroll","background-type":"","background-media":"","overlay-type":"","overlay-color":"","overlay-opacity":"","overlay-gradient":""}}},"product_brand":[],"product_cat":[3806,4759,3572,3582,4322,4321],"product_tag":[3716,3767,3768,3649,3650,3652],"class_list":{"0":"post-85430","1":"product","2":"type-product","3":"status-publish","4":"has-post-thumbnail","6":"product_cat-art-deco","7":"product_cat-bakelit","8":"product_cat-juwelen","9":"product_cat-ketten-colliers","10":"product_cat-periode","11":"product_cat-steine","12":"product_tag-art-deco","13":"product_tag-bakelit","14":"product_tag-bakelite","15":"product_tag-collier","16":"product_tag-halskette","17":"product_tag-necklace","18":"desktop-align-left","19":"tablet-align-left","20":"mobile-align-left","22":"first","23":"instock","24":"sold-individually","25":"shipping-taxable","26":"purchasable","27":"product-type-simple"},"_links":{"self":[{"href":"https:\/\/www.multimedium.eu\/index.php?rest_route=\/wp\/v2\/product\/85430","targetHints":{"allow":["GET"]}}],"collection":[{"href":"https:\/\/www.multimedium.eu\/index.php?rest_route=\/wp\/v2\/product"}],"about":[{"href":"https:\/\/www.multimedium.eu\/index.php?rest_route=\/wp\/v2\/types\/product"}],"version-history":[{"count":1,"href":"https:\/\/www.multimedium.eu\/index.php?rest_route=\/wp\/v2\/product\/85430\/revisions"}],"predecessor-version":[{"id":85431,"href":"https:\/\/www.multimedium.eu\/index.php?rest_route=\/wp\/v2\/product\/85430\/revisions\/85431"}],"wp:featuredmedia":[{"embeddable":true,"href":"https:\/\/www.multimedium.eu\/index.php?rest_route=\/wp\/v2\/media\/74738"}],"wp:attachment":[{"href":"https:\/\/www.multimedium.eu\/index.php?rest_route=%2Fwp%2Fv2%2Fmedia&parent=85430"}],"wp:term":[{"taxonomy":"product_brand","embeddable":true,"href":"https:\/\/www.multimedium.eu\/index.php?rest_route=%2Fwp%2Fv2%2Fproduct_brand&post=85430"},{"taxonomy":"product_cat","embeddable":true,"href":"https:\/\/www.multimedium.eu\/index.php?rest_route=%2Fwp%2Fv2%2Fproduct_cat&post=85430"},{"taxonomy":"product_tag","embeddable":true,"href":"https:\/\/www.multimedium.eu\/index.php?rest_route=%2Fwp%2Fv2%2Fproduct_tag&post=85430"}],"curies":[{"name":"wp","href":"https:\/\/api.w.org\/{rel}","templated":true}]}}