{"id":85472,"date":"2022-08-21T17:59:25","date_gmt":"2022-08-21T15:59:25","guid":{"rendered":"https:\/\/www.multimedium.eu\/?post_type=product&#038;p=85472"},"modified":"2025-07-01T17:11:07","modified_gmt":"2025-07-01T15:11:07","slug":"antike-siebenbuergen-biedermeier-brosche-silber-tuerkis-um-1860-victorian-turquoise-brooch","status":"publish","type":"product","link":"https:\/\/www.multimedium.eu\/?product=antike-siebenbuergen-biedermeier-brosche-silber-tuerkis-um-1860-victorian-turquoise-brooch","title":{"rendered":"Antike Siebenb\u00fcrgen Biedermeier Brosche Silber T\u00fcrkis um 1860 victorian turquoise brooch"},"content":{"rendered":"<p><strong>Sch\u00f6ne dekorative Siebenb\u00fcrgen Biedermeier Anh\u00e4nger &#8211; Brosche mit T\u00fcrkisen<\/strong><br \/>\n<strong>in Silber vergoldet,\u00a0 um 1860<\/strong><br \/>\n<strong>seltene Brosche mit stilisierten Bl\u00fcten und Bl\u00e4ttern,<\/strong><br \/>\n<strong>mit kleinen und gr\u00f6\u00dferen T\u00fcrkisen,<br \/>\nmit Emaille Bl\u00fcten in Wei\u00df und Dunkelrot<br \/>\n<\/strong><strong>sch\u00f6ne seltene Handarbeit<\/strong><br \/>\n<strong>ungestempelt, auf Silber gepr\u00fcft<\/strong><\/p>\n<p><strong>altersgem\u00e4\u00df in einem guten sch\u00f6nen Erhaltungszustand,<br \/>\ngereinigt, sofort tragbar<br \/>\n<\/strong><\/p>\n<p><strong>Breite der Brosche:\u00a0 1.62&#8243; (4,13 cm)<\/strong><br \/>\n<strong>H\u00f6he der Brosche mit Aufh\u00e4nger und eingeh\u00e4ngten Anh\u00e4nger:\u00a0\u00a0 1,57&#8243; (4 cm)<\/strong><\/p>\n<p><span style=\"color: #00ccff;\">Beautiful decorative Transylvania Biedermeier pendant &#8211; brooch with turquoise<\/span><br \/>\n<span style=\"color: #00ccff;\">gilded in silver, around 1860<\/span><br \/>\n<span style=\"color: #00ccff;\">rare brooch with stylized flowers and leaves,<\/span><br \/>\n<span style=\"color: #00ccff;\">with small and larger turquoises,<\/span><br \/>\n<span style=\"color: #00ccff;\">with enamel flowers in white and dark red<\/span><br \/>\n<span style=\"color: #00ccff;\">beautiful rare handwork<\/span><br \/>\n<span style=\"color: #00ccff;\">Unmarked, checked for silver<\/span><\/p>\n<p><span style=\"color: #00ccff;\">age-related in good beautiful condition,<\/span><br \/>\n<span style=\"color: #00ccff;\">cleaned, ready to wear<\/span><\/p>\n<p><span style=\"color: #00ccff;\">Brooch width: 1.62&#8243; (4.13 cm)<\/span><br \/>\n<span style=\"color: #00ccff;\">Height of brooch with eyelet and attached pendant: 1.57&#8243; (4 cm)<\/span><\/p>\n<p>&nbsp;<\/p>\n<p>&nbsp;<\/p>\n<p>&nbsp;<\/p>\n","protected":false},"excerpt":{"rendered":"<p><strong>Antike Siebenb\u00fcrgen Biedermeier Brosche Silber T\u00fcrkis um 1860 victorian turquoise brooch<\/strong><\/p>\n","protected":false},"featured_media":85468,"template":"","meta":{"site-sidebar-layout":"default","site-content-layout":"default","ast-site-content-layout":"default","site-content-style":"default","site-sidebar-style":"default","ast-global-header-display":"","ast-banner-title-visibility":"","ast-main-header-display":"","ast-hfb-above-header-display":"","ast-hfb-below-header-display":"","ast-hfb-mobile-header-display":"","site-post-title":"","ast-breadcrumbs-content":"","ast-featured-img":"","footer-sml-layout":"","theme-transparent-header-meta":"default","adv-header-id-meta":"","stick-header-meta":"","header-above-stick-meta":"","header-main-stick-meta":"","header-below-stick-meta":"","astra-migrate-meta-layouts":"set","ast-page-background-enabled":"default","ast-page-background-meta":{"desktop":{"background-color":"","background-image":"","background-repeat":"repeat","background-position":"center center","background-size":"auto","background-attachment":"scroll","background-type":"","background-media":"","overlay-type":"","overlay-color":"","overlay-opacity":"","overlay-gradient":""},"tablet":{"background-color":"","background-image":"","background-repeat":"repeat","background-position":"center center","background-size":"auto","background-attachment":"scroll","background-type":"","background-media":"","overlay-type":"","overlay-color":"","overlay-opacity":"","overlay-gradient":""},"mobile":{"background-color":"","background-image":"","background-repeat":"repeat","background-position":"center center","background-size":"auto","background-attachment":"scroll","background-type":"","background-media":"","overlay-type":"","overlay-color":"","overlay-opacity":"","overlay-gradient":""}},"ast-content-background-meta":{"desktop":{"background-color":"var(--ast-global-color-5)","background-image":"","background-repeat":"repeat","background-position":"center center","background-size":"auto","background-attachment":"scroll","background-type":"","background-media":"","overlay-type":"","overlay-color":"","overlay-opacity":"","overlay-gradient":""},"tablet":{"background-color":"var(--ast-global-color-5)","background-image":"","background-repeat":"repeat","background-position":"center center","background-size":"auto","background-attachment":"scroll","background-type":"","background-media":"","overlay-type":"","overlay-color":"","overlay-opacity":"","overlay-gradient":""},"mobile":{"background-color":"var(--ast-global-color-5)","background-image":"","background-repeat":"repeat","background-position":"center center","background-size":"auto","background-attachment":"scroll","background-type":"","background-media":"","overlay-type":"","overlay-color":"","overlay-opacity":"","overlay-gradient":""}}},"product_brand":[],"product_cat":[4101,3580,3572,5078,4322,4325,4321,4149],"product_tag":[3823,4223,4914,3643,3636,3641,3342,3832,3677,3660],"class_list":{"0":"post-85472","1":"product","2":"type-product","3":"status-publish","4":"has-post-thumbnail","6":"product_cat-biedermeier","7":"product_cat-broschen","8":"product_cat-juwelen","9":"product_cat-metall-2","10":"product_cat-periode","11":"product_cat-silber","12":"product_cat-steine","13":"product_cat-tuerkis","14":"product_tag-biedermeier","15":"product_tag-blaetter","16":"product_tag-blueten","17":"product_tag-brooch","18":"product_tag-brosche","19":"product_tag-silber","20":"product_tag-silver","21":"product_tag-tuerkis","22":"product_tag-turquoise","23":"product_tag-vergoldet","24":"desktop-align-left","25":"tablet-align-left","26":"mobile-align-left","28":"first","29":"instock","30":"downloadable","31":"sold-individually","32":"shipping-taxable","33":"purchasable","34":"product-type-simple"},"_links":{"self":[{"href":"https:\/\/www.multimedium.eu\/index.php?rest_route=\/wp\/v2\/product\/85472","targetHints":{"allow":["GET"]}}],"collection":[{"href":"https:\/\/www.multimedium.eu\/index.php?rest_route=\/wp\/v2\/product"}],"about":[{"href":"https:\/\/www.multimedium.eu\/index.php?rest_route=\/wp\/v2\/types\/product"}],"version-history":[{"count":3,"href":"https:\/\/www.multimedium.eu\/index.php?rest_route=\/wp\/v2\/product\/85472\/revisions"}],"predecessor-version":[{"id":85495,"href":"https:\/\/www.multimedium.eu\/index.php?rest_route=\/wp\/v2\/product\/85472\/revisions\/85495"}],"wp:featuredmedia":[{"embeddable":true,"href":"https:\/\/www.multimedium.eu\/index.php?rest_route=\/wp\/v2\/media\/85468"}],"wp:attachment":[{"href":"https:\/\/www.multimedium.eu\/index.php?rest_route=%2Fwp%2Fv2%2Fmedia&parent=85472"}],"wp:term":[{"taxonomy":"product_brand","embeddable":true,"href":"https:\/\/www.multimedium.eu\/index.php?rest_route=%2Fwp%2Fv2%2Fproduct_brand&post=85472"},{"taxonomy":"product_cat","embeddable":true,"href":"https:\/\/www.multimedium.eu\/index.php?rest_route=%2Fwp%2Fv2%2Fproduct_cat&post=85472"},{"taxonomy":"product_tag","embeddable":true,"href":"https:\/\/www.multimedium.eu\/index.php?rest_route=%2Fwp%2Fv2%2Fproduct_tag&post=85472"}],"curies":[{"name":"wp","href":"https:\/\/api.w.org\/{rel}","templated":true}]}}