{"id":85606,"date":"2022-08-24T13:01:03","date_gmt":"2022-08-24T11:01:03","guid":{"rendered":"https:\/\/www.multimedium.eu\/?post_type=product&#038;p=85606"},"modified":"2025-03-13T09:27:42","modified_gmt":"2025-03-13T08:27:42","slug":"barock-gold-anhaenger-kreuz-altschliff-diamant-1750-diamond-cross","status":"publish","type":"product","link":"https:\/\/www.multimedium.eu\/?product=barock-gold-anhaenger-kreuz-altschliff-diamant-1750-diamond-cross","title":{"rendered":"Barock Gold Anh\u00e4nger Kreuz Altschliff diamant 1750 diamond cross"},"content":{"rendered":"<p><strong>Entz\u00fcckendes sch\u00f6nes antikes feines handgearbeitetes Gold-Kreuz aus der Barock-Zeit um ca. 1750<\/strong><br \/>\n<strong>mit Altschliff-Diamanten in Silberfassung gefasst<\/strong><br \/>\n<strong>und Christus-Figur in Gold (14ct, 585)<\/strong><br \/>\n<strong>sch\u00f6ne alte seltene Goldschmiedearbeit<\/strong><br \/>\n<strong>R\u00fcckseite graviert bzw. ziseliert, Fassungen vernietet<\/strong><\/p>\n<p><strong>f\u00fcr das Alter guter sch\u00f6ner Erhaltungszustand, Rarit\u00e4t<\/strong><br \/>\n<strong>gereinigt, sofort tragbar, <\/strong><\/p>\n<p><strong>H\u00f6he mit Aufh\u00e4nger-\u00d6se : 6,4 cm<\/strong><br \/>\n<strong>Breite : 3,2 cm<\/strong><\/p>\n<p><span style=\"color: #cc99ff;\"><strong><em>Charming beautiful antique fine handcrafted gold cross<br \/>\nfrom the Baroque period c.1750<\/em><\/strong><\/span><br \/>\n<span style=\"color: #cc99ff;\"><strong><em>set with old European cut diamonds in a silver setting<\/em><\/strong><\/span><br \/>\n<span style=\"color: #cc99ff;\"><strong><em>and Christ figure in gold (14ct, 585)<\/em><\/strong><\/span><br \/>\n<span style=\"color: #cc99ff;\"><strong><em>beautiful old rare goldsmith work<\/em><\/strong><\/span><br \/>\n<span style=\"color: #cc99ff;\"><strong><em>Engraved or chased back, riveted mounts<\/em><\/strong><\/span><br \/>\n<span style=\"color: #cc99ff;\"><strong><em>age-related in good condition, rarity<\/em><\/strong><\/span><\/p>\n<p><span style=\"color: #cc99ff;\"><strong><em>Height including eyelet: 5,52&#8243; (6.4 cm)<\/em><\/strong><\/span><br \/>\n<span style=\"color: #cc99ff;\"><strong><em>Width : 1,26&#8243; (3.2 cm)<\/em><\/strong><\/span><\/p>\n","protected":false},"excerpt":{"rendered":"<h6>Barock Gold Anh\u00e4nger Kreuz Altschliff diamant 1750 diamond cross<\/h6>\n","protected":false},"featured_media":85651,"template":"","meta":{"site-sidebar-layout":"default","site-content-layout":"default","ast-site-content-layout":"","site-content-style":"default","site-sidebar-style":"default","ast-global-header-display":"","ast-banner-title-visibility":"","ast-main-header-display":"","ast-hfb-above-header-display":"","ast-hfb-below-header-display":"","ast-hfb-mobile-header-display":"","site-post-title":"","ast-breadcrumbs-content":"","ast-featured-img":"","footer-sml-layout":"","theme-transparent-header-meta":"default","adv-header-id-meta":"","stick-header-meta":"","header-above-stick-meta":"","header-main-stick-meta":"","header-below-stick-meta":"","astra-migrate-meta-layouts":"default","ast-page-background-enabled":"default","ast-page-background-meta":{"desktop":{"background-color":"","background-image":"","background-repeat":"repeat","background-position":"center center","background-size":"auto","background-attachment":"scroll","background-type":"","background-media":"","overlay-type":"","overlay-color":"","overlay-opacity":"","overlay-gradient":""},"tablet":{"background-color":"","background-image":"","background-repeat":"repeat","background-position":"center center","background-size":"auto","background-attachment":"scroll","background-type":"","background-media":"","overlay-type":"","overlay-color":"","overlay-opacity":"","overlay-gradient":""},"mobile":{"background-color":"","background-image":"","background-repeat":"repeat","background-position":"center center","background-size":"auto","background-attachment":"scroll","background-type":"","background-media":"","overlay-type":"","overlay-color":"","overlay-opacity":"","overlay-gradient":""}},"ast-content-background-meta":{"desktop":{"background-color":"var(--ast-global-color-5)","background-image":"","background-repeat":"repeat","background-position":"center center","background-size":"auto","background-attachment":"scroll","background-type":"","background-media":"","overlay-type":"","overlay-color":"","overlay-opacity":"","overlay-gradient":""},"tablet":{"background-color":"var(--ast-global-color-5)","background-image":"","background-repeat":"repeat","background-position":"center center","background-size":"auto","background-attachment":"scroll","background-type":"","background-media":"","overlay-type":"","overlay-color":"","overlay-opacity":"","overlay-gradient":""},"mobile":{"background-color":"var(--ast-global-color-5)","background-image":"","background-repeat":"repeat","background-position":"center center","background-size":"auto","background-attachment":"scroll","background-type":"","background-media":"","overlay-type":"","overlay-color":"","overlay-opacity":"","overlay-gradient":""}}},"product_brand":[],"product_cat":[5078,4450,4069,3575,3564,3572,4322,4325,4321],"product_tag":[5820,4975,3647,4068,4842,5821,3675,4844,5819,3710,3789,4013,3674,3341],"class_list":{"0":"post-85606","1":"product","2":"type-product","3":"status-publish","4":"has-post-thumbnail","6":"product_cat-metall-2","7":"product_cat-anhaenger","8":"product_cat-barock","9":"product_cat-diamant","10":"product_cat-gold","11":"product_cat-juwelen","12":"product_cat-periode","13":"product_cat-silber","14":"product_cat-steine","15":"product_tag-5820","16":"product_tag-altschliff","17":"product_tag-anhaenger","18":"product_tag-barock","19":"product_tag-baroque","20":"product_tag-christus","21":"product_tag-cross","22":"product_tag-diamanten","23":"product_tag-diamonds","24":"product_tag-gold","25":"product_tag-handarbeit","26":"product_tag-handwork","27":"product_tag-kreuz","28":"product_tag-pendant","29":"desktop-align-left","30":"tablet-align-left","31":"mobile-align-left","33":"first","34":"instock","35":"sold-individually","36":"shipping-taxable","37":"purchasable","38":"product-type-simple"},"_links":{"self":[{"href":"https:\/\/www.multimedium.eu\/index.php?rest_route=\/wp\/v2\/product\/85606","targetHints":{"allow":["GET"]}}],"collection":[{"href":"https:\/\/www.multimedium.eu\/index.php?rest_route=\/wp\/v2\/product"}],"about":[{"href":"https:\/\/www.multimedium.eu\/index.php?rest_route=\/wp\/v2\/types\/product"}],"version-history":[{"count":7,"href":"https:\/\/www.multimedium.eu\/index.php?rest_route=\/wp\/v2\/product\/85606\/revisions"}],"predecessor-version":[{"id":85618,"href":"https:\/\/www.multimedium.eu\/index.php?rest_route=\/wp\/v2\/product\/85606\/revisions\/85618"}],"wp:featuredmedia":[{"embeddable":true,"href":"https:\/\/www.multimedium.eu\/index.php?rest_route=\/wp\/v2\/media\/85651"}],"wp:attachment":[{"href":"https:\/\/www.multimedium.eu\/index.php?rest_route=%2Fwp%2Fv2%2Fmedia&parent=85606"}],"wp:term":[{"taxonomy":"product_brand","embeddable":true,"href":"https:\/\/www.multimedium.eu\/index.php?rest_route=%2Fwp%2Fv2%2Fproduct_brand&post=85606"},{"taxonomy":"product_cat","embeddable":true,"href":"https:\/\/www.multimedium.eu\/index.php?rest_route=%2Fwp%2Fv2%2Fproduct_cat&post=85606"},{"taxonomy":"product_tag","embeddable":true,"href":"https:\/\/www.multimedium.eu\/index.php?rest_route=%2Fwp%2Fv2%2Fproduct_tag&post=85606"}],"curies":[{"name":"wp","href":"https:\/\/api.w.org\/{rel}","templated":true}]}}