{"id":85860,"date":"2022-11-13T15:13:58","date_gmt":"2022-11-13T14:13:58","guid":{"rendered":"https:\/\/www.multimedium.eu\/?post_type=product&#038;p=85860"},"modified":"2025-03-13T09:29:50","modified_gmt":"2025-03-13T08:29:50","slug":"xxl-jugendstil-silber-brosche-achat-ernst-gideon-bek-pforzheim","status":"publish","type":"product","link":"https:\/\/www.multimedium.eu\/?product=xxl-jugendstil-silber-brosche-achat-ernst-gideon-bek-pforzheim","title":{"rendered":"XXL Jugendstil Silber Brosche Achat Ernst Gideon Bek Pforzheim"},"content":{"rendered":"<h6>XXL Jugendstil Silber Brosche Achat Ernst Gideon Bek Pforzheim<\/h6>\n<p>Sehr seltene gro\u00dfe dekorative prachtvolle antike<br \/>\nJugendstil Designer Silber Brosche, signiert<br \/>\nmit gefassten gr\u00fcnen Achat Cabochons<br \/>\ndie Nadelung ist neu verl\u00f6tet, mit Extra-Sicherheitsverschlu\u00df,<br \/>\ndamit das sch\u00f6ne St\u00fcck nicht verloren geht,<br \/>\ndie Gr\u00f6\u00dfe dieser Brosche ist wirklich au\u00dfergew\u00f6hnlich,<br \/>\nhabe Derartiges selten gesehen und bekommen,<br \/>\nein Hinkucker f\u00fcr jeden Pullover und auch Mantel,<br \/>\nwenn man mit altem Schmuck pr\u00e4sentieren m\u00f6chte,<br \/>\nder Mittelstein ist schon 4 cm lang und 2,2 cm breit<br \/>\nmit 4 kleineren Achat Cabochons umgeben<br \/>\ngestempelt: 800, mit Meisterpunze (Schmetterling)<\/p>\n<p>in einem guten sch\u00f6nen Erhaltungszustand<\/p>\n<p>Breite : 8 cm<br \/>\nH\u00f6he: 6 cm<br \/>\nMittel-Stein: 4 x 2,2 cm<\/p>\n","protected":false},"excerpt":{"rendered":"<h6><strong>XXL Art Nouveau silver brooch agate Ernst Gideon Bek Pforzheim<br \/>\n<\/strong><\/h6>\n<p>Very rare large decorative magnificent antique<br \/>\nArt Nouveau designer silver brooch, signed<br \/>\nwith mounted green agate cabochons<br \/>\nthe needling is newly soldered, with extra safety lock,<br \/>\nso that the beautiful piece is not lost,<br \/>\nthe size of this brooch is really exceptional,<br \/>\nI have rarely seen and received anything like this<br \/>\nan eye-catcher for every pullover and coat,<br \/>\nif you want to present with old jewelry,<br \/>\nthe center stone is already 4 cm long and 2.2 cm wide<br \/>\nsurrounded by 4 smaller agate cabochons<br \/>\nstamped: 800, with master&#8217;s mark (butterfly)<\/p>\n<p>in a good beautiful state of preservation<\/p>\n<p>Width : 8 cm<br \/>\nHeight: 6cm<br \/>\nCenter stone: 4 x 2.2 cm<\/p>\n","protected":false},"featured_media":77585,"template":"","meta":{"site-sidebar-layout":"default","site-content-layout":"default","ast-site-content-layout":"","site-content-style":"default","site-sidebar-style":"default","ast-global-header-display":"","ast-banner-title-visibility":"","ast-main-header-display":"","ast-hfb-above-header-display":"","ast-hfb-below-header-display":"","ast-hfb-mobile-header-display":"","site-post-title":"","ast-breadcrumbs-content":"","ast-featured-img":"","footer-sml-layout":"","theme-transparent-header-meta":"default","adv-header-id-meta":"","stick-header-meta":"","header-above-stick-meta":"","header-main-stick-meta":"","header-below-stick-meta":"","astra-migrate-meta-layouts":"default","ast-page-background-enabled":"default","ast-page-background-meta":{"desktop":{"background-color":"","background-image":"","background-repeat":"repeat","background-position":"center center","background-size":"auto","background-attachment":"scroll","background-type":"","background-media":"","overlay-type":"","overlay-color":"","overlay-opacity":"","overlay-gradient":""},"tablet":{"background-color":"","background-image":"","background-repeat":"repeat","background-position":"center center","background-size":"auto","background-attachment":"scroll","background-type":"","background-media":"","overlay-type":"","overlay-color":"","overlay-opacity":"","overlay-gradient":""},"mobile":{"background-color":"","background-image":"","background-repeat":"repeat","background-position":"center center","background-size":"auto","background-attachment":"scroll","background-type":"","background-media":"","overlay-type":"","overlay-color":"","overlay-opacity":"","overlay-gradient":""}},"ast-content-background-meta":{"desktop":{"background-color":"var(--ast-global-color-5)","background-image":"","background-repeat":"repeat","background-position":"center center","background-size":"auto","background-attachment":"scroll","background-type":"","background-media":"","overlay-type":"","overlay-color":"","overlay-opacity":"","overlay-gradient":""},"tablet":{"background-color":"var(--ast-global-color-5)","background-image":"","background-repeat":"repeat","background-position":"center center","background-size":"auto","background-attachment":"scroll","background-type":"","background-media":"","overlay-type":"","overlay-color":"","overlay-opacity":"","overlay-gradient":""},"mobile":{"background-color":"var(--ast-global-color-5)","background-image":"","background-repeat":"repeat","background-position":"center center","background-size":"auto","background-attachment":"scroll","background-type":"","background-media":"","overlay-type":"","overlay-color":"","overlay-opacity":"","overlay-gradient":""}}},"product_brand":[],"product_cat":[4814,3580,3559,3572,5078,4322,4325,4321],"product_tag":[3691,3693,3700,3643,3636,3698,3641,3342],"class_list":{"0":"post-85860","1":"product","2":"type-product","3":"status-publish","4":"has-post-thumbnail","6":"product_cat-achat","7":"product_cat-broschen","8":"product_cat-jugendstil","9":"product_cat-juwelen","10":"product_cat-metall-2","11":"product_cat-periode","12":"product_cat-silber","13":"product_cat-steine","14":"product_tag-achat","15":"product_tag-agate","16":"product_tag-art-nouveau","17":"product_tag-brooch","18":"product_tag-brosche","19":"product_tag-jugendstil","20":"product_tag-silber","21":"product_tag-silver","22":"desktop-align-left","23":"tablet-align-left","24":"mobile-align-left","26":"first","27":"instock","28":"sold-individually","29":"shipping-taxable","30":"purchasable","31":"product-type-simple"},"_links":{"self":[{"href":"https:\/\/www.multimedium.eu\/index.php?rest_route=\/wp\/v2\/product\/85860","targetHints":{"allow":["GET"]}}],"collection":[{"href":"https:\/\/www.multimedium.eu\/index.php?rest_route=\/wp\/v2\/product"}],"about":[{"href":"https:\/\/www.multimedium.eu\/index.php?rest_route=\/wp\/v2\/types\/product"}],"version-history":[{"count":1,"href":"https:\/\/www.multimedium.eu\/index.php?rest_route=\/wp\/v2\/product\/85860\/revisions"}],"predecessor-version":[{"id":85861,"href":"https:\/\/www.multimedium.eu\/index.php?rest_route=\/wp\/v2\/product\/85860\/revisions\/85861"}],"wp:featuredmedia":[{"embeddable":true,"href":"https:\/\/www.multimedium.eu\/index.php?rest_route=\/wp\/v2\/media\/77585"}],"wp:attachment":[{"href":"https:\/\/www.multimedium.eu\/index.php?rest_route=%2Fwp%2Fv2%2Fmedia&parent=85860"}],"wp:term":[{"taxonomy":"product_brand","embeddable":true,"href":"https:\/\/www.multimedium.eu\/index.php?rest_route=%2Fwp%2Fv2%2Fproduct_brand&post=85860"},{"taxonomy":"product_cat","embeddable":true,"href":"https:\/\/www.multimedium.eu\/index.php?rest_route=%2Fwp%2Fv2%2Fproduct_cat&post=85860"},{"taxonomy":"product_tag","embeddable":true,"href":"https:\/\/www.multimedium.eu\/index.php?rest_route=%2Fwp%2Fv2%2Fproduct_tag&post=85860"}],"curies":[{"name":"wp","href":"https:\/\/api.w.org\/{rel}","templated":true}]}}