{"id":86019,"date":"2023-01-27T14:13:06","date_gmt":"2023-01-27T13:13:06","guid":{"rendered":"https:\/\/www.multimedium.eu\/?post_type=product&#038;p=86019"},"modified":"2025-03-13T09:27:37","modified_gmt":"2025-03-13T08:27:37","slug":"art-deco-bakelit-bernstein-halskette-cherry-amber-bakelite-necklace","status":"publish","type":"product","link":"https:\/\/www.multimedium.eu\/?product=art-deco-bakelit-bernstein-halskette-cherry-amber-bakelite-necklace","title":{"rendered":"Art Deco Bakelit Bernstein Halskette cherry amber bakelite necklace"},"content":{"rendered":"<p>Very nice outstanding Art Deco necklace made of Bakelite in &#8222;red cherry amber look&#8220;, from the 30s, clear faceted bakelite necklace, in olive shape with beautiful red cherry color, no amber rethreaded with strong pearl silk, unique in this way with capsules and spring ring closure in doubl\u00e9, in a good beautiful condition Length : 46 cm Measurements of the largest pearl : Diameter: 1.86 cm Length: 2.73 cm Total Weight: 33.2g<\/p>\n","protected":false},"excerpt":{"rendered":"<p>Art Deco Bakelit Bernstein Halskette cherry amber bakelite necklace<\/p>\n<p>Sehr sch\u00f6nes ausgefallenes Art Deco Collier<br \/>\naus Bakelit Kunststoff in &#8222;roter cherry Bernstein &#8211; Optik&#8220;,<br \/>\naus den 30er Jahren,<br \/>\nklare facettierte Bakelit Kunsttsoffkette,<br \/>\nin Olivenform mit sch\u00f6ner roter Farbe, kein Bernstein<br \/>\nmit starker lPerlseide neu aufgef\u00e4delt,<\/p>\n<p>in dieser Art ein Unikat,<\/p>\n<p>mit Kapseln und Federringverschlu\u00df in Double,<\/p>\n<p>in einem guten sch\u00f6nen Erhaltungszustand<\/p>\n<p>L\u00e4nge : 46 cm<br \/>\nMa\u00dfe der gr\u00f6\u00dften Perle :<br \/>\nDurchmesser: 1,86 cm\u00a0\u00a0 L\u00e4nge: 2,73 cm<br \/>\nGesamtgewicht: 33,2 g<\/p>\n","protected":false},"featured_media":86020,"template":"","meta":{"site-sidebar-layout":"default","site-content-layout":"default","ast-site-content-layout":"","site-content-style":"default","site-sidebar-style":"default","ast-global-header-display":"","ast-banner-title-visibility":"","ast-main-header-display":"","ast-hfb-above-header-display":"","ast-hfb-below-header-display":"","ast-hfb-mobile-header-display":"","site-post-title":"","ast-breadcrumbs-content":"","ast-featured-img":"","footer-sml-layout":"","theme-transparent-header-meta":"default","adv-header-id-meta":"","stick-header-meta":"","header-above-stick-meta":"","header-main-stick-meta":"","header-below-stick-meta":"","astra-migrate-meta-layouts":"default","ast-page-background-enabled":"default","ast-page-background-meta":{"desktop":{"background-color":"","background-image":"","background-repeat":"repeat","background-position":"center center","background-size":"auto","background-attachment":"scroll","background-type":"","background-media":"","overlay-type":"","overlay-color":"","overlay-opacity":"","overlay-gradient":""},"tablet":{"background-color":"","background-image":"","background-repeat":"repeat","background-position":"center center","background-size":"auto","background-attachment":"scroll","background-type":"","background-media":"","overlay-type":"","overlay-color":"","overlay-opacity":"","overlay-gradient":""},"mobile":{"background-color":"","background-image":"","background-repeat":"repeat","background-position":"center center","background-size":"auto","background-attachment":"scroll","background-type":"","background-media":"","overlay-type":"","overlay-color":"","overlay-opacity":"","overlay-gradient":""}},"ast-content-background-meta":{"desktop":{"background-color":"var(--ast-global-color-5)","background-image":"","background-repeat":"repeat","background-position":"center center","background-size":"auto","background-attachment":"scroll","background-type":"","background-media":"","overlay-type":"","overlay-color":"","overlay-opacity":"","overlay-gradient":""},"tablet":{"background-color":"var(--ast-global-color-5)","background-image":"","background-repeat":"repeat","background-position":"center center","background-size":"auto","background-attachment":"scroll","background-type":"","background-media":"","overlay-type":"","overlay-color":"","overlay-opacity":"","overlay-gradient":""},"mobile":{"background-color":"var(--ast-global-color-5)","background-image":"","background-repeat":"repeat","background-position":"center center","background-size":"auto","background-attachment":"scroll","background-type":"","background-media":"","overlay-type":"","overlay-color":"","overlay-opacity":"","overlay-gradient":""}}},"product_brand":[],"product_cat":[4322,3806,3563,3572,3582,4321],"product_tag":[4565,3716,3767,3768,3731,5839,4757,3649,4548,3650,3652],"class_list":{"0":"post-86019","1":"product","2":"type-product","3":"status-publish","4":"has-post-thumbnail","6":"product_cat-periode","7":"product_cat-art-deco","8":"product_cat-bernstein","9":"product_cat-juwelen","10":"product_cat-ketten-colliers","11":"product_cat-steine","12":"product_tag-30er-jahre","13":"product_tag-art-deco","14":"product_tag-bakelit","15":"product_tag-bakelite","16":"product_tag-bernstein","17":"product_tag-cherry-amber-look","18":"product_tag-cherry-bernstein-optik","19":"product_tag-collier","20":"product_tag-facettiert","21":"product_tag-halskette","22":"product_tag-necklace","23":"desktop-align-left","24":"tablet-align-left","25":"mobile-align-left","27":"first","28":"instock","29":"sold-individually","30":"shipping-taxable","31":"purchasable","32":"product-type-simple"},"_links":{"self":[{"href":"https:\/\/www.multimedium.eu\/index.php?rest_route=\/wp\/v2\/product\/86019","targetHints":{"allow":["GET"]}}],"collection":[{"href":"https:\/\/www.multimedium.eu\/index.php?rest_route=\/wp\/v2\/product"}],"about":[{"href":"https:\/\/www.multimedium.eu\/index.php?rest_route=\/wp\/v2\/types\/product"}],"version-history":[{"count":3,"href":"https:\/\/www.multimedium.eu\/index.php?rest_route=\/wp\/v2\/product\/86019\/revisions"}],"predecessor-version":[{"id":86260,"href":"https:\/\/www.multimedium.eu\/index.php?rest_route=\/wp\/v2\/product\/86019\/revisions\/86260"}],"wp:featuredmedia":[{"embeddable":true,"href":"https:\/\/www.multimedium.eu\/index.php?rest_route=\/wp\/v2\/media\/86020"}],"wp:attachment":[{"href":"https:\/\/www.multimedium.eu\/index.php?rest_route=%2Fwp%2Fv2%2Fmedia&parent=86019"}],"wp:term":[{"taxonomy":"product_brand","embeddable":true,"href":"https:\/\/www.multimedium.eu\/index.php?rest_route=%2Fwp%2Fv2%2Fproduct_brand&post=86019"},{"taxonomy":"product_cat","embeddable":true,"href":"https:\/\/www.multimedium.eu\/index.php?rest_route=%2Fwp%2Fv2%2Fproduct_cat&post=86019"},{"taxonomy":"product_tag","embeddable":true,"href":"https:\/\/www.multimedium.eu\/index.php?rest_route=%2Fwp%2Fv2%2Fproduct_tag&post=86019"}],"curies":[{"name":"wp","href":"https:\/\/api.w.org\/{rel}","templated":true}]}}