{"id":86026,"date":"2023-01-29T14:42:09","date_gmt":"2023-01-29T13:42:09","guid":{"rendered":"https:\/\/www.multimedium.eu\/?post_type=product&#038;p=86026"},"modified":"2025-03-13T09:27:37","modified_gmt":"2025-03-13T08:27:37","slug":"carl-braun-jugendstil-art-nouveau-collier-silber-silver-935-bernstein-amber","status":"publish","type":"product","link":"https:\/\/www.multimedium.eu\/?product=carl-braun-jugendstil-art-nouveau-collier-silber-silver-935-bernstein-amber","title":{"rendered":"Carl Braun Jugendstil Art Nouveau Collier Silber Silver 935 Bernstein Amber"},"content":{"rendered":"<h6>Carl Braun Jugendstil Art Nouveau Necklace Silver 935 Amber Amber<\/h6>\n<p>Beautiful, decorative Art Nouveau 935 silver pendant with amber, signed CB for Carl Braun, Schw\u00e4bisch Gm\u00fcnd, design by him or R. Pauschinger, hollow, on the integrated chain, an interesting museum collector&#8217;s item, stamped: 935, CB, age-appropriate, in good condition. Length of the necklace: 52 cm Pendant height: 4.8 cm Pendant width: 3.1 cm For similar pieces by Carl Braun, see the literature: Ulrike von Hase, Schmuck in Deutschland und \u00d6sterreich, Prestel-Verlag 1977, revised edition 1985<\/p>\n","protected":false},"excerpt":{"rendered":"<h6>Carl Braun Jugendstil Art Nouveau Collier Silber Silver 935 Bernstein Amber<\/h6>\n<p>Sch\u00f6ner dekorativer Jugendstil 935er Silber Anh\u00e4nger mit Bernstein, signiert CB f\u00fcr Carl Braun, Schw\u00e4bisch Gm\u00fcnd Entwurf von ihm oder R. Pauschinger, hohl verb\u00f6det, an integrierter Kette interessantes museales Sammlerst\u00fcck gestempelt: 935, CB altersgem\u00e4\u00df in einem guten Erhaltungszustand L\u00e4nge der Halskette: 52 cm H\u00f6he des Anh\u00e4ngers: 4,8 cm Breite des Anh\u00e4ngers: 3,1 cm \u00e4hnliche St\u00fccke von Carl Braun siehe in der Literatur: Ulrike von Hase, Schmuck in Deutschland und \u00d6sterreich, Prestel-Verlag 1977, verbesserte Auflage 1985<\/p>\n","protected":false},"featured_media":86027,"template":"","meta":{"site-sidebar-layout":"default","site-content-layout":"default","ast-site-content-layout":"","site-content-style":"default","site-sidebar-style":"default","ast-global-header-display":"","ast-banner-title-visibility":"","ast-main-header-display":"","ast-hfb-above-header-display":"","ast-hfb-below-header-display":"","ast-hfb-mobile-header-display":"","site-post-title":"","ast-breadcrumbs-content":"","ast-featured-img":"","footer-sml-layout":"","theme-transparent-header-meta":"default","adv-header-id-meta":"","stick-header-meta":"","header-above-stick-meta":"","header-main-stick-meta":"","header-below-stick-meta":"","astra-migrate-meta-layouts":"default","ast-page-background-enabled":"default","ast-page-background-meta":{"desktop":{"background-color":"","background-image":"","background-repeat":"repeat","background-position":"center center","background-size":"auto","background-attachment":"scroll","background-type":"","background-media":"","overlay-type":"","overlay-color":"","overlay-opacity":"","overlay-gradient":""},"tablet":{"background-color":"","background-image":"","background-repeat":"repeat","background-position":"center center","background-size":"auto","background-attachment":"scroll","background-type":"","background-media":"","overlay-type":"","overlay-color":"","overlay-opacity":"","overlay-gradient":""},"mobile":{"background-color":"","background-image":"","background-repeat":"repeat","background-position":"center center","background-size":"auto","background-attachment":"scroll","background-type":"","background-media":"","overlay-type":"","overlay-color":"","overlay-opacity":"","overlay-gradient":""}},"ast-content-background-meta":{"desktop":{"background-color":"var(--ast-global-color-5)","background-image":"","background-repeat":"repeat","background-position":"center center","background-size":"auto","background-attachment":"scroll","background-type":"","background-media":"","overlay-type":"","overlay-color":"","overlay-opacity":"","overlay-gradient":""},"tablet":{"background-color":"var(--ast-global-color-5)","background-image":"","background-repeat":"repeat","background-position":"center center","background-size":"auto","background-attachment":"scroll","background-type":"","background-media":"","overlay-type":"","overlay-color":"","overlay-opacity":"","overlay-gradient":""},"mobile":{"background-color":"var(--ast-global-color-5)","background-image":"","background-repeat":"repeat","background-position":"center center","background-size":"auto","background-attachment":"scroll","background-type":"","background-media":"","overlay-type":"","overlay-color":"","overlay-opacity":"","overlay-gradient":""}}},"product_brand":[],"product_cat":[5078,4450,3563,3559,3572,4322,4325,4321],"product_tag":[4743,3732,3700,3731,5840,3649,3698,5841,4080,3641,3342],"class_list":{"0":"post-86026","1":"product","2":"type-product","3":"status-publish","4":"has-post-thumbnail","6":"product_cat-metall-2","7":"product_cat-anhaenger","8":"product_cat-bernstein","9":"product_cat-jugendstil","10":"product_cat-juwelen","11":"product_cat-periode","12":"product_cat-silber","13":"product_cat-steine","14":"product_tag-4743","15":"product_tag-amber","16":"product_tag-art-nouveau","17":"product_tag-bernstein","18":"product_tag-carl-braun","19":"product_tag-collier","20":"product_tag-jugendstil","21":"product_tag-r-pauschinger","22":"product_tag-schwaebisch-gmuend","23":"product_tag-silber","24":"product_tag-silver","25":"desktop-align-left","26":"tablet-align-left","27":"mobile-align-left","29":"first","30":"instock","31":"sold-individually","32":"shipping-taxable","33":"purchasable","34":"product-type-simple"},"_links":{"self":[{"href":"https:\/\/www.multimedium.eu\/index.php?rest_route=\/wp\/v2\/product\/86026","targetHints":{"allow":["GET"]}}],"collection":[{"href":"https:\/\/www.multimedium.eu\/index.php?rest_route=\/wp\/v2\/product"}],"about":[{"href":"https:\/\/www.multimedium.eu\/index.php?rest_route=\/wp\/v2\/types\/product"}],"version-history":[{"count":2,"href":"https:\/\/www.multimedium.eu\/index.php?rest_route=\/wp\/v2\/product\/86026\/revisions"}],"predecessor-version":[{"id":86259,"href":"https:\/\/www.multimedium.eu\/index.php?rest_route=\/wp\/v2\/product\/86026\/revisions\/86259"}],"wp:featuredmedia":[{"embeddable":true,"href":"https:\/\/www.multimedium.eu\/index.php?rest_route=\/wp\/v2\/media\/86027"}],"wp:attachment":[{"href":"https:\/\/www.multimedium.eu\/index.php?rest_route=%2Fwp%2Fv2%2Fmedia&parent=86026"}],"wp:term":[{"taxonomy":"product_brand","embeddable":true,"href":"https:\/\/www.multimedium.eu\/index.php?rest_route=%2Fwp%2Fv2%2Fproduct_brand&post=86026"},{"taxonomy":"product_cat","embeddable":true,"href":"https:\/\/www.multimedium.eu\/index.php?rest_route=%2Fwp%2Fv2%2Fproduct_cat&post=86026"},{"taxonomy":"product_tag","embeddable":true,"href":"https:\/\/www.multimedium.eu\/index.php?rest_route=%2Fwp%2Fv2%2Fproduct_tag&post=86026"}],"curies":[{"name":"wp","href":"https:\/\/api.w.org\/{rel}","templated":true}]}}