{"id":86056,"date":"2023-01-31T18:29:47","date_gmt":"2023-01-31T17:29:47","guid":{"rendered":"https:\/\/www.multimedium.eu\/?post_type=product&#038;p=86056"},"modified":"2025-04-14T12:35:16","modified_gmt":"2025-04-14T10:35:16","slug":"750-gelbgold-smaragd-diamanten-ring-18ct-yellow-gold-diamonds-emerald","status":"publish","type":"product","link":"https:\/\/www.multimedium.eu\/?product=750-gelbgold-smaragd-diamanten-ring-18ct-yellow-gold-diamonds-emerald","title":{"rendered":"750 Gelbgold Smaragd Diamanten Ring 18ct yellow gold diamonds emerald"},"content":{"rendered":"<h6>1400750 18ct Yellow Gold Ring diamonds emerald<\/h6>\n<p>Delightful fine 750 yellow gold diamond emerald ring,<br \/>\nwith an oval cut emerald (0.45 ct)<br \/>\nand 2 diamonds (each 0.11 ct), si &#8211; p1, color G-H<br \/>\nStamped in the ring band: 750 and engraved: 0.45 &#8211; 0.22<\/p>\n<p>in a good worn condition<\/p>\n<p>Ring size 52 (16.5 mm \u00d8),<br \/>\nplease pay attention to the ring size,<br \/>\nor for the little finger,<br \/>\nMax Ring Width: 6.25mm<br \/>\nDiamond diameter: 3.08 mm<br \/>\nWeight: 6.47g<\/p>\n","protected":false},"excerpt":{"rendered":"<h6>750 Gelbgold Smaragd Diamanten Ring 18ct yellow gold diamonds emerald<\/h6>\n<p>Entz\u00fcckender feiner 750er Gelbgold Diamant Smaragd Ring,<br \/>\nmit einem ovalen geschliffenen Smaragd (0,45ct)<br \/>\nund 2 Diamanten (je 0,11ct), si &#8211; p1 ,Farbe G-H<br \/>\nin der Ringschiene gestempelt: 750 und graviert: 0,45 &#8211; 0,22<\/p>\n<p>in einem guten getragenen Erhaltungszustand<\/p>\n<p>Ringgr\u00f6\u00dfe 52 (16,5 mm \u00d8),<br \/>\nbitte auf die Ringgr\u00f6\u00dfe achten, oder f\u00fcr den kleinen Finger,<\/p>\n<p>Max. Breite des Rings: 6,25 mm<br \/>\nDurchmesser eines Diamanten: 3,08 mm<\/p>\n<p>Gewicht: 6,47 g<\/p>\n","protected":false},"featured_media":88406,"template":"","meta":{"site-sidebar-layout":"default","site-content-layout":"default","ast-site-content-layout":"default","site-content-style":"default","site-sidebar-style":"default","ast-global-header-display":"","ast-banner-title-visibility":"","ast-main-header-display":"","ast-hfb-above-header-display":"","ast-hfb-below-header-display":"","ast-hfb-mobile-header-display":"","site-post-title":"","ast-breadcrumbs-content":"","ast-featured-img":"","footer-sml-layout":"","theme-transparent-header-meta":"default","adv-header-id-meta":"","stick-header-meta":"","header-above-stick-meta":"","header-main-stick-meta":"","header-below-stick-meta":"","astra-migrate-meta-layouts":"set","ast-page-background-enabled":"default","ast-page-background-meta":{"desktop":{"background-color":"","background-image":"","background-repeat":"repeat","background-position":"center center","background-size":"auto","background-attachment":"scroll","background-type":"","background-media":"","overlay-type":"","overlay-color":"","overlay-opacity":"","overlay-gradient":""},"tablet":{"background-color":"","background-image":"","background-repeat":"repeat","background-position":"center center","background-size":"auto","background-attachment":"scroll","background-type":"","background-media":"","overlay-type":"","overlay-color":"","overlay-opacity":"","overlay-gradient":""},"mobile":{"background-color":"","background-image":"","background-repeat":"repeat","background-position":"center center","background-size":"auto","background-attachment":"scroll","background-type":"","background-media":"","overlay-type":"","overlay-color":"","overlay-opacity":"","overlay-gradient":""}},"ast-content-background-meta":{"desktop":{"background-color":"var(--ast-global-color-5)","background-image":"","background-repeat":"repeat","background-position":"center center","background-size":"auto","background-attachment":"scroll","background-type":"","background-media":"","overlay-type":"","overlay-color":"","overlay-opacity":"","overlay-gradient":""},"tablet":{"background-color":"var(--ast-global-color-5)","background-image":"","background-repeat":"repeat","background-position":"center center","background-size":"auto","background-attachment":"scroll","background-type":"","background-media":"","overlay-type":"","overlay-color":"","overlay-opacity":"","overlay-gradient":""},"mobile":{"background-color":"var(--ast-global-color-5)","background-image":"","background-repeat":"repeat","background-position":"center center","background-size":"auto","background-attachment":"scroll","background-type":"","background-media":"","overlay-type":"","overlay-color":"","overlay-opacity":"","overlay-gradient":""}}},"product_brand":[],"product_cat":[3564,3561,3575,3572,5078,4322,3579,5266,4321],"product_tag":[4764],"class_list":{"0":"post-86056","1":"product","2":"type-product","3":"status-publish","4":"has-post-thumbnail","6":"product_cat-gold","7":"product_cat-design-nach-1945","8":"product_cat-diamant","9":"product_cat-juwelen","10":"product_cat-metall-2","11":"product_cat-periode","12":"product_cat-ringe","13":"product_cat-smaragd","14":"product_cat-steine","15":"product_tag-gelbgold","16":"desktop-align-left","17":"tablet-align-left","18":"mobile-align-left","20":"first","21":"instock","22":"sold-individually","23":"shipping-taxable","24":"purchasable","25":"product-type-simple"},"_links":{"self":[{"href":"https:\/\/www.multimedium.eu\/index.php?rest_route=\/wp\/v2\/product\/86056","targetHints":{"allow":["GET"]}}],"collection":[{"href":"https:\/\/www.multimedium.eu\/index.php?rest_route=\/wp\/v2\/product"}],"about":[{"href":"https:\/\/www.multimedium.eu\/index.php?rest_route=\/wp\/v2\/types\/product"}],"version-history":[{"count":8,"href":"https:\/\/www.multimedium.eu\/index.php?rest_route=\/wp\/v2\/product\/86056\/revisions"}],"predecessor-version":[{"id":91837,"href":"https:\/\/www.multimedium.eu\/index.php?rest_route=\/wp\/v2\/product\/86056\/revisions\/91837"}],"wp:featuredmedia":[{"embeddable":true,"href":"https:\/\/www.multimedium.eu\/index.php?rest_route=\/wp\/v2\/media\/88406"}],"wp:attachment":[{"href":"https:\/\/www.multimedium.eu\/index.php?rest_route=%2Fwp%2Fv2%2Fmedia&parent=86056"}],"wp:term":[{"taxonomy":"product_brand","embeddable":true,"href":"https:\/\/www.multimedium.eu\/index.php?rest_route=%2Fwp%2Fv2%2Fproduct_brand&post=86056"},{"taxonomy":"product_cat","embeddable":true,"href":"https:\/\/www.multimedium.eu\/index.php?rest_route=%2Fwp%2Fv2%2Fproduct_cat&post=86056"},{"taxonomy":"product_tag","embeddable":true,"href":"https:\/\/www.multimedium.eu\/index.php?rest_route=%2Fwp%2Fv2%2Fproduct_tag&post=86056"}],"curies":[{"name":"wp","href":"https:\/\/api.w.org\/{rel}","templated":true}]}}