{"id":86150,"date":"2023-02-22T11:44:49","date_gmt":"2023-02-22T10:44:49","guid":{"rendered":"https:\/\/www.multimedium.eu\/?post_type=product&#038;p=86150"},"modified":"2025-03-13T09:27:34","modified_gmt":"2025-03-13T08:27:34","slug":"karl-karst-pforzheim-jugendstil-silber-anhaenger-tuerkis-lapislazuli-silver-pendant","status":"publish","type":"product","link":"https:\/\/www.multimedium.eu\/?product=karl-karst-pforzheim-jugendstil-silber-anhaenger-tuerkis-lapislazuli-silver-pendant","title":{"rendered":"Karl Karst Pforzheim attrib Jugendstil Silber Anh\u00e4nger T\u00fcrkis Lapislazuli silver pendant"},"content":{"rendered":"<h6>Karl Karst Pforzheim attrib Jugendstil Silber Anh\u00e4nger T\u00fcrkis Lapislazuli silver pendant<\/h6>\n<p>Beautiful decorative Art Nouveau silver pendant<br \/>\nwith matching silver chain,<br \/>\nby Karl Karst, Pforzheim, (attrib.) around 1910,<br \/>\nopen worked with tendril pattern,<br \/>\ncentered with a large oval turquoise cabochon<br \/>\nand 4 smaller round lapis lazuli cabochons<br \/>\nEyelet devious stamped: 800 (see photo)<br \/>\nchain not stamped<br \/>\nPendant and chain tested positive for silver<\/p>\n<p>in a good beautiful state of preservation<\/p>\n<p>Pendant height (without hanging loop): 6.1 cm<br \/>\nincl. hanging loop: 6.7 cm<br \/>\nPendant width: 3.2 cm<br \/>\nSilver chain length: 66 cm<\/p>\n","protected":false},"excerpt":{"rendered":"<p><strong>Karl Karst Pforzheim attrib Jugendstil Silber Anh\u00e4nger T\u00fcrkis Lapislazuli silver pendant<\/strong><\/p>\n<p>Wundersch\u00f6ner dekorativer Jugendstil Silber Anh\u00e4nger<br \/>\nmit zugrh\u00f6riger Silberkette,<br \/>\nvon Karl Karst, Pforzheim, (attrib.) ca. um 1910,<br \/>\ndurchbrochen gearbeitet mit Rankenmuster,<br \/>\nmittig mit einem gro\u00dfen ovalen T\u00fcrkis Cabochon<br \/>\nund 4 kleineren runden Lapislazuli Cabochons<br \/>\n\u00d6se verschlagen gestempelt: 800 (siehe Photo)<br \/>\nKette nicht gestempelt,<br \/>\nAnh\u00e4nger und Kette positiv auf Silber ger\u00fcft<\/p>\n<p>in einem guten sch\u00f6nen Erhaltungszustand<\/p>\n<p>H\u00f6he des Anh\u00e4ngers (ohne Aufh\u00e4nger\u00f6se):\u00a0 6,1 cm<br \/>\nincl. Aufh\u00e4nger\u00f6se: 6,7 cm<br \/>\nBreite des Anh\u00e4ngers:\u00a0 3,2 cm<br \/>\nL\u00e4nge der Silberkette:\u00a0 66 cm<\/p>\n<p>Schmuckmanufaktur in Pforzheim, Lebensdaten laut Literatur unbekannt<br \/>\nNicht immer waren die Schmuckst\u00fccke die in Pforzheim hergestellt wurden bezeichnet, viele trugen keine Herstellermarken.<br \/>\nObwohl es auch Schmuckst\u00fccke von Karl Karst gibt, die signiert sind, ist das Design dieses Schmuckst\u00fccks mit anderen von Karl Karst hergestellten Schmuckst\u00fccken vergleichbar.<\/p>\n<p>&nbsp;<\/p>\n","protected":false},"featured_media":86153,"template":"","meta":{"site-sidebar-layout":"default","site-content-layout":"default","ast-site-content-layout":"","site-content-style":"default","site-sidebar-style":"default","ast-global-header-display":"","ast-banner-title-visibility":"","ast-main-header-display":"","ast-hfb-above-header-display":"","ast-hfb-below-header-display":"","ast-hfb-mobile-header-display":"","site-post-title":"","ast-breadcrumbs-content":"","ast-featured-img":"","footer-sml-layout":"","theme-transparent-header-meta":"default","adv-header-id-meta":"","stick-header-meta":"","header-above-stick-meta":"","header-main-stick-meta":"","header-below-stick-meta":"","astra-migrate-meta-layouts":"default","ast-page-background-enabled":"default","ast-page-background-meta":{"desktop":{"background-color":"","background-image":"","background-repeat":"repeat","background-position":"center center","background-size":"auto","background-attachment":"scroll","background-type":"","background-media":"","overlay-type":"","overlay-color":"","overlay-opacity":"","overlay-gradient":""},"tablet":{"background-color":"","background-image":"","background-repeat":"repeat","background-position":"center center","background-size":"auto","background-attachment":"scroll","background-type":"","background-media":"","overlay-type":"","overlay-color":"","overlay-opacity":"","overlay-gradient":""},"mobile":{"background-color":"","background-image":"","background-repeat":"repeat","background-position":"center center","background-size":"auto","background-attachment":"scroll","background-type":"","background-media":"","overlay-type":"","overlay-color":"","overlay-opacity":"","overlay-gradient":""}},"ast-content-background-meta":{"desktop":{"background-color":"var(--ast-global-color-5)","background-image":"","background-repeat":"repeat","background-position":"center center","background-size":"auto","background-attachment":"scroll","background-type":"","background-media":"","overlay-type":"","overlay-color":"","overlay-opacity":"","overlay-gradient":""},"tablet":{"background-color":"var(--ast-global-color-5)","background-image":"","background-repeat":"repeat","background-position":"center center","background-size":"auto","background-attachment":"scroll","background-type":"","background-media":"","overlay-type":"","overlay-color":"","overlay-opacity":"","overlay-gradient":""},"mobile":{"background-color":"var(--ast-global-color-5)","background-image":"","background-repeat":"repeat","background-position":"center center","background-size":"auto","background-attachment":"scroll","background-type":"","background-media":"","overlay-type":"","overlay-color":"","overlay-opacity":"","overlay-gradient":""}}},"product_brand":[],"product_cat":[4450,3559,3572,4935,5078,4322,4325,4321,4149],"product_tag":[5801,3651,3700,3698,3772,3717,3718,3882,4951,3641,3342,3832,3677],"class_list":{"0":"post-86150","1":"product","2":"type-product","3":"status-publish","4":"has-post-thumbnail","6":"product_cat-anhaenger","7":"product_cat-jugendstil","8":"product_cat-juwelen","9":"product_cat-lapislazuli","10":"product_cat-metall-2","11":"product_cat-periode","12":"product_cat-silber","13":"product_cat-steine","14":"product_cat-tuerkis","15":"product_tag-5801","16":"product_tag-amethyst","17":"product_tag-art-nouveau","18":"product_tag-jugendstil","19":"product_tag-karl-karst","20":"product_tag-lapis-lazuli","21":"product_tag-lapislazuli","22":"product_tag-pforzheim","23":"product_tag-ranken","24":"product_tag-silber","25":"product_tag-silver","26":"product_tag-tuerkis","27":"product_tag-turquoise","28":"desktop-align-left","29":"tablet-align-left","30":"mobile-align-left","32":"first","33":"instock","34":"sold-individually","35":"shipping-taxable","36":"purchasable","37":"product-type-simple"},"_links":{"self":[{"href":"https:\/\/www.multimedium.eu\/index.php?rest_route=\/wp\/v2\/product\/86150","targetHints":{"allow":["GET"]}}],"collection":[{"href":"https:\/\/www.multimedium.eu\/index.php?rest_route=\/wp\/v2\/product"}],"about":[{"href":"https:\/\/www.multimedium.eu\/index.php?rest_route=\/wp\/v2\/types\/product"}],"version-history":[{"count":4,"href":"https:\/\/www.multimedium.eu\/index.php?rest_route=\/wp\/v2\/product\/86150\/revisions"}],"predecessor-version":[{"id":86160,"href":"https:\/\/www.multimedium.eu\/index.php?rest_route=\/wp\/v2\/product\/86150\/revisions\/86160"}],"wp:featuredmedia":[{"embeddable":true,"href":"https:\/\/www.multimedium.eu\/index.php?rest_route=\/wp\/v2\/media\/86153"}],"wp:attachment":[{"href":"https:\/\/www.multimedium.eu\/index.php?rest_route=%2Fwp%2Fv2%2Fmedia&parent=86150"}],"wp:term":[{"taxonomy":"product_brand","embeddable":true,"href":"https:\/\/www.multimedium.eu\/index.php?rest_route=%2Fwp%2Fv2%2Fproduct_brand&post=86150"},{"taxonomy":"product_cat","embeddable":true,"href":"https:\/\/www.multimedium.eu\/index.php?rest_route=%2Fwp%2Fv2%2Fproduct_cat&post=86150"},{"taxonomy":"product_tag","embeddable":true,"href":"https:\/\/www.multimedium.eu\/index.php?rest_route=%2Fwp%2Fv2%2Fproduct_tag&post=86150"}],"curies":[{"name":"wp","href":"https:\/\/api.w.org\/{rel}","templated":true}]}}