{"id":86169,"date":"2023-02-22T22:07:40","date_gmt":"2023-02-22T21:07:40","guid":{"rendered":"https:\/\/www.multimedium.eu\/?post_type=product&#038;p=86169"},"modified":"2025-03-13T09:27:34","modified_gmt":"2025-03-13T08:27:34","slug":"natur-bernstein-butterscotch-armband-mit-gummizug-real-amber-bracelet-2","status":"publish","type":"product","link":"https:\/\/www.multimedium.eu\/?product=natur-bernstein-butterscotch-armband-mit-gummizug-real-amber-bracelet-2","title":{"rendered":"Natur Bernstein Butterscotch Armband mit Gummizug real amber bracelet"},"content":{"rendered":"<h6>Natur Bernstein Butterscotch Armband mit Gummizug real amber bracelet<\/h6>\n<div>\u00a0<\/div>\n<div class=\"description\">Prachtvolles gro\u00dfes vtg <span style=\"font-size: large;\">Natur Bernstein Butterscotch Armband<\/span><span style=\"font-size: large;\"> mit Gummizug,\u00a0 <\/span><\/div>\n<div class=\"description\">mit sehr sch\u00f6ner <span style=\"font-size: large;\">nat\u00fcrlicher marmor-artiger <\/span>Maserung, in sch\u00f6nen Farben von hell Eigelb bis Ockergelb,<\/div>\n<div class=\"description\">au\u00dfergew\u00f6hnlich in dieser Gr\u00f6\u00dfe, in einem guten sch\u00f6nen Erhaltungszustand, selten getragen H\u00f6he der Bernsteinglieder (Breite des Armbands): ca. 5,5 cm Breite der Bernstein-Glieder: 4 cm Innen-Durchmesser des Armbands: ca. 6 cm Tiefe (Dicke) der Bernsteinglieder: ca. 1,35 cm Gesamtgewicht: 130,5 g<\/div>\n","protected":false},"excerpt":{"rendered":"<h6>Natural Amber Butterscotch Elasticated Bracelet real amber bracelet<\/h6>\n<p>Magnificent large vtg natural amber butterscotch bracelet with elastic,<br \/>\nwith very nice natural marble-like grain,<br \/>\nin beautiful colors from light egg yolk to ocher yellow,<br \/>\nextraordinary in this size,<\/p>\n<p>in good beautiful condition, rarely worn<\/p>\n<p>Height of the amber links (width of the bracelet): approx. 5.5 cm<br \/>\nWidth of the amber links: 4 cm<br \/>\nBracelet inner diameter: approx. 6 cm<br \/>\nDepth (thickness) of the amber links: approx. 1.35 cm<br \/>\nTotal Weight: 130.5g<\/p>\n","protected":false},"featured_media":86174,"template":"","meta":{"site-sidebar-layout":"default","site-content-layout":"default","ast-site-content-layout":"","site-content-style":"default","site-sidebar-style":"default","ast-global-header-display":"","ast-banner-title-visibility":"","ast-main-header-display":"","ast-hfb-above-header-display":"","ast-hfb-below-header-display":"","ast-hfb-mobile-header-display":"","site-post-title":"","ast-breadcrumbs-content":"","ast-featured-img":"","footer-sml-layout":"","theme-transparent-header-meta":"default","adv-header-id-meta":"","stick-header-meta":"","header-above-stick-meta":"","header-main-stick-meta":"","header-below-stick-meta":"","astra-migrate-meta-layouts":"default","ast-page-background-enabled":"default","ast-page-background-meta":{"desktop":{"background-color":"","background-image":"","background-repeat":"repeat","background-position":"center center","background-size":"auto","background-attachment":"scroll","background-type":"","background-media":"","overlay-type":"","overlay-color":"","overlay-opacity":"","overlay-gradient":""},"tablet":{"background-color":"","background-image":"","background-repeat":"repeat","background-position":"center center","background-size":"auto","background-attachment":"scroll","background-type":"","background-media":"","overlay-type":"","overlay-color":"","overlay-opacity":"","overlay-gradient":""},"mobile":{"background-color":"","background-image":"","background-repeat":"repeat","background-position":"center center","background-size":"auto","background-attachment":"scroll","background-type":"","background-media":"","overlay-type":"","overlay-color":"","overlay-opacity":"","overlay-gradient":""}},"ast-content-background-meta":{"desktop":{"background-color":"var(--ast-global-color-5)","background-image":"","background-repeat":"repeat","background-position":"center center","background-size":"auto","background-attachment":"scroll","background-type":"","background-media":"","overlay-type":"","overlay-color":"","overlay-opacity":"","overlay-gradient":""},"tablet":{"background-color":"var(--ast-global-color-5)","background-image":"","background-repeat":"repeat","background-position":"center center","background-size":"auto","background-attachment":"scroll","background-type":"","background-media":"","overlay-type":"","overlay-color":"","overlay-opacity":"","overlay-gradient":""},"mobile":{"background-color":"var(--ast-global-color-5)","background-image":"","background-repeat":"repeat","background-position":"center center","background-size":"auto","background-attachment":"scroll","background-type":"","background-media":"","overlay-type":"","overlay-color":"","overlay-opacity":"","overlay-gradient":""}}},"product_brand":[],"product_cat":[4322,3581,3563,3561,3572,4321],"product_tag":[3732,3661,3731,3663,4036,5848],"class_list":{"0":"post-86169","1":"product","2":"type-product","3":"status-publish","4":"has-post-thumbnail","6":"product_cat-periode","7":"product_cat-armbaender-armreif","8":"product_cat-bernstein","9":"product_cat-design-nach-1945","10":"product_cat-juwelen","11":"product_cat-steine","12":"product_tag-amber","13":"product_tag-armband","14":"product_tag-bernstein","15":"product_tag-bracelet","16":"product_tag-butterscotch","17":"product_tag-gummizug","18":"desktop-align-left","19":"tablet-align-left","20":"mobile-align-left","22":"first","23":"instock","24":"sold-individually","25":"shipping-taxable","26":"purchasable","27":"product-type-simple"},"_links":{"self":[{"href":"https:\/\/www.multimedium.eu\/index.php?rest_route=\/wp\/v2\/product\/86169","targetHints":{"allow":["GET"]}}],"collection":[{"href":"https:\/\/www.multimedium.eu\/index.php?rest_route=\/wp\/v2\/product"}],"about":[{"href":"https:\/\/www.multimedium.eu\/index.php?rest_route=\/wp\/v2\/types\/product"}],"version-history":[{"count":5,"href":"https:\/\/www.multimedium.eu\/index.php?rest_route=\/wp\/v2\/product\/86169\/revisions"}],"predecessor-version":[{"id":86258,"href":"https:\/\/www.multimedium.eu\/index.php?rest_route=\/wp\/v2\/product\/86169\/revisions\/86258"}],"wp:featuredmedia":[{"embeddable":true,"href":"https:\/\/www.multimedium.eu\/index.php?rest_route=\/wp\/v2\/media\/86174"}],"wp:attachment":[{"href":"https:\/\/www.multimedium.eu\/index.php?rest_route=%2Fwp%2Fv2%2Fmedia&parent=86169"}],"wp:term":[{"taxonomy":"product_brand","embeddable":true,"href":"https:\/\/www.multimedium.eu\/index.php?rest_route=%2Fwp%2Fv2%2Fproduct_brand&post=86169"},{"taxonomy":"product_cat","embeddable":true,"href":"https:\/\/www.multimedium.eu\/index.php?rest_route=%2Fwp%2Fv2%2Fproduct_cat&post=86169"},{"taxonomy":"product_tag","embeddable":true,"href":"https:\/\/www.multimedium.eu\/index.php?rest_route=%2Fwp%2Fv2%2Fproduct_tag&post=86169"}],"curies":[{"name":"wp","href":"https:\/\/api.w.org\/{rel}","templated":true}]}}