{"id":88093,"date":"2023-04-14T15:25:51","date_gmt":"2023-04-14T13:25:51","guid":{"rendered":"https:\/\/www.multimedium.eu\/?post_type=product&#038;p=88093"},"modified":"2025-03-13T09:27:23","modified_gmt":"2025-03-13T08:27:23","slug":"perli-modernist-fingerring-60er-jahre-karneol-mondstein-vintage-ring-carnelian-moonstone","status":"publish","type":"product","link":"https:\/\/www.multimedium.eu\/?product=perli-modernist-fingerring-60er-jahre-karneol-mondstein-vintage-ring-carnelian-moonstone","title":{"rendered":"Perli Modernist Fingerring 60er Jahre Karneol Mondstein vintage ring carnelian moonstone"},"content":{"rendered":"<h6>Perli Modernist finger ring 60s carnelian moonstone vintage<\/h6>\n<p>Beautiful decorative original 1960s silver finger ring by Perli<br \/>\nwith a carnelian cabochon and a moonstone cabochon,<br \/>\nStamped: Pe (maker&#8217;s mark Perli) and 925<\/p>\n<p>in a good beautiful condition<\/p>\n<p>Ring size: 56 (the ring size can be changed because the ring band is open)<br \/>\nRing head width: 2.5 cm<\/p>\n","protected":false},"excerpt":{"rendered":"<h6><strong>Perli Modernist Fingerring 60er Jahre Karneol Mondstein vintage ring carnelian moonstone<\/strong><\/h6>\n<p>Sch\u00f6ner dekorativer Original 60er Jahre Silber Fingerring von Perli<br \/>\nmit einem Karneol Cabochon und einem Mondstein Cabochon,<br \/>\ngestempelt: Pe (Herstellerpunze Perli) und 925<\/p>\n<p>in einem guten sch\u00f6nen Erhaltungszustand<\/p>\n<p>Ringgr\u00dfe: 56 (die Ringgr\u00f6\u00dfe ist ver\u00e4nderbar, da die Ringschiene offen gearbeitet ist)<br \/>\nBreite des Ringkopfs: 2,5 cm<\/p>\n","protected":false},"featured_media":88098,"template":"","meta":{"site-sidebar-layout":"default","site-content-layout":"default","ast-site-content-layout":"","site-content-style":"default","site-sidebar-style":"default","ast-global-header-display":"","ast-banner-title-visibility":"","ast-main-header-display":"","ast-hfb-above-header-display":"","ast-hfb-below-header-display":"","ast-hfb-mobile-header-display":"","site-post-title":"","ast-breadcrumbs-content":"","ast-featured-img":"","footer-sml-layout":"","theme-transparent-header-meta":"default","adv-header-id-meta":"","stick-header-meta":"","header-above-stick-meta":"","header-main-stick-meta":"","header-below-stick-meta":"","astra-migrate-meta-layouts":"default","ast-page-background-enabled":"default","ast-page-background-meta":{"desktop":{"background-color":"","background-image":"","background-repeat":"repeat","background-position":"center center","background-size":"auto","background-attachment":"scroll","background-type":"","background-media":"","overlay-type":"","overlay-color":"","overlay-opacity":"","overlay-gradient":""},"tablet":{"background-color":"","background-image":"","background-repeat":"repeat","background-position":"center center","background-size":"auto","background-attachment":"scroll","background-type":"","background-media":"","overlay-type":"","overlay-color":"","overlay-opacity":"","overlay-gradient":""},"mobile":{"background-color":"","background-image":"","background-repeat":"repeat","background-position":"center center","background-size":"auto","background-attachment":"scroll","background-type":"","background-media":"","overlay-type":"","overlay-color":"","overlay-opacity":"","overlay-gradient":""}},"ast-content-background-meta":{"desktop":{"background-color":"var(--ast-global-color-5)","background-image":"","background-repeat":"repeat","background-position":"center center","background-size":"auto","background-attachment":"scroll","background-type":"","background-media":"","overlay-type":"","overlay-color":"","overlay-opacity":"","overlay-gradient":""},"tablet":{"background-color":"var(--ast-global-color-5)","background-image":"","background-repeat":"repeat","background-position":"center center","background-size":"auto","background-attachment":"scroll","background-type":"","background-media":"","overlay-type":"","overlay-color":"","overlay-opacity":"","overlay-gradient":""},"mobile":{"background-color":"var(--ast-global-color-5)","background-image":"","background-repeat":"repeat","background-position":"center center","background-size":"auto","background-attachment":"scroll","background-type":"","background-media":"","overlay-type":"","overlay-color":"","overlay-opacity":"","overlay-gradient":""}}},"product_brand":[],"product_cat":[4322,3581,3561,3598,3572,4365],"product_tag":[3661,3663,3639,5712,3654,5711],"class_list":{"0":"post-88093","1":"product","2":"type-product","3":"status-publish","4":"has-post-thumbnail","6":"product_cat-periode","7":"product_cat-armbaender-armreif","8":"product_cat-design-nach-1945","9":"product_cat-emaille","10":"product_cat-juwelen","11":"product_cat-modernist","12":"product_tag-armband","13":"product_tag-bracelet","14":"product_tag-emaille","15":"product_tag-emailliert","16":"product_tag-enamel","17":"product_tag-mattemaille","18":"desktop-align-left","19":"tablet-align-left","20":"mobile-align-left","22":"first","23":"instock","24":"sold-individually","25":"shipping-taxable","26":"purchasable","27":"product-type-simple"},"_links":{"self":[{"href":"https:\/\/www.multimedium.eu\/index.php?rest_route=\/wp\/v2\/product\/88093","targetHints":{"allow":["GET"]}}],"collection":[{"href":"https:\/\/www.multimedium.eu\/index.php?rest_route=\/wp\/v2\/product"}],"about":[{"href":"https:\/\/www.multimedium.eu\/index.php?rest_route=\/wp\/v2\/types\/product"}],"version-history":[{"count":2,"href":"https:\/\/www.multimedium.eu\/index.php?rest_route=\/wp\/v2\/product\/88093\/revisions"}],"predecessor-version":[{"id":88101,"href":"https:\/\/www.multimedium.eu\/index.php?rest_route=\/wp\/v2\/product\/88093\/revisions\/88101"}],"wp:featuredmedia":[{"embeddable":true,"href":"https:\/\/www.multimedium.eu\/index.php?rest_route=\/wp\/v2\/media\/88098"}],"wp:attachment":[{"href":"https:\/\/www.multimedium.eu\/index.php?rest_route=%2Fwp%2Fv2%2Fmedia&parent=88093"}],"wp:term":[{"taxonomy":"product_brand","embeddable":true,"href":"https:\/\/www.multimedium.eu\/index.php?rest_route=%2Fwp%2Fv2%2Fproduct_brand&post=88093"},{"taxonomy":"product_cat","embeddable":true,"href":"https:\/\/www.multimedium.eu\/index.php?rest_route=%2Fwp%2Fv2%2Fproduct_cat&post=88093"},{"taxonomy":"product_tag","embeddable":true,"href":"https:\/\/www.multimedium.eu\/index.php?rest_route=%2Fwp%2Fv2%2Fproduct_tag&post=88093"}],"curies":[{"name":"wp","href":"https:\/\/api.w.org\/{rel}","templated":true}]}}