{"id":88489,"date":"2023-08-28T19:23:15","date_gmt":"2023-08-28T17:23:15","guid":{"rendered":"https:\/\/www.multimedium.eu\/?post_type=product&#038;p=88489"},"modified":"2025-03-13T09:27:18","modified_gmt":"2025-03-13T08:27:18","slug":"halskette-collier-emaille-metall-vergoldet-necklace-enamel-metal-gilt","status":"publish","type":"product","link":"https:\/\/www.multimedium.eu\/?product=halskette-collier-emaille-metall-vergoldet-necklace-enamel-metal-gilt","title":{"rendered":"Halskette Collier Emaille Metall vergoldet necklace enamel metal gilt"},"content":{"rendered":"<h6>Necklace necklace enamel metal gold plated<\/h6>\n<p>Magnificent beautiful old enamel necklace or collier,<br \/>\nbeautiful handwork in metal with 14ct gold plating,<br \/>\na nice interesting handwork,<br \/>\nwith flowers in enamel on a gilded background,<br \/>\nunusual, especially with the front thick enamel balls,<br \/>\ngetting smaller towards the closure,<br \/>\nnewly strung on strong pearl silk,<br \/>\nwith silver spring ring clasp,<\/p>\n<p>in a good beautiful state of preservation,<\/p>\n<p>Total chain length : 48 cm<br \/>\nMeasurement of the largest ball: 2 cm<\/p>\n","protected":false},"excerpt":{"rendered":"<h6>Halskette Collier Emaille Metall vergoldet necklace enamel metal gilt<\/h6>\n<p>Prachtvolles wundersch\u00f6nes altes Emaille Halskette bzw. Collier,<br \/>\nsch\u00f6ne Handarbeit in Metall mit 14ct Vergoldung,<br \/>\neine sch\u00f6ne interessante Handarbeit,<br \/>\nmit Bl\u00fcten in Emaille auf vergoldeten Hintergrund,<br \/>\nausgefallen, besonders mit den vordenen dicken Emaillekugeln,<br \/>\nzum Verschlu\u00df hin kleiner werdend,<br \/>\nauf starker Perlseide neu aufgezogen,<br \/>\nmit Silber Federring-Verschlu\u00df,<\/p>\n<p>in einem guten sch\u00f6nen Erhaltungszustand,<\/p>\n<p>Gesamt-L\u00e4nge der Kette : 48 cm<br \/>\nMa\u00df der gr\u00f6\u00dften Kugel: 2 cm<\/p>\n","protected":false},"featured_media":88490,"template":"","meta":{"site-sidebar-layout":"default","site-content-layout":"default","ast-site-content-layout":"default","site-content-style":"default","site-sidebar-style":"default","ast-global-header-display":"","ast-banner-title-visibility":"","ast-main-header-display":"","ast-hfb-above-header-display":"","ast-hfb-below-header-display":"","ast-hfb-mobile-header-display":"","site-post-title":"","ast-breadcrumbs-content":"","ast-featured-img":"","footer-sml-layout":"","theme-transparent-header-meta":"default","adv-header-id-meta":"","stick-header-meta":"","header-above-stick-meta":"","header-main-stick-meta":"","header-below-stick-meta":"","astra-migrate-meta-layouts":"set","ast-page-background-enabled":"default","ast-page-background-meta":{"desktop":{"background-color":"","background-image":"","background-repeat":"repeat","background-position":"center center","background-size":"auto","background-attachment":"scroll","background-type":"","background-media":"","overlay-type":"","overlay-color":"","overlay-opacity":"","overlay-gradient":""},"tablet":{"background-color":"","background-image":"","background-repeat":"repeat","background-position":"center center","background-size":"auto","background-attachment":"scroll","background-type":"","background-media":"","overlay-type":"","overlay-color":"","overlay-opacity":"","overlay-gradient":""},"mobile":{"background-color":"","background-image":"","background-repeat":"repeat","background-position":"center center","background-size":"auto","background-attachment":"scroll","background-type":"","background-media":"","overlay-type":"","overlay-color":"","overlay-opacity":"","overlay-gradient":""}},"ast-content-background-meta":{"desktop":{"background-color":"var(--ast-global-color-5)","background-image":"","background-repeat":"repeat","background-position":"center center","background-size":"auto","background-attachment":"scroll","background-type":"","background-media":"","overlay-type":"","overlay-color":"","overlay-opacity":"","overlay-gradient":""},"tablet":{"background-color":"var(--ast-global-color-5)","background-image":"","background-repeat":"repeat","background-position":"center center","background-size":"auto","background-attachment":"scroll","background-type":"","background-media":"","overlay-type":"","overlay-color":"","overlay-opacity":"","overlay-gradient":""},"mobile":{"background-color":"var(--ast-global-color-5)","background-image":"","background-repeat":"repeat","background-position":"center center","background-size":"auto","background-attachment":"scroll","background-type":"","background-media":"","overlay-type":"","overlay-color":"","overlay-opacity":"","overlay-gradient":""}}},"product_brand":[],"product_cat":[4322,3561,3598,3572,3582,5645,4321],"product_tag":[4113,4914,3649,3639,3654,3662,3650,3929,3810,3652,3660],"class_list":{"0":"post-88489","1":"product","2":"type-product","3":"status-publish","4":"has-post-thumbnail","6":"product_cat-periode","7":"product_cat-design-nach-1945","8":"product_cat-emaille","9":"product_cat-juwelen","10":"product_cat-ketten-colliers","11":"product_cat-ohne-steine","12":"product_cat-steine","13":"product_tag-blossom","14":"product_tag-blueten","15":"product_tag-collier","16":"product_tag-emaille","17":"product_tag-enamel","18":"product_tag-gilt","19":"product_tag-halskette","20":"product_tag-metal","21":"product_tag-metall","22":"product_tag-necklace","23":"product_tag-vergoldet","24":"desktop-align-left","25":"tablet-align-left","26":"mobile-align-left","28":"first","29":"instock","30":"sold-individually","31":"shipping-taxable","32":"purchasable","33":"product-type-simple"},"_links":{"self":[{"href":"https:\/\/www.multimedium.eu\/index.php?rest_route=\/wp\/v2\/product\/88489","targetHints":{"allow":["GET"]}}],"collection":[{"href":"https:\/\/www.multimedium.eu\/index.php?rest_route=\/wp\/v2\/product"}],"about":[{"href":"https:\/\/www.multimedium.eu\/index.php?rest_route=\/wp\/v2\/types\/product"}],"version-history":[{"count":1,"href":"https:\/\/www.multimedium.eu\/index.php?rest_route=\/wp\/v2\/product\/88489\/revisions"}],"predecessor-version":[{"id":88493,"href":"https:\/\/www.multimedium.eu\/index.php?rest_route=\/wp\/v2\/product\/88489\/revisions\/88493"}],"wp:featuredmedia":[{"embeddable":true,"href":"https:\/\/www.multimedium.eu\/index.php?rest_route=\/wp\/v2\/media\/88490"}],"wp:attachment":[{"href":"https:\/\/www.multimedium.eu\/index.php?rest_route=%2Fwp%2Fv2%2Fmedia&parent=88489"}],"wp:term":[{"taxonomy":"product_brand","embeddable":true,"href":"https:\/\/www.multimedium.eu\/index.php?rest_route=%2Fwp%2Fv2%2Fproduct_brand&post=88489"},{"taxonomy":"product_cat","embeddable":true,"href":"https:\/\/www.multimedium.eu\/index.php?rest_route=%2Fwp%2Fv2%2Fproduct_cat&post=88489"},{"taxonomy":"product_tag","embeddable":true,"href":"https:\/\/www.multimedium.eu\/index.php?rest_route=%2Fwp%2Fv2%2Fproduct_tag&post=88489"}],"curies":[{"name":"wp","href":"https:\/\/api.w.org\/{rel}","templated":true}]}}