{"id":88503,"date":"2023-09-01T13:14:03","date_gmt":"2023-09-01T11:14:03","guid":{"rendered":"https:\/\/www.multimedium.eu\/?post_type=product&#038;p=88503"},"modified":"2025-03-13T09:27:18","modified_gmt":"2025-03-13T08:27:18","slug":"gertrud-fries-arauner-augsburg-anhaenger-cloisonne-emaille-enamel-pendant-signed","status":"publish","type":"product","link":"https:\/\/www.multimedium.eu\/?product=gertrud-fries-arauner-augsburg-anhaenger-cloisonne-emaille-enamel-pendant-signed","title":{"rendered":"Gertrud Fries-Arauner Augsburg Anh\u00e4nger Cloisonn\u00e9 Emaille enamel pendant signed"},"content":{"rendered":"<h6>Gertrud Fries-Arauner Augsburg pendant Cloisonn\u00e9 Enamel signed<\/h6>\n<p>Very rare beautiful decorative designer pendant from<br \/>\nGertrud Fries-Arauner, Augsburg, from the 1930s<br \/>\nCloisonn\u00e9 enamel blossoms and leaves, bars raised<br \/>\nGreen enamelled back<br \/>\nadditionally signed on the back with the company signet,<br \/>\nHeight of the pendant including eyelet: 6.2 cm<br \/>\nPendant width: 4 cm<br \/>\nFor a picture of the pendant, see page 49 in the literature:<br \/>\nGertrud Fries-Arauner : ein Leben f\u00fcr die Goldschmiedekunst<br \/>\n(a life dedicated to the art of goldsmithing)<br \/>\n[this book was published to commemorate Augsburg&#8217;s first<br \/>\nmaster goldsmith Gertrud Fries-Arauner (1909 &#8211; 2001)] \/<br \/>\n[Ed.: Christof Lachenmann-Fries. Text: Winfried Striebel]<\/p>\n","protected":false},"excerpt":{"rendered":"<h6>Gertrud Fries-Arauner Augsburg Anh\u00e4nger Cloisonn\u00e9 Emaille enamel pendant signed<\/h6>\n<p>Sehr seltener sch\u00f6ner dekorativer Designer-Anh\u00e4nger von<br \/>\nGertrud Fries-Arauner, Augsburg, aus den 30er Jahren<br \/>\nCloisonn\u00e9 Emaille Bl\u00fcten und Bl\u00e4tter, Stege erhaben<br \/>\nR\u00fcckseite gr\u00fcn emailliert<br \/>\nzus\u00e4tzlich auf der R\u00fcckseite signiert mit dem Firmensignet,<br \/>\nH\u00f6he des Anh\u00e4ngers incl Aufh\u00e4nger : 6,2 cm<br \/>\nBreite des Anh\u00e4ngers:\u00a0 4 cm<br \/>\nAbb. des Anh\u00e4ngers siehe Seite 49 in der Literatur:<br \/>\nGertrud Fries-Arauner : ein Leben f\u00fcr die Goldschmiedekunst<br \/>\n[dieses Buch ersch. zur Erinnerung an Augsburgs erste<br \/>\nGoldschmiedemeisterin Gertrud Fries-Arauner (1909 &#8211; 2001)] \/<br \/>\n[Hrsg.: Christof Lachenmann-Fries. Text: Winfried Striebel]<\/p>\n","protected":false},"featured_media":88506,"template":"","meta":{"site-sidebar-layout":"default","site-content-layout":"default","ast-site-content-layout":"","site-content-style":"default","site-sidebar-style":"default","ast-global-header-display":"","ast-banner-title-visibility":"","ast-main-header-display":"","ast-hfb-above-header-display":"","ast-hfb-below-header-display":"","ast-hfb-mobile-header-display":"","site-post-title":"","ast-breadcrumbs-content":"","ast-featured-img":"","footer-sml-layout":"","theme-transparent-header-meta":"default","adv-header-id-meta":"","stick-header-meta":"","header-above-stick-meta":"","header-main-stick-meta":"","header-below-stick-meta":"","astra-migrate-meta-layouts":"default","ast-page-background-enabled":"default","ast-page-background-meta":{"desktop":{"background-color":"","background-image":"","background-repeat":"repeat","background-position":"center center","background-size":"auto","background-attachment":"scroll","background-type":"","background-media":"","overlay-type":"","overlay-color":"","overlay-opacity":"","overlay-gradient":""},"tablet":{"background-color":"","background-image":"","background-repeat":"repeat","background-position":"center center","background-size":"auto","background-attachment":"scroll","background-type":"","background-media":"","overlay-type":"","overlay-color":"","overlay-opacity":"","overlay-gradient":""},"mobile":{"background-color":"","background-image":"","background-repeat":"repeat","background-position":"center center","background-size":"auto","background-attachment":"scroll","background-type":"","background-media":"","overlay-type":"","overlay-color":"","overlay-opacity":"","overlay-gradient":""}},"ast-content-background-meta":{"desktop":{"background-color":"var(--ast-global-color-5)","background-image":"","background-repeat":"repeat","background-position":"center center","background-size":"auto","background-attachment":"scroll","background-type":"","background-media":"","overlay-type":"","overlay-color":"","overlay-opacity":"","overlay-gradient":""},"tablet":{"background-color":"var(--ast-global-color-5)","background-image":"","background-repeat":"repeat","background-position":"center center","background-size":"auto","background-attachment":"scroll","background-type":"","background-media":"","overlay-type":"","overlay-color":"","overlay-opacity":"","overlay-gradient":""},"mobile":{"background-color":"var(--ast-global-color-5)","background-image":"","background-repeat":"repeat","background-position":"center center","background-size":"auto","background-attachment":"scroll","background-type":"","background-media":"","overlay-type":"","overlay-color":"","overlay-opacity":"","overlay-gradient":""}}},"product_brand":[],"product_cat":[5078,4450,3806,3598,3572,5645,4322,4325],"product_tag":[4783,4784,3647,8803,4223,4113,4914,3639,3654,8802,4222,8804,4210,3909,3641,3342],"class_list":{"0":"post-88503","1":"product","2":"type-product","3":"status-publish","4":"has-post-thumbnail","6":"product_cat-metall-2","7":"product_cat-anhaenger","8":"product_cat-art-deco","9":"product_cat-emaille","10":"product_cat-juwelen","11":"product_cat-ohne-steine","12":"product_cat-periode","13":"product_cat-silber","14":"product_tag-40er-jahre","15":"product_tag-40s","16":"product_tag-anhaenger","17":"product_tag-augsburg","18":"product_tag-blaetter","19":"product_tag-blossom","20":"product_tag-blueten","21":"product_tag-emaille","22":"product_tag-enamel","23":"product_tag-fries-arauner","24":"product_tag-leaves","25":"product_tag-pandant","26":"product_tag-signed","27":"product_tag-signiert","28":"product_tag-silber","29":"product_tag-silver","30":"desktop-align-left","31":"tablet-align-left","32":"mobile-align-left","34":"first","35":"instock","36":"sold-individually","37":"shipping-taxable","38":"purchasable","39":"product-type-simple"},"_links":{"self":[{"href":"https:\/\/www.multimedium.eu\/index.php?rest_route=\/wp\/v2\/product\/88503","targetHints":{"allow":["GET"]}}],"collection":[{"href":"https:\/\/www.multimedium.eu\/index.php?rest_route=\/wp\/v2\/product"}],"about":[{"href":"https:\/\/www.multimedium.eu\/index.php?rest_route=\/wp\/v2\/types\/product"}],"version-history":[{"count":4,"href":"https:\/\/www.multimedium.eu\/index.php?rest_route=\/wp\/v2\/product\/88503\/revisions"}],"predecessor-version":[{"id":88525,"href":"https:\/\/www.multimedium.eu\/index.php?rest_route=\/wp\/v2\/product\/88503\/revisions\/88525"}],"wp:featuredmedia":[{"embeddable":true,"href":"https:\/\/www.multimedium.eu\/index.php?rest_route=\/wp\/v2\/media\/88506"}],"wp:attachment":[{"href":"https:\/\/www.multimedium.eu\/index.php?rest_route=%2Fwp%2Fv2%2Fmedia&parent=88503"}],"wp:term":[{"taxonomy":"product_brand","embeddable":true,"href":"https:\/\/www.multimedium.eu\/index.php?rest_route=%2Fwp%2Fv2%2Fproduct_brand&post=88503"},{"taxonomy":"product_cat","embeddable":true,"href":"https:\/\/www.multimedium.eu\/index.php?rest_route=%2Fwp%2Fv2%2Fproduct_cat&post=88503"},{"taxonomy":"product_tag","embeddable":true,"href":"https:\/\/www.multimedium.eu\/index.php?rest_route=%2Fwp%2Fv2%2Fproduct_tag&post=88503"}],"curies":[{"name":"wp","href":"https:\/\/api.w.org\/{rel}","templated":true}]}}