{"id":88513,"date":"2023-09-01T13:52:03","date_gmt":"2023-09-01T11:52:03","guid":{"rendered":"https:\/\/www.multimedium.eu\/?post_type=product&#038;p=88513"},"modified":"2025-03-13T09:27:18","modified_gmt":"2025-03-13T08:27:18","slug":"sehr-grosse-xxl-antike-585-weissgold-jugendstil-brosche-muschel-kamee-dame-14ct-cameo-white-gold-brooch-lady","status":"publish","type":"product","link":"https:\/\/www.multimedium.eu\/?product=sehr-grosse-xxl-antike-585-weissgold-jugendstil-brosche-muschel-kamee-dame-14ct-cameo-white-gold-brooch-lady","title":{"rendered":"Sehr gro\u00dfe XXL antike 585 Wei\u00dfgold Jugendstil Brosche Muschel Kamee Dame 14ct cameo white gold brooch lady"},"content":{"rendered":"<h6>Very large XXL antique 585 white gold Art Nouveau brooch shell cameo lady 14ct cameo white gold brooch lady<\/h6>\n<p>Stunning leased beautiful antique Art Nouveau white gold brooch or pendant<br \/>\nwith shell comb with a portrait of a lady in side profile,<br \/>\nadorned with a chain with a small diamond<br \/>\nin the finest cut cameo technique<br \/>\npierced white gold frame,<br \/>\nrare in this size, an absolute eye-catcher,<br \/>\nstamped, 585<\/p>\n<p>in a good beautiful state of preservation<\/p>\n<p>Height of the brooch : approx. 6,4 cm<br \/>\nWidth of the brooch: approx. 5 cm<\/p>\n","protected":false},"excerpt":{"rendered":"<p><strong>Sehr gro\u00dfe XXL antike 585 Wei\u00dfgold Jugendstil Brosche Muschel Kamee Dame 14ct cameo white gold brooch lady<\/strong><\/p>\n<p>Atemberaubende pachtvollte wundersch\u00f6ne antike Jugendstil Wei\u00dfgold Brosche bzw. Anh\u00e4nger<br \/>\nmit Muschelkamme mit einem Damenportrait in Seitenprofil,<br \/>\nschm\u00fcckend mit einer Kette mit einem kleinen Diamanten<br \/>\nin feinster geschnittener Cameotechnik<br \/>\nWei\u00dfgoldrahmen durchbrochen gearbeitet,<br \/>\nin dieser Gr\u00f6\u00dfe selten, ein absoluter Hingucker,<br \/>\ngestempelt, 585<\/p>\n<p>in einem guten sch\u00f6nen Erhaltungszustand<\/p>\n<p>H\u00f6he der Brosche :\u00a0 ca. 6,4 cm<br \/>\nBreite der Brosche:\u00a0 ca. 5 cm<\/p>\n","protected":false},"featured_media":88520,"template":"","meta":{"site-sidebar-layout":"default","site-content-layout":"default","ast-site-content-layout":"default","site-content-style":"default","site-sidebar-style":"default","ast-global-header-display":"","ast-banner-title-visibility":"","ast-main-header-display":"","ast-hfb-above-header-display":"","ast-hfb-below-header-display":"","ast-hfb-mobile-header-display":"","site-post-title":"","ast-breadcrumbs-content":"","ast-featured-img":"","footer-sml-layout":"","theme-transparent-header-meta":"default","adv-header-id-meta":"","stick-header-meta":"","header-above-stick-meta":"","header-main-stick-meta":"","header-below-stick-meta":"","astra-migrate-meta-layouts":"set","ast-page-background-enabled":"default","ast-page-background-meta":{"desktop":{"background-color":"","background-image":"","background-repeat":"repeat","background-position":"center center","background-size":"auto","background-attachment":"scroll","background-type":"","background-media":"","overlay-type":"","overlay-color":"","overlay-opacity":"","overlay-gradient":""},"tablet":{"background-color":"","background-image":"","background-repeat":"repeat","background-position":"center center","background-size":"auto","background-attachment":"scroll","background-type":"","background-media":"","overlay-type":"","overlay-color":"","overlay-opacity":"","overlay-gradient":""},"mobile":{"background-color":"","background-image":"","background-repeat":"repeat","background-position":"center center","background-size":"auto","background-attachment":"scroll","background-type":"","background-media":"","overlay-type":"","overlay-color":"","overlay-opacity":"","overlay-gradient":""}},"ast-content-background-meta":{"desktop":{"background-color":"var(--ast-global-color-5)","background-image":"","background-repeat":"repeat","background-position":"center center","background-size":"auto","background-attachment":"scroll","background-type":"","background-media":"","overlay-type":"","overlay-color":"","overlay-opacity":"","overlay-gradient":""},"tablet":{"background-color":"var(--ast-global-color-5)","background-image":"","background-repeat":"repeat","background-position":"center center","background-size":"auto","background-attachment":"scroll","background-type":"","background-media":"","overlay-type":"","overlay-color":"","overlay-opacity":"","overlay-gradient":""},"mobile":{"background-color":"var(--ast-global-color-5)","background-image":"","background-repeat":"repeat","background-position":"center center","background-size":"auto","background-attachment":"scroll","background-type":"","background-media":"","overlay-type":"","overlay-color":"","overlay-opacity":"","overlay-gradient":""}}},"product_brand":[],"product_cat":[4450,3580,3575,3559,3572,3577,4322,4321,4833],"product_tag":[3647,8875,8874,8876,8872,8932,8915,8897,8931,8930,3643,3636,3680,8871,3912,3710,8896,8918,8925,8926,8929,8928,8927,3657,8868,8873,8870,3915,4007,3818,3341,4756,4794],"class_list":{"0":"post-88513","1":"product","2":"type-product","3":"status-publish","4":"has-post-thumbnail","6":"product_cat-anhaenger","7":"product_cat-broschen","8":"product_cat-diamant","9":"product_cat-jugendstil","10":"product_cat-juwelen","11":"product_cat-kamee","12":"product_cat-periode","13":"product_cat-steine","14":"product_cat-weissgold","15":"product_tag-anhaenger","16":"product_tag-antike-kamme-halskette","17":"product_tag-antiker-kamee-anhaenger","18":"product_tag-antikes-kamee-collier","19":"product_tag-antique-cameo-necklace","20":"product_tag-art-nouveau-gold-diamond-pendant","21":"product_tag-art-nouveau-gold-pendant","22":"product_tag-art-nouveau-pendant","23":"product_tag-art-nouveau-white-gold-kamee-pendant","24":"product_tag-art-nouveau-white-gold-pendant","25":"product_tag-brooch","26":"product_tag-brosche","27":"product_tag-cameo","28":"product_tag-cameo-necklace","29":"product_tag-dame","30":"product_tag-gold","31":"product_tag-jugendstil-anhanger","32":"product_tag-jugendstil-gold-anhaenger","33":"product_tag-jugendstil-kamee","34":"product_tag-jugendstil-kamee-gold-anhaenger","35":"product_tag-jugendstil-muschel-kamee-anhaenger","36":"product_tag-jugendstil-muschelanhaenger","37":"product_tag-jugendstil-weissgold-kamee-anhaenger","38":"product_tag-kamee","39":"product_tag-kamee-anhaenger","40":"product_tag-kamee-collier","41":"product_tag-kamee-halskette","42":"product_tag-lady","43":"product_tag-muschel","44":"product_tag-muschelkamee","45":"product_tag-pendant","46":"product_tag-weissgold","47":"product_tag-white-gold","48":"desktop-align-left","49":"tablet-align-left","50":"mobile-align-left","52":"first","53":"instock","54":"sold-individually","55":"shipping-taxable","56":"purchasable","57":"product-type-simple"},"_links":{"self":[{"href":"https:\/\/www.multimedium.eu\/index.php?rest_route=\/wp\/v2\/product\/88513","targetHints":{"allow":["GET"]}}],"collection":[{"href":"https:\/\/www.multimedium.eu\/index.php?rest_route=\/wp\/v2\/product"}],"about":[{"href":"https:\/\/www.multimedium.eu\/index.php?rest_route=\/wp\/v2\/types\/product"}],"version-history":[{"count":1,"href":"https:\/\/www.multimedium.eu\/index.php?rest_route=\/wp\/v2\/product\/88513\/revisions"}],"predecessor-version":[{"id":88519,"href":"https:\/\/www.multimedium.eu\/index.php?rest_route=\/wp\/v2\/product\/88513\/revisions\/88519"}],"wp:featuredmedia":[{"embeddable":true,"href":"https:\/\/www.multimedium.eu\/index.php?rest_route=\/wp\/v2\/media\/88520"}],"wp:attachment":[{"href":"https:\/\/www.multimedium.eu\/index.php?rest_route=%2Fwp%2Fv2%2Fmedia&parent=88513"}],"wp:term":[{"taxonomy":"product_brand","embeddable":true,"href":"https:\/\/www.multimedium.eu\/index.php?rest_route=%2Fwp%2Fv2%2Fproduct_brand&post=88513"},{"taxonomy":"product_cat","embeddable":true,"href":"https:\/\/www.multimedium.eu\/index.php?rest_route=%2Fwp%2Fv2%2Fproduct_cat&post=88513"},{"taxonomy":"product_tag","embeddable":true,"href":"https:\/\/www.multimedium.eu\/index.php?rest_route=%2Fwp%2Fv2%2Fproduct_tag&post=88513"}],"curies":[{"name":"wp","href":"https:\/\/api.w.org\/{rel}","templated":true}]}}