{"id":89095,"date":"2024-01-28T18:24:14","date_gmt":"2024-01-28T17:24:14","guid":{"rendered":"https:\/\/www.multimedium.eu\/?post_type=product&#038;p=89095"},"modified":"2025-03-13T09:27:10","modified_gmt":"2025-03-13T08:27:10","slug":"gustav-hauber-schwaebich-gmuend-silber-armband-handarbeit-60er-jahre","status":"publish","type":"product","link":"https:\/\/www.multimedium.eu\/?product=gustav-hauber-schwaebich-gmuend-silber-armband-handarbeit-60er-jahre","title":{"rendered":"Gustav Hauber Schw\u00e4bich Gm\u00fcnd Silber Armband Handarbeit 60er Jahre"},"content":{"rendered":"<h6>Gustav Hauber Schw\u00e4bich Gm\u00fcnd silver bracelet handmade from the 1960s<\/h6>\n<p>Beautiful decorative designer silver bracelet<br \/>\nby Gustav Hauber from the 60s<br \/>\nBeautiful silversmith handcrafted in 835 silver<br \/>\nIntermediate elements in silver band design<br \/>\nwith pin closure<br \/>\nStamped: 835 and maker&#8217;s mark of Gustav Hauber Schw\u00e4bisch Gm\u00fcnd<\/p>\n<p>in a good, beautiful condition<\/p>\n<p>Bracelet length: approx. 19 cm<br \/>\nBracelet width: approx. 2.3 cm<\/p>\n","protected":false},"excerpt":{"rendered":"<h6>Gustav Hauber Schw\u00e4bich Gm\u00fcnd Silber Armband Handarbeit 60er Jahre<\/h6>\n<div class=\"description\">Sch\u00f6nes dekoratives Designer Silber Armband<\/div>\n<div class=\"description\">von Gustav Hauber aus den 60er Jahren<\/div>\n<div class=\"description\">sch\u00f6ne Silberschmiede Handarbeit in 835er Silber<\/div>\n<div class=\"description\">Zwischelemente in Silberband Design<\/div>\n<div class=\"description\">mit Stift-Verschlu\u00df<\/div>\n<div class=\"description\">gestempelt: 835 und Herstellerpunze von Gustav Hauber Schw\u00e4bisch Gm\u00fcnd<\/div>\n<div class=\"description\"><\/div>\n<div class=\"description\">in einem guten sch\u00f6nen Erhaltungszustand<\/div>\n<div class=\"description\"><\/div>\n<div class=\"description\">L\u00e4nge des Armbands: ca. 19 cm<\/div>\n<div class=\"description\">Breite des Armbands: ca. 2,3 cm<\/div>\n","protected":false},"featured_media":89098,"template":"","meta":{"site-sidebar-layout":"default","site-content-layout":"default","ast-site-content-layout":"default","site-content-style":"default","site-sidebar-style":"default","ast-global-header-display":"","ast-banner-title-visibility":"","ast-main-header-display":"","ast-hfb-above-header-display":"","ast-hfb-below-header-display":"","ast-hfb-mobile-header-display":"","site-post-title":"","ast-breadcrumbs-content":"","ast-featured-img":"","footer-sml-layout":"","theme-transparent-header-meta":"default","adv-header-id-meta":"","stick-header-meta":"","header-above-stick-meta":"","header-main-stick-meta":"","header-below-stick-meta":"","astra-migrate-meta-layouts":"set","ast-page-background-enabled":"default","ast-page-background-meta":{"desktop":{"background-color":"","background-image":"","background-repeat":"repeat","background-position":"center center","background-size":"auto","background-attachment":"scroll","background-type":"","background-media":"","overlay-type":"","overlay-color":"","overlay-opacity":"","overlay-gradient":""},"tablet":{"background-color":"","background-image":"","background-repeat":"repeat","background-position":"center center","background-size":"auto","background-attachment":"scroll","background-type":"","background-media":"","overlay-type":"","overlay-color":"","overlay-opacity":"","overlay-gradient":""},"mobile":{"background-color":"","background-image":"","background-repeat":"repeat","background-position":"center center","background-size":"auto","background-attachment":"scroll","background-type":"","background-media":"","overlay-type":"","overlay-color":"","overlay-opacity":"","overlay-gradient":""}},"ast-content-background-meta":{"desktop":{"background-color":"var(--ast-global-color-5)","background-image":"","background-repeat":"repeat","background-position":"center center","background-size":"auto","background-attachment":"scroll","background-type":"","background-media":"","overlay-type":"","overlay-color":"","overlay-opacity":"","overlay-gradient":""},"tablet":{"background-color":"var(--ast-global-color-5)","background-image":"","background-repeat":"repeat","background-position":"center center","background-size":"auto","background-attachment":"scroll","background-type":"","background-media":"","overlay-type":"","overlay-color":"","overlay-opacity":"","overlay-gradient":""},"mobile":{"background-color":"var(--ast-global-color-5)","background-image":"","background-repeat":"repeat","background-position":"center center","background-size":"auto","background-attachment":"scroll","background-type":"","background-media":"","overlay-type":"","overlay-color":"","overlay-opacity":"","overlay-gradient":""}}},"product_brand":[],"product_cat":[5078,3561,4322,4325],"product_tag":[4570,3661,3663,3721,3789,3641,3342,3832,3677],"class_list":{"0":"post-89095","1":"product","2":"type-product","3":"status-publish","4":"has-post-thumbnail","6":"product_cat-metall-2","7":"product_cat-design-nach-1945","8":"product_cat-periode","9":"product_cat-silber","10":"product_tag-60er-jahre","11":"product_tag-armband","12":"product_tag-bracelet","13":"product_tag-gustav-hauber","14":"product_tag-handarbeit","15":"product_tag-silber","16":"product_tag-silver","17":"product_tag-tuerkis","18":"product_tag-turquoise","19":"desktop-align-left","20":"tablet-align-left","21":"mobile-align-left","23":"first","24":"instock","25":"sold-individually","26":"shipping-taxable","27":"purchasable","28":"product-type-simple"},"_links":{"self":[{"href":"https:\/\/www.multimedium.eu\/index.php?rest_route=\/wp\/v2\/product\/89095","targetHints":{"allow":["GET"]}}],"collection":[{"href":"https:\/\/www.multimedium.eu\/index.php?rest_route=\/wp\/v2\/product"}],"about":[{"href":"https:\/\/www.multimedium.eu\/index.php?rest_route=\/wp\/v2\/types\/product"}],"version-history":[{"count":1,"href":"https:\/\/www.multimedium.eu\/index.php?rest_route=\/wp\/v2\/product\/89095\/revisions"}],"predecessor-version":[{"id":89102,"href":"https:\/\/www.multimedium.eu\/index.php?rest_route=\/wp\/v2\/product\/89095\/revisions\/89102"}],"wp:featuredmedia":[{"embeddable":true,"href":"https:\/\/www.multimedium.eu\/index.php?rest_route=\/wp\/v2\/media\/89098"}],"wp:attachment":[{"href":"https:\/\/www.multimedium.eu\/index.php?rest_route=%2Fwp%2Fv2%2Fmedia&parent=89095"}],"wp:term":[{"taxonomy":"product_brand","embeddable":true,"href":"https:\/\/www.multimedium.eu\/index.php?rest_route=%2Fwp%2Fv2%2Fproduct_brand&post=89095"},{"taxonomy":"product_cat","embeddable":true,"href":"https:\/\/www.multimedium.eu\/index.php?rest_route=%2Fwp%2Fv2%2Fproduct_cat&post=89095"},{"taxonomy":"product_tag","embeddable":true,"href":"https:\/\/www.multimedium.eu\/index.php?rest_route=%2Fwp%2Fv2%2Fproduct_tag&post=89095"}],"curies":[{"name":"wp","href":"https:\/\/api.w.org\/{rel}","templated":true}]}}