{"id":89208,"date":"2024-02-11T19:33:44","date_gmt":"2024-02-11T18:33:44","guid":{"rendered":"https:\/\/www.multimedium.eu\/?post_type=product&#038;p=89208"},"modified":"2025-03-13T09:27:09","modified_gmt":"2025-03-13T08:27:09","slug":"333-gelbgold-granat-collier-halskette-8ct-gold-garnet-necklace-8k","status":"publish","type":"product","link":"https:\/\/www.multimedium.eu\/?product=333-gelbgold-granat-collier-halskette-8ct-gold-garnet-necklace-8k","title":{"rendered":"333 Gelbgold Granat Collier Halskette 8ct gold garnet necklace 8k"},"content":{"rendered":"<h6>333 yellow gold garnet necklace 8ct 8k<\/h6>\n<p>Beautiful old decorative garnet 333 gold necklace,<br \/>\nwith beautiful dark red shiny Bohemian garnets,<br \/>\nstamped: 333,<\/p>\n<p>in a good, beautiful condition<\/p>\n<p>Length of the necklace: 42 cm<br \/>\nDiameter of the large flower in the middle: 2.15 cm<br \/>\nWidth of the middle part decorated with garnets: 15 cm<\/p>\n<p>Total weight: 14.4g<\/p>\n","protected":false},"excerpt":{"rendered":"<h6>333 Gelbgold Granat Collier Halskette 8ct gold garnet necklace 8k<\/h6>\n<p>Sch\u00f6nes altes dekoratives Granat 333 Gold Collier,<br \/>\nmit sch\u00f6nen dunkelroten gl\u00e4nzenden b\u00f6hmischen Granaten,<br \/>\ngestempelt: 333,<\/p>\n<p>in einem guten sch\u00f6nen Erhaltungszustand<\/p>\n<p>L\u00e4nge des Colliers: 42 cm<br \/>\nDurchmesser dergro\u00dfen Blume in der Mitte: 2,15 cm<br \/>\nBreite des mit Granaten besetzten Mittelteils: 15 cm<\/p>\n<p>Gesamt-Gewicht: 14,4 g<\/p>\n","protected":false},"featured_media":89213,"template":"","meta":{"site-sidebar-layout":"default","site-content-layout":"","ast-site-content-layout":"default","site-content-style":"default","site-sidebar-style":"default","ast-global-header-display":"","ast-banner-title-visibility":"","ast-main-header-display":"","ast-hfb-above-header-display":"","ast-hfb-below-header-display":"","ast-hfb-mobile-header-display":"","site-post-title":"","ast-breadcrumbs-content":"","ast-featured-img":"","footer-sml-layout":"","theme-transparent-header-meta":"default","adv-header-id-meta":"","stick-header-meta":"","header-above-stick-meta":"","header-main-stick-meta":"","header-below-stick-meta":"","astra-migrate-meta-layouts":"set","ast-page-background-enabled":"default","ast-page-background-meta":{"desktop":{"background-color":"","background-image":"","background-repeat":"repeat","background-position":"center center","background-size":"auto","background-attachment":"scroll","background-type":"","background-media":"","overlay-type":"","overlay-color":"","overlay-opacity":"","overlay-gradient":""},"tablet":{"background-color":"","background-image":"","background-repeat":"repeat","background-position":"center center","background-size":"auto","background-attachment":"scroll","background-type":"","background-media":"","overlay-type":"","overlay-color":"","overlay-opacity":"","overlay-gradient":""},"mobile":{"background-color":"","background-image":"","background-repeat":"repeat","background-position":"center center","background-size":"auto","background-attachment":"scroll","background-type":"","background-media":"","overlay-type":"","overlay-color":"","overlay-opacity":"","overlay-gradient":""}},"ast-content-background-meta":{"desktop":{"background-color":"var(--ast-global-color-5)","background-image":"","background-repeat":"repeat","background-position":"center center","background-size":"auto","background-attachment":"scroll","background-type":"","background-media":"","overlay-type":"","overlay-color":"","overlay-opacity":"","overlay-gradient":""},"tablet":{"background-color":"var(--ast-global-color-5)","background-image":"","background-repeat":"repeat","background-position":"center center","background-size":"auto","background-attachment":"scroll","background-type":"","background-media":"","overlay-type":"","overlay-color":"","overlay-opacity":"","overlay-gradient":""},"mobile":{"background-color":"var(--ast-global-color-5)","background-image":"","background-repeat":"repeat","background-position":"center center","background-size":"auto","background-attachment":"scroll","background-type":"","background-media":"","overlay-type":"","overlay-color":"","overlay-opacity":"","overlay-gradient":""}}},"product_brand":[],"product_cat":[3564,3561,3573,3572,3582,5078,4322,4321],"product_tag":[5772,8899,9000,8999,3649,3725,4764,3710,3724,8840,3650,3652,9001,9002],"class_list":{"0":"post-89208","1":"product","2":"type-product","3":"status-publish","4":"has-post-thumbnail","6":"product_cat-gold","7":"product_cat-design-nach-1945","8":"product_cat-granat","9":"product_cat-juwelen","10":"product_cat-ketten-colliers","11":"product_cat-metall-2","12":"product_cat-periode","13":"product_cat-steine","14":"product_tag-5772","15":"product_tag-333-gold","16":"product_tag-8ct","17":"product_tag-8k","18":"product_tag-collier","19":"product_tag-garnet","20":"product_tag-gelbgold","21":"product_tag-gold","22":"product_tag-granat","23":"product_tag-granat-collier","24":"product_tag-halskette","25":"product_tag-necklace","26":"product_tag-vintage-granat-collier","27":"product_tag-vintage-granat-gold-collier","28":"desktop-align-left","29":"tablet-align-left","30":"mobile-align-left","32":"first","33":"instock","34":"sold-individually","35":"shipping-taxable","36":"purchasable","37":"product-type-simple"},"_links":{"self":[{"href":"https:\/\/www.multimedium.eu\/index.php?rest_route=\/wp\/v2\/product\/89208","targetHints":{"allow":["GET"]}}],"collection":[{"href":"https:\/\/www.multimedium.eu\/index.php?rest_route=\/wp\/v2\/product"}],"about":[{"href":"https:\/\/www.multimedium.eu\/index.php?rest_route=\/wp\/v2\/types\/product"}],"version-history":[{"count":3,"href":"https:\/\/www.multimedium.eu\/index.php?rest_route=\/wp\/v2\/product\/89208\/revisions"}],"predecessor-version":[{"id":89215,"href":"https:\/\/www.multimedium.eu\/index.php?rest_route=\/wp\/v2\/product\/89208\/revisions\/89215"}],"wp:featuredmedia":[{"embeddable":true,"href":"https:\/\/www.multimedium.eu\/index.php?rest_route=\/wp\/v2\/media\/89213"}],"wp:attachment":[{"href":"https:\/\/www.multimedium.eu\/index.php?rest_route=%2Fwp%2Fv2%2Fmedia&parent=89208"}],"wp:term":[{"taxonomy":"product_brand","embeddable":true,"href":"https:\/\/www.multimedium.eu\/index.php?rest_route=%2Fwp%2Fv2%2Fproduct_brand&post=89208"},{"taxonomy":"product_cat","embeddable":true,"href":"https:\/\/www.multimedium.eu\/index.php?rest_route=%2Fwp%2Fv2%2Fproduct_cat&post=89208"},{"taxonomy":"product_tag","embeddable":true,"href":"https:\/\/www.multimedium.eu\/index.php?rest_route=%2Fwp%2Fv2%2Fproduct_tag&post=89208"}],"curies":[{"name":"wp","href":"https:\/\/api.w.org\/{rel}","templated":true}]}}