{"id":89229,"date":"2024-02-16T10:52:26","date_gmt":"2024-02-16T09:52:26","guid":{"rendered":"https:\/\/www.multimedium.eu\/?post_type=product&#038;p=89229"},"modified":"2025-03-13T09:28:19","modified_gmt":"2025-03-13T08:28:19","slug":"grosse-sommerso-murano-glas-block-vase-lila-uranglas-ueberfang-blau-um-1950-2","status":"publish","type":"product","link":"https:\/\/www.multimedium.eu\/?product=grosse-sommerso-murano-glas-block-vase-lila-uranglas-ueberfang-blau-um-1950-2","title":{"rendered":"Gro\u00dfe Sommerso Murano Glas Block Vase lila Uranglas \u00dcberfang blau um 1950"},"content":{"rendered":"<h6>Large Sommerso Murano glass block vase purple uranium glass overlay blue around 1950<\/h6>\n<p>Magnificent, large, heavy Murano Sommerso block vase from the 50s<br \/>\npurple undertaking,<br \/>\ncovered with uranium glass,<br \/>\nand covered on the outside with a bluish clear glass,<\/p>\n<p>Original height, not cut off!<br \/>\ngood, beautiful condition, no damage!<\/p>\n<p>Height: approx. 28.7 cm<br \/>\nWidth: approx. 7.3 cm<br \/>\nDiameter above: 7.4<br \/>\nDiameter below: 6.7 cm<\/p>\n","protected":false},"excerpt":{"rendered":"<h6>Gro\u00dfe Sommerso Murano Glas Block Vase lila Uranglas \u00dcberfang blau um 1950<\/h6>\n<p>Prachtvolle gro\u00dfe schwere Murano Sommerso Blockvase aus den 50er Jahren<br \/>\nvioletter Unterfang,<br \/>\n\u00fcberfangen mit Uranglas,<br \/>\nund au\u00dfen \u00fcberfangen mit einem bl\u00e4ulichen Klarglas,<br \/>\nOriginalh\u00f6he, nicht abgeschnitten!<br \/>\nguter sch\u00f6ner Erhaltungszustand, keine Besch\u00e4digung!<\/p>\n<p>H\u00f6he: ca. 28,7 cm<br \/>\nBreite: ca. 7,3 cm<br \/>\nDurchmesser oben : 7,4<br \/>\nDurchmesser unten: 6,7 cm<\/p>\n","protected":false},"featured_media":81525,"template":"","meta":{"site-sidebar-layout":"default","site-content-layout":"default","ast-site-content-layout":"default","site-content-style":"default","site-sidebar-style":"default","ast-global-header-display":"","ast-banner-title-visibility":"","ast-main-header-display":"","ast-hfb-above-header-display":"","ast-hfb-below-header-display":"","ast-hfb-mobile-header-display":"","site-post-title":"","ast-breadcrumbs-content":"","ast-featured-img":"","footer-sml-layout":"","theme-transparent-header-meta":"default","adv-header-id-meta":"","stick-header-meta":"","header-above-stick-meta":"","header-main-stick-meta":"","header-below-stick-meta":"","astra-migrate-meta-layouts":"set","ast-page-background-enabled":"default","ast-page-background-meta":{"desktop":{"background-color":"","background-image":"","background-repeat":"repeat","background-position":"center center","background-size":"auto","background-attachment":"scroll","background-type":"","background-media":"","overlay-type":"","overlay-color":"","overlay-opacity":"","overlay-gradient":""},"tablet":{"background-color":"","background-image":"","background-repeat":"repeat","background-position":"center center","background-size":"auto","background-attachment":"scroll","background-type":"","background-media":"","overlay-type":"","overlay-color":"","overlay-opacity":"","overlay-gradient":""},"mobile":{"background-color":"","background-image":"","background-repeat":"repeat","background-position":"center center","background-size":"auto","background-attachment":"scroll","background-type":"","background-media":"","overlay-type":"","overlay-color":"","overlay-opacity":"","overlay-gradient":""}},"ast-content-background-meta":{"desktop":{"background-color":"var(--ast-global-color-5)","background-image":"","background-repeat":"repeat","background-position":"center center","background-size":"auto","background-attachment":"scroll","background-type":"","background-media":"","overlay-type":"","overlay-color":"","overlay-opacity":"","overlay-gradient":""},"tablet":{"background-color":"var(--ast-global-color-5)","background-image":"","background-repeat":"repeat","background-position":"center center","background-size":"auto","background-attachment":"scroll","background-type":"","background-media":"","overlay-type":"","overlay-color":"","overlay-opacity":"","overlay-gradient":""},"mobile":{"background-color":"var(--ast-global-color-5)","background-image":"","background-repeat":"repeat","background-position":"center center","background-size":"auto","background-attachment":"scroll","background-type":"","background-media":"","overlay-type":"","overlay-color":"","overlay-opacity":"","overlay-gradient":""}}},"product_brand":[],"product_cat":[4324,3561,3531,4322],"product_tag":[4490,4571,3760,9003,3761,9004,9020,9018,9013,9014,9021,4536,9008,9009,9019,5324,4220,4915],"class_list":{"0":"post-89229","1":"product","2":"type-product","3":"status-publish","4":"has-post-thumbnail","6":"product_cat-kunstobjekte","7":"product_cat-design-nach-1945","8":"product_cat-glas","9":"product_cat-periode","10":"product_tag-50er-jahre","11":"product_tag-blockvase","12":"product_tag-glas","13":"product_tag-glas-vase","14":"product_tag-glass","15":"product_tag-glass-vase","16":"product_tag-grosse-schwere-murano-glas-vase","17":"product_tag-heavy-large-glass-vase","18":"product_tag-italian-glass-vase","19":"product_tag-italienische-glas-vase","20":"product_tag-large-heavy-murano-glass-vase","21":"product_tag-murano","22":"product_tag-murano-glas-vase","23":"product_tag-murano-glass-vase","24":"product_tag-schwere-grosse-glas-vase","25":"product_tag-uranglas","26":"product_tag-vase","27":"product_tag-violett","28":"desktop-align-left","29":"tablet-align-left","30":"mobile-align-left","32":"first","33":"instock","34":"sold-individually","35":"shipping-taxable","36":"purchasable","37":"product-type-simple"},"_links":{"self":[{"href":"https:\/\/www.multimedium.eu\/index.php?rest_route=\/wp\/v2\/product\/89229","targetHints":{"allow":["GET"]}}],"collection":[{"href":"https:\/\/www.multimedium.eu\/index.php?rest_route=\/wp\/v2\/product"}],"about":[{"href":"https:\/\/www.multimedium.eu\/index.php?rest_route=\/wp\/v2\/types\/product"}],"version-history":[{"count":1,"href":"https:\/\/www.multimedium.eu\/index.php?rest_route=\/wp\/v2\/product\/89229\/revisions"}],"predecessor-version":[{"id":89230,"href":"https:\/\/www.multimedium.eu\/index.php?rest_route=\/wp\/v2\/product\/89229\/revisions\/89230"}],"wp:featuredmedia":[{"embeddable":true,"href":"https:\/\/www.multimedium.eu\/index.php?rest_route=\/wp\/v2\/media\/81525"}],"wp:attachment":[{"href":"https:\/\/www.multimedium.eu\/index.php?rest_route=%2Fwp%2Fv2%2Fmedia&parent=89229"}],"wp:term":[{"taxonomy":"product_brand","embeddable":true,"href":"https:\/\/www.multimedium.eu\/index.php?rest_route=%2Fwp%2Fv2%2Fproduct_brand&post=89229"},{"taxonomy":"product_cat","embeddable":true,"href":"https:\/\/www.multimedium.eu\/index.php?rest_route=%2Fwp%2Fv2%2Fproduct_cat&post=89229"},{"taxonomy":"product_tag","embeddable":true,"href":"https:\/\/www.multimedium.eu\/index.php?rest_route=%2Fwp%2Fv2%2Fproduct_tag&post=89229"}],"curies":[{"name":"wp","href":"https:\/\/api.w.org\/{rel}","templated":true}]}}