{"id":89235,"date":"2024-02-16T12:14:01","date_gmt":"2024-02-16T11:14:01","guid":{"rendered":"https:\/\/www.multimedium.eu\/?post_type=product&#038;p=89235"},"modified":"2025-03-13T09:30:17","modified_gmt":"2025-03-13T08:30:17","slug":"prunkvoller-art-deco-lapislazuli-anhaenger-silber-lapis-lazuli","status":"publish","type":"product","link":"https:\/\/www.multimedium.eu\/?product=prunkvoller-art-deco-lapislazuli-anhaenger-silber-lapis-lazuli","title":{"rendered":"Prunkvoller Art Deco Lapislazuli Anh\u00e4nger Silber Lapis Lazuli"},"content":{"rendered":"<h6>Magnificent Art Deco lapis lazuli pendant silver<\/h6>\n<p>Rare magnificent decorative Art Deco lapis lazuli pendant<br \/>\nwith silver frame from the 1930s<br \/>\nwhich has a continuous band of semicircular,<br \/>\nis decorated with openwork floral patterns,<br \/>\nwith a trapezoid faceted cut lapis lazuli,<br \/>\na very unusual piece of jewelry,<br \/>\nstamped 800, manufacturer&#8217;s mark (oak leaf with acorn)<br \/>\ngood, beautiful condition<\/p>\n<p>Length including hanging eyelet: 6 cm<br \/>\nWidth: 2.5cm<\/p>\n<p>Offer is without chain<br \/>\n(original old chain, approx. 20s can be ordered additionally,<br \/>\nLength: 90 cm, 180 euros additional, is not stamped, silver tested)<\/p>\n","protected":false},"excerpt":{"rendered":"<p><strong>Prunkvoller Art Deco Lapislazuli Anh\u00e4nger Silber Lapis Lazuli <\/strong><\/p>\n<p>Seltener prunkvoller dekorativer Art Deco Lapislazuli-Anh\u00e4nger<br \/>\nmit Silber-Fassung aus den 30er Jahren<br \/>\ndie mit einem fortlaufenden Band aus halbrunden,<br \/>\ndurchbrochen gearbeiteten Bl\u00fctenmuster verziert ist,<br \/>\nmit einem gefassten trapezf\u00f6rmig facettiert geschliffenen Lapis-Lazuli,<br \/>\nein sehr ausgefallenes Schmuckst\u00fcck,<br \/>\ngestempelt 800, Herstelllerpunze (Eichenblatt mit Eichel)<br \/>\nguter sch\u00f6ner Erhaltungszustand<\/p>\n<p>L\u00e4nge incl. Aufh\u00e4nger-\u00d6se : 6 cm<br \/>\nBreite : 2,5 cm<\/p>\n<p>Angebot ist ohne Kette<br \/>\n(original alte Kette, ca. 20er Jahre kann zus\u00e4tzlich bestellt werden,<br \/>\nL\u00e4nge: 90 cm,\u00a0 180 Euro zus\u00e4tzlich, ist nicht gestempelt, Silber gepr\u00fcft)<\/p>\n","protected":false},"featured_media":76649,"template":"","meta":{"site-sidebar-layout":"default","site-content-layout":"default","ast-site-content-layout":"default","site-content-style":"default","site-sidebar-style":"default","ast-global-header-display":"","ast-banner-title-visibility":"","ast-main-header-display":"","ast-hfb-above-header-display":"","ast-hfb-below-header-display":"","ast-hfb-mobile-header-display":"","site-post-title":"","ast-breadcrumbs-content":"","ast-featured-img":"","footer-sml-layout":"","theme-transparent-header-meta":"default","adv-header-id-meta":"","stick-header-meta":"","header-above-stick-meta":"","header-main-stick-meta":"","header-below-stick-meta":"","astra-migrate-meta-layouts":"set","ast-page-background-enabled":"default","ast-page-background-meta":{"desktop":{"background-color":"","background-image":"","background-repeat":"repeat","background-position":"center center","background-size":"auto","background-attachment":"scroll","background-type":"","background-media":"","overlay-type":"","overlay-color":"","overlay-opacity":"","overlay-gradient":""},"tablet":{"background-color":"","background-image":"","background-repeat":"repeat","background-position":"center center","background-size":"auto","background-attachment":"scroll","background-type":"","background-media":"","overlay-type":"","overlay-color":"","overlay-opacity":"","overlay-gradient":""},"mobile":{"background-color":"","background-image":"","background-repeat":"repeat","background-position":"center center","background-size":"auto","background-attachment":"scroll","background-type":"","background-media":"","overlay-type":"","overlay-color":"","overlay-opacity":"","overlay-gradient":""}},"ast-content-background-meta":{"desktop":{"background-color":"var(--ast-global-color-5)","background-image":"","background-repeat":"repeat","background-position":"center center","background-size":"auto","background-attachment":"scroll","background-type":"","background-media":"","overlay-type":"","overlay-color":"","overlay-opacity":"","overlay-gradient":""},"tablet":{"background-color":"var(--ast-global-color-5)","background-image":"","background-repeat":"repeat","background-position":"center center","background-size":"auto","background-attachment":"scroll","background-type":"","background-media":"","overlay-type":"","overlay-color":"","overlay-opacity":"","overlay-gradient":""},"mobile":{"background-color":"var(--ast-global-color-5)","background-image":"","background-repeat":"repeat","background-position":"center center","background-size":"auto","background-attachment":"scroll","background-type":"","background-media":"","overlay-type":"","overlay-color":"","overlay-opacity":"","overlay-gradient":""}}},"product_brand":[],"product_cat":[4450,3806,3572,4935,4322,4325,4321],"product_tag":[3647,3716,3717,3718,3341,3641,3342],"class_list":{"0":"post-89235","1":"product","2":"type-product","3":"status-publish","4":"has-post-thumbnail","6":"product_cat-anhaenger","7":"product_cat-art-deco","8":"product_cat-juwelen","9":"product_cat-lapislazuli","10":"product_cat-periode","11":"product_cat-silber","12":"product_cat-steine","13":"product_tag-anhaenger","14":"product_tag-art-deco","15":"product_tag-lapis-lazuli","16":"product_tag-lapislazuli","17":"product_tag-pendant","18":"product_tag-silber","19":"product_tag-silver","20":"desktop-align-left","21":"tablet-align-left","22":"mobile-align-left","24":"first","25":"instock","26":"sold-individually","27":"shipping-taxable","28":"purchasable","29":"product-type-simple"},"_links":{"self":[{"href":"https:\/\/www.multimedium.eu\/index.php?rest_route=\/wp\/v2\/product\/89235","targetHints":{"allow":["GET"]}}],"collection":[{"href":"https:\/\/www.multimedium.eu\/index.php?rest_route=\/wp\/v2\/product"}],"about":[{"href":"https:\/\/www.multimedium.eu\/index.php?rest_route=\/wp\/v2\/types\/product"}],"version-history":[{"count":1,"href":"https:\/\/www.multimedium.eu\/index.php?rest_route=\/wp\/v2\/product\/89235\/revisions"}],"predecessor-version":[{"id":89236,"href":"https:\/\/www.multimedium.eu\/index.php?rest_route=\/wp\/v2\/product\/89235\/revisions\/89236"}],"wp:featuredmedia":[{"embeddable":true,"href":"https:\/\/www.multimedium.eu\/index.php?rest_route=\/wp\/v2\/media\/76649"}],"wp:attachment":[{"href":"https:\/\/www.multimedium.eu\/index.php?rest_route=%2Fwp%2Fv2%2Fmedia&parent=89235"}],"wp:term":[{"taxonomy":"product_brand","embeddable":true,"href":"https:\/\/www.multimedium.eu\/index.php?rest_route=%2Fwp%2Fv2%2Fproduct_brand&post=89235"},{"taxonomy":"product_cat","embeddable":true,"href":"https:\/\/www.multimedium.eu\/index.php?rest_route=%2Fwp%2Fv2%2Fproduct_cat&post=89235"},{"taxonomy":"product_tag","embeddable":true,"href":"https:\/\/www.multimedium.eu\/index.php?rest_route=%2Fwp%2Fv2%2Fproduct_tag&post=89235"}],"curies":[{"name":"wp","href":"https:\/\/api.w.org\/{rel}","templated":true}]}}