{"id":89394,"date":"2024-03-22T18:32:11","date_gmt":"2024-03-22T17:32:11","guid":{"rendered":"https:\/\/www.multimedium.eu\/?post_type=product&#038;p=89394"},"modified":"2025-03-13T09:27:05","modified_gmt":"2025-03-13T08:27:05","slug":"jugendstil-erhard-soehne-messing-schatulle-art-nouveau-box","status":"publish","type":"product","link":"https:\/\/www.multimedium.eu\/?product=jugendstil-erhard-soehne-messing-schatulle-art-nouveau-box","title":{"rendered":"Jugendstil Erhard und S\u00f6hne Messing Schatulle art nouveau box"},"content":{"rendered":"<h6>Art Nouveau Erhard and Sons brass casket art nouveau box<\/h6>\n<p>Magnificent, very beautiful antique massive heavy Art Nouveau brass casket,<br \/>\nfrom Erhard &amp; Sons,<br \/>\nwith ornaments and motifs in the Greek Roman style,<br \/>\nwith a hinged lid,<br \/>\nwith fabric insert<br \/>\nKey with the company motif of the lion from Erhard and S\u00f6hne,<\/p>\n<p>Box in very good condition for its age,<br \/>\nFabric insert in good used condition, with stains,<\/p>\n<p>Height of the box: 8 cm<br \/>\nBox length: 17.2 cm<br \/>\nWidth of the box: 9 cm<\/p>\n","protected":false},"excerpt":{"rendered":"<h6><strong>Jugendstil Erhard und S\u00f6hne Messing Schatulle art nouveau box<\/strong><\/h6>\n<p>Prachtvolle sehr sch\u00f6ne antike massive schwere Jugendstil Messing Schatulle,<br \/>\nvon Erhard &amp; S\u00f6hne,<br \/>\nmit Ornamenten und Motiven im griechisch r\u00f6mischen Stil,<br \/>\nmit einem scharnierten Deckel,<br \/>\nmit Stoffeinlage<br \/>\nSchl\u00fcssel mit dem Firmen Motiv des L\u00f6wen von Erhard und S\u00f6hne,<\/p>\n<p>Schatulle f\u00fcr das Alter in einem sehr guten Erhaltungszustand,<br \/>\nStoffeinlage in guter gebrauchter Erhaltung, mit Flecken,<\/p>\n<p>H\u00f6he der Schatulle: 8 cm<br \/>\nL\u00e4nge der Schatulle: 17,2 cm<br \/>\nBreite der Schatulle: 9 cm<\/p>\n","protected":false},"featured_media":89395,"template":"","meta":{"site-sidebar-layout":"default","site-content-layout":"default","ast-site-content-layout":"default","site-content-style":"default","site-sidebar-style":"default","ast-global-header-display":"","ast-banner-title-visibility":"","ast-main-header-display":"","ast-hfb-above-header-display":"","ast-hfb-below-header-display":"","ast-hfb-mobile-header-display":"","site-post-title":"","ast-breadcrumbs-content":"","ast-featured-img":"","footer-sml-layout":"","theme-transparent-header-meta":"default","adv-header-id-meta":"","stick-header-meta":"","header-above-stick-meta":"","header-main-stick-meta":"","header-below-stick-meta":"","astra-migrate-meta-layouts":"set","ast-page-background-enabled":"default","ast-page-background-meta":{"desktop":{"background-color":"","background-image":"","background-repeat":"repeat","background-position":"center center","background-size":"auto","background-attachment":"scroll","background-type":"","background-media":"","overlay-type":"","overlay-color":"","overlay-opacity":"","overlay-gradient":""},"tablet":{"background-color":"","background-image":"","background-repeat":"repeat","background-position":"center center","background-size":"auto","background-attachment":"scroll","background-type":"","background-media":"","overlay-type":"","overlay-color":"","overlay-opacity":"","overlay-gradient":""},"mobile":{"background-color":"","background-image":"","background-repeat":"repeat","background-position":"center center","background-size":"auto","background-attachment":"scroll","background-type":"","background-media":"","overlay-type":"","overlay-color":"","overlay-opacity":"","overlay-gradient":""}},"ast-content-background-meta":{"desktop":{"background-color":"var(--ast-global-color-5)","background-image":"","background-repeat":"repeat","background-position":"center center","background-size":"auto","background-attachment":"scroll","background-type":"","background-media":"","overlay-type":"","overlay-color":"","overlay-opacity":"","overlay-gradient":""},"tablet":{"background-color":"var(--ast-global-color-5)","background-image":"","background-repeat":"repeat","background-position":"center center","background-size":"auto","background-attachment":"scroll","background-type":"","background-media":"","overlay-type":"","overlay-color":"","overlay-opacity":"","overlay-gradient":""},"mobile":{"background-color":"var(--ast-global-color-5)","background-image":"","background-repeat":"repeat","background-position":"center center","background-size":"auto","background-attachment":"scroll","background-type":"","background-media":"","overlay-type":"","overlay-color":"","overlay-opacity":"","overlay-gradient":""}}},"product_brand":[],"product_cat":[3559,4324,3543,4322,4745],"product_tag":[3700,4235,3926,4238,9079,9078,9084,9081,9080,9083,9082,9077,3698,3925,5040,4239,3873,9076],"class_list":{"0":"post-89394","1":"product","2":"type-product","3":"status-publish","4":"has-post-thumbnail","6":"product_cat-jugendstil","7":"product_cat-kunstobjekte","8":"product_cat-metall","9":"product_cat-periode","10":"product_cat-schatulle","11":"product_tag-art-nouveau","12":"product_tag-box","13":"product_tag-brass","14":"product_tag-erhard-soehne","15":"product_tag-erhard-soehne-antike-original-messingobjekte","16":"product_tag-erhard-soehne-jugendstil-metallobjekte","17":"product_tag-erhard-soehne-schatulle","18":"product_tag-erhard-soehne-schwaebisch-gmuend","19":"product_tag-erhard-und-soehne-dose","20":"product_tag-erhard-und-soehne-schatulle","21":"product_tag-erhard-und-soehne-schmuckschatulle","22":"product_tag-erhard__soehne","23":"product_tag-jugendstil","24":"product_tag-messing","25":"product_tag-ornament","26":"product_tag-samt","27":"product_tag-schatulle","28":"product_tag-schwaebisch-gmuend-erhard-soehne","29":"desktop-align-left","30":"tablet-align-left","31":"mobile-align-left","33":"first","34":"instock","35":"sold-individually","36":"shipping-taxable","37":"purchasable","38":"product-type-simple"},"_links":{"self":[{"href":"https:\/\/www.multimedium.eu\/index.php?rest_route=\/wp\/v2\/product\/89394","targetHints":{"allow":["GET"]}}],"collection":[{"href":"https:\/\/www.multimedium.eu\/index.php?rest_route=\/wp\/v2\/product"}],"about":[{"href":"https:\/\/www.multimedium.eu\/index.php?rest_route=\/wp\/v2\/types\/product"}],"version-history":[{"count":5,"href":"https:\/\/www.multimedium.eu\/index.php?rest_route=\/wp\/v2\/product\/89394\/revisions"}],"predecessor-version":[{"id":89416,"href":"https:\/\/www.multimedium.eu\/index.php?rest_route=\/wp\/v2\/product\/89394\/revisions\/89416"}],"wp:featuredmedia":[{"embeddable":true,"href":"https:\/\/www.multimedium.eu\/index.php?rest_route=\/wp\/v2\/media\/89395"}],"wp:attachment":[{"href":"https:\/\/www.multimedium.eu\/index.php?rest_route=%2Fwp%2Fv2%2Fmedia&parent=89394"}],"wp:term":[{"taxonomy":"product_brand","embeddable":true,"href":"https:\/\/www.multimedium.eu\/index.php?rest_route=%2Fwp%2Fv2%2Fproduct_brand&post=89394"},{"taxonomy":"product_cat","embeddable":true,"href":"https:\/\/www.multimedium.eu\/index.php?rest_route=%2Fwp%2Fv2%2Fproduct_cat&post=89394"},{"taxonomy":"product_tag","embeddable":true,"href":"https:\/\/www.multimedium.eu\/index.php?rest_route=%2Fwp%2Fv2%2Fproduct_tag&post=89394"}],"curies":[{"name":"wp","href":"https:\/\/api.w.org\/{rel}","templated":true}]}}