{"id":89556,"date":"2024-05-12T14:50:38","date_gmt":"2024-05-12T12:50:38","guid":{"rendered":"https:\/\/www.multimedium.eu\/?post_type=product&#038;p=89556"},"modified":"2025-03-13T09:27:03","modified_gmt":"2025-03-13T08:27:03","slug":"perli-schwaebisch-gmuend-835-silber-brosche-bergkristall-handarbeit","status":"publish","type":"product","link":"https:\/\/www.multimedium.eu\/?product=perli-schwaebisch-gmuend-835-silber-brosche-bergkristall-handarbeit","title":{"rendered":"Perli Schw\u00e4bisch Gm\u00fcnd 835 Silber Brosche Bergkristall Handarbeit"},"content":{"rendered":"<h6>Perli Schw\u00e4bisch Gm\u00fcnd 835 silver brooch rock crystal handmade<\/h6>\n<p>Delightful large Art Deco Perli silver brooch,<br \/>\nMade by hand, in a concave round shape,<br \/>\nwith small spheres soldered on,<br \/>\nin the middle with a large rock crystal cabochon<br \/>\nmarked: handmade, Perli, 835<\/p>\n<p>in a good, beautiful condition<\/p>\n<p>Diameter: approx. 5 cm<br \/>\nHeight: approx. 1.4 cm<\/p>\n","protected":false},"excerpt":{"rendered":"<h6>Perli Schw\u00e4bisch Gm\u00fcnd 835 Silber Brosche Bergkristall Handarbeit<\/h6>\n<p>Entz\u00fcckende gro\u00dfe Art Deco Perli Silber Brosche,<br \/>\nin Handarbeit gefertigt, in konkaver runder Form,<br \/>\nmit aufgel\u00f6teten kleinen K\u00fcgelchen,<br \/>\nmittig mit einem gro\u00dfen Bergkristall Cabochon<br \/>\ngestempelt: Handarbeit, Perli, 835<\/p>\n<p>in einem guten sch\u00f6nen Erhaltungszustand<\/p>\n<p>Durchmesser:: ca. 5 cm<br \/>\nH\u00f6he: ca. 1,4, cm<\/p>\n","protected":false},"featured_media":89558,"template":"","meta":{"site-sidebar-layout":"default","site-content-layout":"default","ast-site-content-layout":"default","site-content-style":"default","site-sidebar-style":"default","ast-global-header-display":"","ast-banner-title-visibility":"","ast-main-header-display":"","ast-hfb-above-header-display":"","ast-hfb-below-header-display":"","ast-hfb-mobile-header-display":"","site-post-title":"","ast-breadcrumbs-content":"","ast-featured-img":"","footer-sml-layout":"","theme-transparent-header-meta":"default","adv-header-id-meta":"","stick-header-meta":"","header-above-stick-meta":"","header-main-stick-meta":"","header-below-stick-meta":"","astra-migrate-meta-layouts":"set","ast-page-background-enabled":"default","ast-page-background-meta":{"desktop":{"background-color":"","background-image":"","background-repeat":"repeat","background-position":"center center","background-size":"auto","background-attachment":"scroll","background-type":"","background-media":"","overlay-type":"","overlay-color":"","overlay-opacity":"","overlay-gradient":""},"tablet":{"background-color":"","background-image":"","background-repeat":"repeat","background-position":"center center","background-size":"auto","background-attachment":"scroll","background-type":"","background-media":"","overlay-type":"","overlay-color":"","overlay-opacity":"","overlay-gradient":""},"mobile":{"background-color":"","background-image":"","background-repeat":"repeat","background-position":"center center","background-size":"auto","background-attachment":"scroll","background-type":"","background-media":"","overlay-type":"","overlay-color":"","overlay-opacity":"","overlay-gradient":""}},"ast-content-background-meta":{"desktop":{"background-color":"var(--ast-global-color-5)","background-image":"","background-repeat":"repeat","background-position":"center center","background-size":"auto","background-attachment":"scroll","background-type":"","background-media":"","overlay-type":"","overlay-color":"","overlay-opacity":"","overlay-gradient":""},"tablet":{"background-color":"var(--ast-global-color-5)","background-image":"","background-repeat":"repeat","background-position":"center center","background-size":"auto","background-attachment":"scroll","background-type":"","background-media":"","overlay-type":"","overlay-color":"","overlay-opacity":"","overlay-gradient":""},"mobile":{"background-color":"var(--ast-global-color-5)","background-image":"","background-repeat":"repeat","background-position":"center center","background-size":"auto","background-attachment":"scroll","background-type":"","background-media":"","overlay-type":"","overlay-color":"","overlay-opacity":"","overlay-gradient":""}}},"product_brand":[],"product_cat":[4802,3580,3572,3599],"product_tag":[8838,3716,3842,3643,3636,5800,3789,3770,3343,3641,3342],"class_list":{"0":"post-89556","1":"product","2":"type-product","3":"status-publish","4":"has-post-thumbnail","6":"product_cat-bergkristall","7":"product_cat-broschen","8":"product_cat-juwelen","9":"product_cat-signierter-schmuck","10":"product_tag-8838","11":"product_tag-art-deco","12":"product_tag-bergkristall","13":"product_tag-brooch","14":"product_tag-brosche","15":"product_tag-hand-made","16":"product_tag-handarbeit","17":"product_tag-perli","18":"product_tag-rock-crystal","19":"product_tag-silber","20":"product_tag-silver","21":"desktop-align-left","22":"tablet-align-left","23":"mobile-align-left","25":"first","26":"instock","27":"sold-individually","28":"shipping-taxable","29":"purchasable","30":"product-type-simple"},"_links":{"self":[{"href":"https:\/\/www.multimedium.eu\/index.php?rest_route=\/wp\/v2\/product\/89556","targetHints":{"allow":["GET"]}}],"collection":[{"href":"https:\/\/www.multimedium.eu\/index.php?rest_route=\/wp\/v2\/product"}],"about":[{"href":"https:\/\/www.multimedium.eu\/index.php?rest_route=\/wp\/v2\/types\/product"}],"version-history":[{"count":1,"href":"https:\/\/www.multimedium.eu\/index.php?rest_route=\/wp\/v2\/product\/89556\/revisions"}],"predecessor-version":[{"id":89563,"href":"https:\/\/www.multimedium.eu\/index.php?rest_route=\/wp\/v2\/product\/89556\/revisions\/89563"}],"wp:featuredmedia":[{"embeddable":true,"href":"https:\/\/www.multimedium.eu\/index.php?rest_route=\/wp\/v2\/media\/89558"}],"wp:attachment":[{"href":"https:\/\/www.multimedium.eu\/index.php?rest_route=%2Fwp%2Fv2%2Fmedia&parent=89556"}],"wp:term":[{"taxonomy":"product_brand","embeddable":true,"href":"https:\/\/www.multimedium.eu\/index.php?rest_route=%2Fwp%2Fv2%2Fproduct_brand&post=89556"},{"taxonomy":"product_cat","embeddable":true,"href":"https:\/\/www.multimedium.eu\/index.php?rest_route=%2Fwp%2Fv2%2Fproduct_cat&post=89556"},{"taxonomy":"product_tag","embeddable":true,"href":"https:\/\/www.multimedium.eu\/index.php?rest_route=%2Fwp%2Fv2%2Fproduct_tag&post=89556"}],"curies":[{"name":"wp","href":"https:\/\/api.w.org\/{rel}","templated":true}]}}