{"id":89726,"date":"2024-06-23T12:29:55","date_gmt":"2024-06-23T10:29:55","guid":{"rendered":"https:\/\/www.multimedium.eu\/?post_type=product&#038;p=89726"},"modified":"2025-03-13T09:31:29","modified_gmt":"2025-03-13T08:31:29","slug":"jugendstil-millefiori-mikromosaik-kreuz-anhaenger-selten-micro-mosaic-2","status":"publish","type":"product","link":"https:\/\/www.multimedium.eu\/?product=jugendstil-millefiori-mikromosaik-kreuz-anhaenger-selten-micro-mosaic-2","title":{"rendered":"Jugendstil Millefiori Mikromosaik Kreuz Anh\u00e4nger selten micro mosaic"},"content":{"rendered":"<p>Large magnificent antique rare Millefiori Art Nouveau micro-mosaic cross,<br \/>\nfinest glass mosaic handmade from Italy c.1910,<br \/>\nset in silver-plated brass with hanger eyelet,<br \/>\nsigned: Stocker,<\/p>\n<p>in a good beautiful condition<\/p>\n<p>Height of cross (without hanging loop): 4,25&#8243; (10.8 cm)<br \/>\nWidth of the cross: 2,44&#8243; (6.2 cm)<\/p>\n","protected":false},"excerpt":{"rendered":"<p><strong>Jugendstil Millefiori Mikromosaik Kreuz Anh\u00e4nger selten micro mosaic<\/strong><\/p>\n<p>Gro\u00dfes prachtvolles antikes seltenes Millefiori Jugendstil Mikromosaik Kreuz,<br \/>\nfeinste Glasmosaik Handarbeit aus Italien um 1910,<br \/>\ngefasst in Messing versilbert\u00a0 mit Aufh\u00e4nger-\u00d6se,<br \/>\nsigniert: Stocker,<\/p>\n<p>in einem guten sch\u00f6nen Erhaltungszustand<\/p>\n<p>H\u00f6he der Kreuzes (ohne Aufh\u00e4nger-\u00d6se): 10,8 cm<br \/>\nBreite des Kreuzes: 6,2 cm<\/p>\n","protected":false},"featured_media":73838,"template":"","meta":{"site-sidebar-layout":"default","site-content-layout":"default","ast-site-content-layout":"default","site-content-style":"default","site-sidebar-style":"default","ast-global-header-display":"","ast-banner-title-visibility":"","ast-main-header-display":"","ast-hfb-above-header-display":"","ast-hfb-below-header-display":"","ast-hfb-mobile-header-display":"","site-post-title":"","ast-breadcrumbs-content":"","ast-featured-img":"","footer-sml-layout":"","theme-transparent-header-meta":"default","adv-header-id-meta":"","stick-header-meta":"","header-above-stick-meta":"","header-main-stick-meta":"","header-below-stick-meta":"","astra-migrate-meta-layouts":"set","ast-page-background-enabled":"default","ast-page-background-meta":{"desktop":{"background-color":"","background-image":"","background-repeat":"repeat","background-position":"center center","background-size":"auto","background-attachment":"scroll","background-type":"","background-media":"","overlay-type":"","overlay-color":"","overlay-opacity":"","overlay-gradient":""},"tablet":{"background-color":"","background-image":"","background-repeat":"repeat","background-position":"center center","background-size":"auto","background-attachment":"scroll","background-type":"","background-media":"","overlay-type":"","overlay-color":"","overlay-opacity":"","overlay-gradient":""},"mobile":{"background-color":"","background-image":"","background-repeat":"repeat","background-position":"center center","background-size":"auto","background-attachment":"scroll","background-type":"","background-media":"","overlay-type":"","overlay-color":"","overlay-opacity":"","overlay-gradient":""}},"ast-content-background-meta":{"desktop":{"background-color":"var(--ast-global-color-5)","background-image":"","background-repeat":"repeat","background-position":"center center","background-size":"auto","background-attachment":"scroll","background-type":"","background-media":"","overlay-type":"","overlay-color":"","overlay-opacity":"","overlay-gradient":""},"tablet":{"background-color":"var(--ast-global-color-5)","background-image":"","background-repeat":"repeat","background-position":"center center","background-size":"auto","background-attachment":"scroll","background-type":"","background-media":"","overlay-type":"","overlay-color":"","overlay-opacity":"","overlay-gradient":""},"mobile":{"background-color":"var(--ast-global-color-5)","background-image":"","background-repeat":"repeat","background-position":"center center","background-size":"auto","background-attachment":"scroll","background-type":"","background-media":"","overlay-type":"","overlay-color":"","overlay-opacity":"","overlay-gradient":""}}},"product_brand":[],"product_cat":[4450,3559,3572,3617,4322,4321],"product_tag":[3700,3926,3675,3698,3674,3925,4083,4082,4084,4004,4451,4003],"class_list":{"0":"post-89726","1":"product","2":"type-product","3":"status-publish","4":"has-post-thumbnail","6":"product_cat-anhaenger","7":"product_cat-jugendstil","8":"product_cat-juwelen","9":"product_cat-mikromosaik","10":"product_cat-periode","11":"product_cat-steine","12":"product_tag-art-nouveau","13":"product_tag-brass","14":"product_tag-cross","15":"product_tag-jugendstil","16":"product_tag-kreuz","17":"product_tag-messing","18":"product_tag-micromosaic","19":"product_tag-mikromosaik","20":"product_tag-millefiori","21":"product_tag-silver-plated","22":"product_tag-stocker","23":"product_tag-versilbert","24":"desktop-align-left","25":"tablet-align-left","26":"mobile-align-left","28":"first","29":"instock","30":"sold-individually","31":"shipping-taxable","32":"purchasable","33":"product-type-simple"},"_links":{"self":[{"href":"https:\/\/www.multimedium.eu\/index.php?rest_route=\/wp\/v2\/product\/89726","targetHints":{"allow":["GET"]}}],"collection":[{"href":"https:\/\/www.multimedium.eu\/index.php?rest_route=\/wp\/v2\/product"}],"about":[{"href":"https:\/\/www.multimedium.eu\/index.php?rest_route=\/wp\/v2\/types\/product"}],"version-history":[{"count":1,"href":"https:\/\/www.multimedium.eu\/index.php?rest_route=\/wp\/v2\/product\/89726\/revisions"}],"predecessor-version":[{"id":89727,"href":"https:\/\/www.multimedium.eu\/index.php?rest_route=\/wp\/v2\/product\/89726\/revisions\/89727"}],"wp:featuredmedia":[{"embeddable":true,"href":"https:\/\/www.multimedium.eu\/index.php?rest_route=\/wp\/v2\/media\/73838"}],"wp:attachment":[{"href":"https:\/\/www.multimedium.eu\/index.php?rest_route=%2Fwp%2Fv2%2Fmedia&parent=89726"}],"wp:term":[{"taxonomy":"product_brand","embeddable":true,"href":"https:\/\/www.multimedium.eu\/index.php?rest_route=%2Fwp%2Fv2%2Fproduct_brand&post=89726"},{"taxonomy":"product_cat","embeddable":true,"href":"https:\/\/www.multimedium.eu\/index.php?rest_route=%2Fwp%2Fv2%2Fproduct_cat&post=89726"},{"taxonomy":"product_tag","embeddable":true,"href":"https:\/\/www.multimedium.eu\/index.php?rest_route=%2Fwp%2Fv2%2Fproduct_tag&post=89726"}],"curies":[{"name":"wp","href":"https:\/\/api.w.org\/{rel}","templated":true}]}}