{"id":89729,"date":"2024-06-23T12:34:34","date_gmt":"2024-06-23T10:34:34","guid":{"rendered":"https:\/\/www.multimedium.eu\/?post_type=product&#038;p=89729"},"modified":"2025-03-13T09:28:28","modified_gmt":"2025-03-13T08:28:28","slug":"grosses-millefiori-mikromosaik-kreuz-metall-large-micro-mosaic-cross-2","status":"publish","type":"product","link":"https:\/\/www.multimedium.eu\/?product=grosses-millefiori-mikromosaik-kreuz-metall-large-micro-mosaic-cross-2","title":{"rendered":"Gro\u00dfes Millefiori Mikromosaik Kreuz Metall large micro mosaic cross"},"content":{"rendered":"<h6>Large Millefiori micro mosaic metal cross<\/h6>\n<p>Gorgeous large antique millefiori micromosaic cross c.1900<br \/>\nMicro-mosaic with floral motifs, dove, grapes and Christogram,<br \/>\nset in metal, in the middle with a garnet cabochon,<br \/>\nThe garnet stone is visible on the back,<\/p>\n<p>in good condition with minimal defects<\/p>\n<p>Height of the cross: 29.5 cm<br \/>\nWidth: 14.3 cm<br \/>\nDepth: 8mm<\/p>\n","protected":false},"excerpt":{"rendered":"<h6><strong>Gro\u00dfes Millefiori Mikromosaik Kreuz Metall large micro mosaic cross<\/strong><\/h6>\n<p>Prachtvolles gro\u00dfes antikes Millefiori Mikromosaik Kreuz um 1900<br \/>\nMikromosaik mit Blumenmotiven, Taube, Weintrauben und Christogramm,<br \/>\nin Metall gefasst , mittig mit einem Granat Cabochon,<br \/>\nauf der R\u00fcckseite ist der Granatstein sichtbar,<\/p>\n<p>in einem guten Erhaltungszustand mit minimalen Fehlstellen<\/p>\n<p>H\u00f6he des Kreuzes ohne Aufh\u00e4nger-\u00d6se: 29,5<br \/>\nBreite: 14,3 cm<br \/>\nTiefe: 8 mm<\/p>\n","protected":false},"featured_media":80872,"template":"","meta":{"site-sidebar-layout":"default","site-content-layout":"default","ast-site-content-layout":"default","site-content-style":"default","site-sidebar-style":"default","ast-global-header-display":"","ast-banner-title-visibility":"","ast-main-header-display":"","ast-hfb-above-header-display":"","ast-hfb-below-header-display":"","ast-hfb-mobile-header-display":"","site-post-title":"","ast-breadcrumbs-content":"","ast-featured-img":"","footer-sml-layout":"","theme-transparent-header-meta":"default","adv-header-id-meta":"","stick-header-meta":"","header-above-stick-meta":"","header-main-stick-meta":"","header-below-stick-meta":"","astra-migrate-meta-layouts":"set","ast-page-background-enabled":"default","ast-page-background-meta":{"desktop":{"background-color":"","background-image":"","background-repeat":"repeat","background-position":"center center","background-size":"auto","background-attachment":"scroll","background-type":"","background-media":"","overlay-type":"","overlay-color":"","overlay-opacity":"","overlay-gradient":""},"tablet":{"background-color":"","background-image":"","background-repeat":"repeat","background-position":"center center","background-size":"auto","background-attachment":"scroll","background-type":"","background-media":"","overlay-type":"","overlay-color":"","overlay-opacity":"","overlay-gradient":""},"mobile":{"background-color":"","background-image":"","background-repeat":"repeat","background-position":"center center","background-size":"auto","background-attachment":"scroll","background-type":"","background-media":"","overlay-type":"","overlay-color":"","overlay-opacity":"","overlay-gradient":""}},"ast-content-background-meta":{"desktop":{"background-color":"var(--ast-global-color-5)","background-image":"","background-repeat":"repeat","background-position":"center center","background-size":"auto","background-attachment":"scroll","background-type":"","background-media":"","overlay-type":"","overlay-color":"","overlay-opacity":"","overlay-gradient":""},"tablet":{"background-color":"var(--ast-global-color-5)","background-image":"","background-repeat":"repeat","background-position":"center center","background-size":"auto","background-attachment":"scroll","background-type":"","background-media":"","overlay-type":"","overlay-color":"","overlay-opacity":"","overlay-gradient":""},"mobile":{"background-color":"var(--ast-global-color-5)","background-image":"","background-repeat":"repeat","background-position":"center center","background-size":"auto","background-attachment":"scroll","background-type":"","background-media":"","overlay-type":"","overlay-color":"","overlay-opacity":"","overlay-gradient":""}}},"product_brand":[],"product_cat":[3559,4324,3543,3617,4858,4322,3527,4321],"product_tag":[4515,4135,5614,3675,3725,3724,3674,3810,4083,4082,4084,5311,5613],"class_list":{"0":"post-89729","1":"product","2":"type-product","3":"status-publish","4":"has-post-thumbnail","6":"product_cat-jugendstil","7":"product_cat-kunstobjekte","8":"product_cat-metall","9":"product_cat-mikromosaik","10":"product_cat-millefiori","11":"product_cat-periode","12":"product_cat-religioese-volkskunst","13":"product_cat-steine","14":"product_tag-blumen","15":"product_tag-cabochon","16":"product_tag-christogramm","17":"product_tag-cross","18":"product_tag-garnet","19":"product_tag-granat","20":"product_tag-kreuz","21":"product_tag-metall","22":"product_tag-micromosaic","23":"product_tag-mikromosaik","24":"product_tag-millefiori","25":"product_tag-taube","26":"product_tag-weintrauben","27":"desktop-align-left","28":"tablet-align-left","29":"mobile-align-left","31":"first","32":"instock","33":"sold-individually","34":"shipping-taxable","35":"purchasable","36":"product-type-simple"},"_links":{"self":[{"href":"https:\/\/www.multimedium.eu\/index.php?rest_route=\/wp\/v2\/product\/89729","targetHints":{"allow":["GET"]}}],"collection":[{"href":"https:\/\/www.multimedium.eu\/index.php?rest_route=\/wp\/v2\/product"}],"about":[{"href":"https:\/\/www.multimedium.eu\/index.php?rest_route=\/wp\/v2\/types\/product"}],"version-history":[{"count":3,"href":"https:\/\/www.multimedium.eu\/index.php?rest_route=\/wp\/v2\/product\/89729\/revisions"}],"predecessor-version":[{"id":89818,"href":"https:\/\/www.multimedium.eu\/index.php?rest_route=\/wp\/v2\/product\/89729\/revisions\/89818"}],"wp:featuredmedia":[{"embeddable":true,"href":"https:\/\/www.multimedium.eu\/index.php?rest_route=\/wp\/v2\/media\/80872"}],"wp:attachment":[{"href":"https:\/\/www.multimedium.eu\/index.php?rest_route=%2Fwp%2Fv2%2Fmedia&parent=89729"}],"wp:term":[{"taxonomy":"product_brand","embeddable":true,"href":"https:\/\/www.multimedium.eu\/index.php?rest_route=%2Fwp%2Fv2%2Fproduct_brand&post=89729"},{"taxonomy":"product_cat","embeddable":true,"href":"https:\/\/www.multimedium.eu\/index.php?rest_route=%2Fwp%2Fv2%2Fproduct_cat&post=89729"},{"taxonomy":"product_tag","embeddable":true,"href":"https:\/\/www.multimedium.eu\/index.php?rest_route=%2Fwp%2Fv2%2Fproduct_tag&post=89729"}],"curies":[{"name":"wp","href":"https:\/\/api.w.org\/{rel}","templated":true}]}}