{"id":90108,"date":"2024-08-22T08:54:15","date_gmt":"2024-08-22T06:54:15","guid":{"rendered":"https:\/\/www.multimedium.eu\/?post_type=product&#038;p=90108"},"modified":"2025-03-13T09:26:57","modified_gmt":"2025-03-13T08:26:57","slug":"grosser-jugendstil-800-silber-anhaenger-karneol-um-1910-hohl-verboedet","status":"publish","type":"product","link":"https:\/\/www.multimedium.eu\/?product=grosser-jugendstil-800-silber-anhaenger-karneol-um-1910-hohl-verboedet","title":{"rendered":"Gro\u00dfer Jugendstil 800 Silber Anh\u00e4nger Karneol um 1910 hohl verb\u00f6det"},"content":{"rendered":"<h6>Large Art Nouveau 800 silver carnelian pendant hollow around 1910<\/h6>\n<p>Magnificent large decorative Art Nouveau silver pendant<br \/>\nin the middle with a set oval carnelian, around 1910<br \/>\nhollow, with decorative Art Nouveau ornamentation,<br \/>\nstamped: 800<\/p>\n<p>in good condition, with signs of wear,<br \/>\nChipping on the lower edge<\/p>\n<p>Height of the pendant including firmly soldered eyelet,<br \/>\nwithout hanging eyelet: 6.1 cm<br \/>\nPendant width: 4.1 cm<\/p>\n","protected":false},"excerpt":{"rendered":"<h6>Gro\u00dfer Jugendstil 800 Silber Anh\u00e4nger Karneol um 1910 hohl verb\u00f6det<\/h6>\n<p>Prachtvoller gro\u00dfer dekorativer Jugendstil Silber Anh\u00e4nger<br \/>\nmittig mit einem gefassten ovalen Karneol, um 1910<br \/>\nhohl verb\u00f6det, mit dekorativer Jugendstil Ornamentik,<br \/>\ngestempelt : 800<\/p>\n<p>in einem guten Erhaltungszustand, mit Gebrauchsspuren,<br \/>\nBesto\u00dfung an der unteren Kante<\/p>\n<p>H\u00f6he des Anh\u00e4ngers incl. fest verl\u00f6teter \u00d6se,<br \/>\nohne Aufh\u00e4nger-\u00d6se: 6,1 cm<br \/>\nBreite des Anh\u00e4ngers: 4,1 cm<\/p>\n","protected":false},"featured_media":90110,"template":"","meta":{"site-sidebar-layout":"default","site-content-layout":"","ast-site-content-layout":"default","site-content-style":"default","site-sidebar-style":"default","ast-global-header-display":"","ast-banner-title-visibility":"","ast-main-header-display":"","ast-hfb-above-header-display":"","ast-hfb-below-header-display":"","ast-hfb-mobile-header-display":"","site-post-title":"","ast-breadcrumbs-content":"","ast-featured-img":"","footer-sml-layout":"","theme-transparent-header-meta":"default","adv-header-id-meta":"","stick-header-meta":"","header-above-stick-meta":"","header-main-stick-meta":"","header-below-stick-meta":"","astra-migrate-meta-layouts":"set","ast-page-background-enabled":"default","ast-page-background-meta":{"desktop":{"background-color":"","background-image":"","background-repeat":"repeat","background-position":"center center","background-size":"auto","background-attachment":"scroll","background-type":"","background-media":"","overlay-type":"","overlay-color":"","overlay-opacity":"","overlay-gradient":""},"tablet":{"background-color":"","background-image":"","background-repeat":"repeat","background-position":"center center","background-size":"auto","background-attachment":"scroll","background-type":"","background-media":"","overlay-type":"","overlay-color":"","overlay-opacity":"","overlay-gradient":""},"mobile":{"background-color":"","background-image":"","background-repeat":"repeat","background-position":"center center","background-size":"auto","background-attachment":"scroll","background-type":"","background-media":"","overlay-type":"","overlay-color":"","overlay-opacity":"","overlay-gradient":""}},"ast-content-background-meta":{"desktop":{"background-color":"var(--ast-global-color-5)","background-image":"","background-repeat":"repeat","background-position":"center center","background-size":"auto","background-attachment":"scroll","background-type":"","background-media":"","overlay-type":"","overlay-color":"","overlay-opacity":"","overlay-gradient":""},"tablet":{"background-color":"var(--ast-global-color-5)","background-image":"","background-repeat":"repeat","background-position":"center center","background-size":"auto","background-attachment":"scroll","background-type":"","background-media":"","overlay-type":"","overlay-color":"","overlay-opacity":"","overlay-gradient":""},"mobile":{"background-color":"var(--ast-global-color-5)","background-image":"","background-repeat":"repeat","background-position":"center center","background-size":"auto","background-attachment":"scroll","background-type":"","background-media":"","overlay-type":"","overlay-color":"","overlay-opacity":"","overlay-gradient":""}}},"product_brand":[],"product_cat":[4325,4450,3559,4810],"product_tag":[5801,3647,3700,9170,3686,3698,3685,3341,3641,3342],"class_list":{"0":"post-90108","1":"product","2":"type-product","3":"status-publish","4":"has-post-thumbnail","6":"product_cat-silber","7":"product_cat-anhaenger","8":"product_cat-jugendstil","9":"product_cat-karneol","10":"product_tag-5801","11":"product_tag-anhaenger","12":"product_tag-art-nouveau","13":"product_tag-c-1910","14":"product_tag-carnelian","15":"product_tag-jugendstil","16":"product_tag-karneol","17":"product_tag-pendant","18":"product_tag-silber","19":"product_tag-silver","20":"desktop-align-left","21":"tablet-align-left","22":"mobile-align-left","24":"first","25":"instock","26":"sold-individually","27":"shipping-taxable","28":"purchasable","29":"product-type-simple"},"_links":{"self":[{"href":"https:\/\/www.multimedium.eu\/index.php?rest_route=\/wp\/v2\/product\/90108","targetHints":{"allow":["GET"]}}],"collection":[{"href":"https:\/\/www.multimedium.eu\/index.php?rest_route=\/wp\/v2\/product"}],"about":[{"href":"https:\/\/www.multimedium.eu\/index.php?rest_route=\/wp\/v2\/types\/product"}],"version-history":[{"count":1,"href":"https:\/\/www.multimedium.eu\/index.php?rest_route=\/wp\/v2\/product\/90108\/revisions"}],"predecessor-version":[{"id":90113,"href":"https:\/\/www.multimedium.eu\/index.php?rest_route=\/wp\/v2\/product\/90108\/revisions\/90113"}],"wp:featuredmedia":[{"embeddable":true,"href":"https:\/\/www.multimedium.eu\/index.php?rest_route=\/wp\/v2\/media\/90110"}],"wp:attachment":[{"href":"https:\/\/www.multimedium.eu\/index.php?rest_route=%2Fwp%2Fv2%2Fmedia&parent=90108"}],"wp:term":[{"taxonomy":"product_brand","embeddable":true,"href":"https:\/\/www.multimedium.eu\/index.php?rest_route=%2Fwp%2Fv2%2Fproduct_brand&post=90108"},{"taxonomy":"product_cat","embeddable":true,"href":"https:\/\/www.multimedium.eu\/index.php?rest_route=%2Fwp%2Fv2%2Fproduct_cat&post=90108"},{"taxonomy":"product_tag","embeddable":true,"href":"https:\/\/www.multimedium.eu\/index.php?rest_route=%2Fwp%2Fv2%2Fproduct_tag&post=90108"}],"curies":[{"name":"wp","href":"https:\/\/api.w.org\/{rel}","templated":true}]}}