{"id":90162,"date":"2024-08-22T11:49:39","date_gmt":"2024-08-22T09:49:39","guid":{"rendered":"https:\/\/www.multimedium.eu\/?post_type=product&#038;p=90162"},"modified":"2025-03-13T09:26:56","modified_gmt":"2025-03-13T08:26:56","slug":"modernist-silber-anhaenger-silver-pendant-studio-else-paul-norway","status":"publish","type":"product","link":"https:\/\/www.multimedium.eu\/?product=modernist-silber-anhaenger-silver-pendant-studio-else-paul-norway","title":{"rendered":"Modernist Silber Anh\u00e4nger silver pendant Studio Else &#038; Paul Norway"},"content":{"rendered":"<h6>Modernist silver pendant silver pendant Studio Else &amp; Paul Norway<\/h6>\n<p>Very nice, large, unusual XXL Modernist silver pendant<br \/>\nby Studio Else &amp; Paul, Norway<br \/>\nin a harmonious, beautiful flower shape, blackened,<br \/>\nopenwork, expressively designed,<br \/>\nMade by hand, rare<br \/>\ninteresting, beautiful shape in a stable, solid design,<br \/>\nwith suspension<br \/>\nStamped: 925 S and manufacturer&#8217;s mark<\/p>\n<p>in a good, beautiful condition<\/p>\n<p>Height of the pendant with hanger: 6 cm<br \/>\nWidth of pendant: 5.1 cm<\/p>\n","protected":false},"excerpt":{"rendered":"<h6>Modernist Silber Anh\u00e4nger silver pendant Studio Else &amp; Paul Norway<\/h6>\n<p>Sehr sch\u00f6ner gro\u00dfer ausgefallener XXL Modernist Silber-Anh\u00e4nger<br \/>\nvon Studio Else &amp; Paul, Norway<br \/>\nin harmonischer sch\u00f6ner Bl\u00fctenform, geschw\u00e4rzt,<br \/>\ndurchbrochen gearbeitet, ausdrucksstark gestaltet,<br \/>\nin Handarbeit gefertigt, selten<br \/>\ninteressante sch\u00f6ne Form in stabiler, massiver Ausf\u00fchrung,<br \/>\nmit Aufh\u00e4ngung<br \/>\ngestempelt: 925 S und Herstellerpunze<\/p>\n<p>in einem guten sch\u00f6nen Erhaltungszustand<\/p>\n<p>H\u00f6he des Anh\u00e4ngers mit Aufh\u00e4nger: 6 cm<br \/>\nBreite des Anh\u00e4ngers : 5,1 cm<\/p>\n","protected":false},"featured_media":90164,"template":"","meta":{"site-sidebar-layout":"default","site-content-layout":"","ast-site-content-layout":"default","site-content-style":"default","site-sidebar-style":"default","ast-global-header-display":"","ast-banner-title-visibility":"","ast-main-header-display":"","ast-hfb-above-header-display":"","ast-hfb-below-header-display":"","ast-hfb-mobile-header-display":"","site-post-title":"","ast-breadcrumbs-content":"","ast-featured-img":"","footer-sml-layout":"","theme-transparent-header-meta":"default","adv-header-id-meta":"","stick-header-meta":"","header-above-stick-meta":"","header-main-stick-meta":"","header-below-stick-meta":"","astra-migrate-meta-layouts":"set","ast-page-background-enabled":"default","ast-page-background-meta":{"desktop":{"background-color":"","background-image":"","background-repeat":"repeat","background-position":"center center","background-size":"auto","background-attachment":"scroll","background-type":"","background-media":"","overlay-type":"","overlay-color":"","overlay-opacity":"","overlay-gradient":""},"tablet":{"background-color":"","background-image":"","background-repeat":"repeat","background-position":"center center","background-size":"auto","background-attachment":"scroll","background-type":"","background-media":"","overlay-type":"","overlay-color":"","overlay-opacity":"","overlay-gradient":""},"mobile":{"background-color":"","background-image":"","background-repeat":"repeat","background-position":"center center","background-size":"auto","background-attachment":"scroll","background-type":"","background-media":"","overlay-type":"","overlay-color":"","overlay-opacity":"","overlay-gradient":""}},"ast-content-background-meta":{"desktop":{"background-color":"var(--ast-global-color-5)","background-image":"","background-repeat":"repeat","background-position":"center center","background-size":"auto","background-attachment":"scroll","background-type":"","background-media":"","overlay-type":"","overlay-color":"","overlay-opacity":"","overlay-gradient":""},"tablet":{"background-color":"var(--ast-global-color-5)","background-image":"","background-repeat":"repeat","background-position":"center center","background-size":"auto","background-attachment":"scroll","background-type":"","background-media":"","overlay-type":"","overlay-color":"","overlay-opacity":"","overlay-gradient":""},"mobile":{"background-color":"var(--ast-global-color-5)","background-image":"","background-repeat":"repeat","background-position":"center center","background-size":"auto","background-attachment":"scroll","background-type":"","background-media":"","overlay-type":"","overlay-color":"","overlay-opacity":"","overlay-gradient":""}}},"product_brand":[],"product_cat":[4325,4450,3561,5645],"product_tag":[3647,4914,5494,3835,5079,4886,3341,3641,3342,9184,9185],"class_list":{"0":"post-90162","1":"product","2":"type-product","3":"status-publish","4":"has-post-thumbnail","6":"product_cat-silber","7":"product_cat-anhaenger","8":"product_cat-design-nach-1945","9":"product_cat-ohne-steine","10":"product_tag-anhaenger","11":"product_tag-blueten","12":"product_tag-geschwaerzt","13":"product_tag-modernist","14":"product_tag-norway","15":"product_tag-norwegen","16":"product_tag-pendant","17":"product_tag-silber","18":"product_tag-silver","19":"product_tag-studio","20":"product_tag-studio-else-paul","21":"desktop-align-left","22":"tablet-align-left","23":"mobile-align-left","25":"first","26":"instock","27":"sold-individually","28":"shipping-taxable","29":"purchasable","30":"product-type-simple"},"_links":{"self":[{"href":"https:\/\/www.multimedium.eu\/index.php?rest_route=\/wp\/v2\/product\/90162","targetHints":{"allow":["GET"]}}],"collection":[{"href":"https:\/\/www.multimedium.eu\/index.php?rest_route=\/wp\/v2\/product"}],"about":[{"href":"https:\/\/www.multimedium.eu\/index.php?rest_route=\/wp\/v2\/types\/product"}],"version-history":[{"count":1,"href":"https:\/\/www.multimedium.eu\/index.php?rest_route=\/wp\/v2\/product\/90162\/revisions"}],"predecessor-version":[{"id":90167,"href":"https:\/\/www.multimedium.eu\/index.php?rest_route=\/wp\/v2\/product\/90162\/revisions\/90167"}],"wp:featuredmedia":[{"embeddable":true,"href":"https:\/\/www.multimedium.eu\/index.php?rest_route=\/wp\/v2\/media\/90164"}],"wp:attachment":[{"href":"https:\/\/www.multimedium.eu\/index.php?rest_route=%2Fwp%2Fv2%2Fmedia&parent=90162"}],"wp:term":[{"taxonomy":"product_brand","embeddable":true,"href":"https:\/\/www.multimedium.eu\/index.php?rest_route=%2Fwp%2Fv2%2Fproduct_brand&post=90162"},{"taxonomy":"product_cat","embeddable":true,"href":"https:\/\/www.multimedium.eu\/index.php?rest_route=%2Fwp%2Fv2%2Fproduct_cat&post=90162"},{"taxonomy":"product_tag","embeddable":true,"href":"https:\/\/www.multimedium.eu\/index.php?rest_route=%2Fwp%2Fv2%2Fproduct_tag&post=90162"}],"curies":[{"name":"wp","href":"https:\/\/api.w.org\/{rel}","templated":true}]}}