{"id":90200,"date":"2024-08-22T20:18:10","date_gmt":"2024-08-22T18:18:10","guid":{"rendered":"https:\/\/www.multimedium.eu\/?post_type=product&#038;p=90200"},"modified":"2025-03-13T09:26:55","modified_gmt":"2025-03-13T08:26:55","slug":"o-f-hjortdahl-oslo-norway-emaille-silber-anhaenger-enamel-led-silver-pendant","status":"publish","type":"product","link":"https:\/\/www.multimedium.eu\/?product=o-f-hjortdahl-oslo-norway-emaille-silber-anhaenger-enamel-led-silver-pendant","title":{"rendered":"O.F. HJORTDAHL Oslo Norway Emaille Silber Anh\u00e4nger enamel led silver pendant"},"content":{"rendered":"<h6>HJORTDAHL Oslo Norway enamel silver pendant enamel led silver pendant<\/h6>\n<p>Beautiful decorative silver pendant from O.F.HJORTDAHL Oslo, Norway<br \/>\nSilver 925, white or colorless translucent enamel, enamel painting: roses with leaves<br \/>\nsigned: maker&#8217;s mark 925S Sterling Norway (see photo)<br \/>\ngood, beautiful condition<\/p>\n<p>Length of pendant with hanger: 3.8 cm<br \/>\nPendant width: 2 cm<\/p>\n","protected":false},"excerpt":{"rendered":"<h6>HJORTDAHL Oslo Norway Emaille Silber Anh\u00e4nger enamel led silver pendant<\/h6>\n<p>Sch\u00f6ner dekorativer Silver Anh\u00e4nger von O.F.HJORTDAHL Oslo, Norway<br \/>\nSilber 925, wei\u00dfes bzw. farbloses transluzides Emaille, Emaille-Malerei: Rosen mit Bl\u00e4tter<br \/>\nsigniert: Herstellerpunze 925S Sterling Norway (siehe Foto)<br \/>\nguter sch\u00f6ner Erhaltungszustand<\/p>\n<p>L\u00e4nge des Anh\u00e4ngers mit Aufh\u00e4nger: 3,8 cm<br \/>\nBreite des Anh\u00e4ngers: 2 cm<\/p>\n","protected":false},"featured_media":90202,"template":"","meta":{"site-sidebar-layout":"default","site-content-layout":"","ast-site-content-layout":"default","site-content-style":"default","site-sidebar-style":"default","ast-global-header-display":"","ast-banner-title-visibility":"","ast-main-header-display":"","ast-hfb-above-header-display":"","ast-hfb-below-header-display":"","ast-hfb-mobile-header-display":"","site-post-title":"","ast-breadcrumbs-content":"","ast-featured-img":"","footer-sml-layout":"","theme-transparent-header-meta":"default","adv-header-id-meta":"","stick-header-meta":"","header-above-stick-meta":"","header-main-stick-meta":"","header-below-stick-meta":"","astra-migrate-meta-layouts":"set","ast-page-background-enabled":"default","ast-page-background-meta":{"desktop":{"background-color":"","background-image":"","background-repeat":"repeat","background-position":"center center","background-size":"auto","background-attachment":"scroll","background-type":"","background-media":"","overlay-type":"","overlay-color":"","overlay-opacity":"","overlay-gradient":""},"tablet":{"background-color":"","background-image":"","background-repeat":"repeat","background-position":"center center","background-size":"auto","background-attachment":"scroll","background-type":"","background-media":"","overlay-type":"","overlay-color":"","overlay-opacity":"","overlay-gradient":""},"mobile":{"background-color":"","background-image":"","background-repeat":"repeat","background-position":"center center","background-size":"auto","background-attachment":"scroll","background-type":"","background-media":"","overlay-type":"","overlay-color":"","overlay-opacity":"","overlay-gradient":""}},"ast-content-background-meta":{"desktop":{"background-color":"var(--ast-global-color-5)","background-image":"","background-repeat":"repeat","background-position":"center center","background-size":"auto","background-attachment":"scroll","background-type":"","background-media":"","overlay-type":"","overlay-color":"","overlay-opacity":"","overlay-gradient":""},"tablet":{"background-color":"var(--ast-global-color-5)","background-image":"","background-repeat":"repeat","background-position":"center center","background-size":"auto","background-attachment":"scroll","background-type":"","background-media":"","overlay-type":"","overlay-color":"","overlay-opacity":"","overlay-gradient":""},"mobile":{"background-color":"var(--ast-global-color-5)","background-image":"","background-repeat":"repeat","background-position":"center center","background-size":"auto","background-attachment":"scroll","background-type":"","background-media":"","overlay-type":"","overlay-color":"","overlay-opacity":"","overlay-gradient":""}}},"product_brand":[],"product_cat":[4325,4450,3561,3598],"product_tag":[3647,3639,3654,9191,5079,4886,4107,4108,3341,3641,3342,4386,4387],"class_list":{"0":"post-90200","1":"product","2":"type-product","3":"status-publish","4":"has-post-thumbnail","6":"product_cat-silber","7":"product_cat-anhaenger","8":"product_cat-design-nach-1945","9":"product_cat-emaille","10":"product_tag-anhaenger","11":"product_tag-emaille","12":"product_tag-enamel","13":"product_tag-hjortdahl","14":"product_tag-norway","15":"product_tag-norwegen","16":"product_tag-o-f-hjortdahl","17":"product_tag-oslo","18":"product_tag-pendant","19":"product_tag-silber","20":"product_tag-silver","21":"product_tag-weiss","22":"product_tag-white","23":"desktop-align-left","24":"tablet-align-left","25":"mobile-align-left","27":"first","28":"instock","29":"sold-individually","30":"shipping-taxable","31":"purchasable","32":"product-type-simple"},"_links":{"self":[{"href":"https:\/\/www.multimedium.eu\/index.php?rest_route=\/wp\/v2\/product\/90200","targetHints":{"allow":["GET"]}}],"collection":[{"href":"https:\/\/www.multimedium.eu\/index.php?rest_route=\/wp\/v2\/product"}],"about":[{"href":"https:\/\/www.multimedium.eu\/index.php?rest_route=\/wp\/v2\/types\/product"}],"version-history":[{"count":1,"href":"https:\/\/www.multimedium.eu\/index.php?rest_route=\/wp\/v2\/product\/90200\/revisions"}],"predecessor-version":[{"id":90203,"href":"https:\/\/www.multimedium.eu\/index.php?rest_route=\/wp\/v2\/product\/90200\/revisions\/90203"}],"wp:featuredmedia":[{"embeddable":true,"href":"https:\/\/www.multimedium.eu\/index.php?rest_route=\/wp\/v2\/media\/90202"}],"wp:attachment":[{"href":"https:\/\/www.multimedium.eu\/index.php?rest_route=%2Fwp%2Fv2%2Fmedia&parent=90200"}],"wp:term":[{"taxonomy":"product_brand","embeddable":true,"href":"https:\/\/www.multimedium.eu\/index.php?rest_route=%2Fwp%2Fv2%2Fproduct_brand&post=90200"},{"taxonomy":"product_cat","embeddable":true,"href":"https:\/\/www.multimedium.eu\/index.php?rest_route=%2Fwp%2Fv2%2Fproduct_cat&post=90200"},{"taxonomy":"product_tag","embeddable":true,"href":"https:\/\/www.multimedium.eu\/index.php?rest_route=%2Fwp%2Fv2%2Fproduct_tag&post=90200"}],"curies":[{"name":"wp","href":"https:\/\/api.w.org\/{rel}","templated":true}]}}