{"id":90253,"date":"2024-08-23T12:33:49","date_gmt":"2024-08-23T10:33:49","guid":{"rendered":"https:\/\/www.multimedium.eu\/?post_type=product&#038;p=90253"},"modified":"2025-03-13T09:26:52","modified_gmt":"2025-03-13T08:26:52","slug":"jugendstil-sterling-silber-brosche-norwegen-emaille-enamel-silver-brooch-norway","status":"publish","type":"product","link":"https:\/\/www.multimedium.eu\/?product=jugendstil-sterling-silber-brosche-norwegen-emaille-enamel-silver-brooch-norway","title":{"rendered":"Jugendstil Sterling Silber Brosche Norwegen Emaille enamel silver brooch Norway"},"content":{"rendered":"<h6>Art Nouveau Sterling silver brooch Norway enamel enamel silver brooch Norway<\/h6>\n<p>Beautiful decorative Art Nouveau enamel brooch in sterling silver from Norway,<br \/>\nwith light blue pink and white enamel,<br \/>\nin silhouette enamel painting with wavy border,<br \/>\nunder the enamel with beautiful guilloche,<br \/>\nSleigh ride with reindeer in a snow-covered landscape,<br \/>\nSigned on the back: N in square, 925 and SG.R, (see photo)<\/p>\n<p>age-appropriate in a good, beautiful state of preservation,<br \/>\nalso enamel in a good, beautiful condition,<\/p>\n<p>Brooch width: 3.5 cm<br \/>\nBrooch height: 2.1 cm<\/p>\n","protected":false},"excerpt":{"rendered":"<h6>Jugendstil Sterling Silber Brosche Norwegen Emaille enamel silver brooch Norway<\/h6>\n<p>Sch\u00f6ne dekorative Jugendstil Emaille Brosche in Sterling Silber aus Norwegen,<br \/>\nmit hellblauen rosafarbenen und wei\u00dfem Emaille,<br \/>\nin Scherenschnitt-Emaillemalerei mit gewellter Umrandung,<br \/>\nunter dem Emaille mit sch\u00f6ner Guilloche,<br \/>\nSchlittenfahrt mit Renntier in schneebedeckter Landschaft,<br \/>\nr\u00fcckseitig signiert: N im Quadrat, 925 und SG.R, (siehe Foto)<\/p>\n<p>altersgem\u00e4\u00df in einem guten sch\u00f6nen Erhaltungszustand,<br \/>\nauch Emaille in einem guten sch\u00f6nen Erhaltungszustand,<\/p>\n<p>Breite der Brosche: 3,5 cm<br \/>\nH\u00f6he der Brosche: 2,1 cm<\/p>\n","protected":false},"featured_media":90256,"template":"","meta":{"site-sidebar-layout":"default","site-content-layout":"","ast-site-content-layout":"default","site-content-style":"default","site-sidebar-style":"default","ast-global-header-display":"","ast-banner-title-visibility":"","ast-main-header-display":"","ast-hfb-above-header-display":"","ast-hfb-below-header-display":"","ast-hfb-mobile-header-display":"","site-post-title":"","ast-breadcrumbs-content":"","ast-featured-img":"","footer-sml-layout":"","theme-transparent-header-meta":"default","adv-header-id-meta":"","stick-header-meta":"","header-above-stick-meta":"","header-main-stick-meta":"","header-below-stick-meta":"","astra-migrate-meta-layouts":"set","ast-page-background-enabled":"default","ast-page-background-meta":{"desktop":{"background-color":"","background-image":"","background-repeat":"repeat","background-position":"center center","background-size":"auto","background-attachment":"scroll","background-type":"","background-media":"","overlay-type":"","overlay-color":"","overlay-opacity":"","overlay-gradient":""},"tablet":{"background-color":"","background-image":"","background-repeat":"repeat","background-position":"center center","background-size":"auto","background-attachment":"scroll","background-type":"","background-media":"","overlay-type":"","overlay-color":"","overlay-opacity":"","overlay-gradient":""},"mobile":{"background-color":"","background-image":"","background-repeat":"repeat","background-position":"center center","background-size":"auto","background-attachment":"scroll","background-type":"","background-media":"","overlay-type":"","overlay-color":"","overlay-opacity":"","overlay-gradient":""}},"ast-content-background-meta":{"desktop":{"background-color":"var(--ast-global-color-5)","background-image":"","background-repeat":"repeat","background-position":"center center","background-size":"auto","background-attachment":"scroll","background-type":"","background-media":"","overlay-type":"","overlay-color":"","overlay-opacity":"","overlay-gradient":""},"tablet":{"background-color":"var(--ast-global-color-5)","background-image":"","background-repeat":"repeat","background-position":"center center","background-size":"auto","background-attachment":"scroll","background-type":"","background-media":"","overlay-type":"","overlay-color":"","overlay-opacity":"","overlay-gradient":""},"mobile":{"background-color":"var(--ast-global-color-5)","background-image":"","background-repeat":"repeat","background-position":"center center","background-size":"auto","background-attachment":"scroll","background-type":"","background-media":"","overlay-type":"","overlay-color":"","overlay-opacity":"","overlay-gradient":""}}},"product_brand":[],"product_cat":[4325,3580,3561,3598,5645,3599],"product_tag":[3700,3643,3636,3639,4940,3654,5118,3698,5079,4886,5696,3641,3342,3640],"class_list":{"0":"post-90253","1":"product","2":"type-product","3":"status-publish","4":"has-post-thumbnail","6":"product_cat-silber","7":"product_cat-broschen","8":"product_cat-design-nach-1945","9":"product_cat-emaille","10":"product_cat-ohne-steine","11":"product_cat-signierter-schmuck","12":"product_tag-art-nouveau","13":"product_tag-brooch","14":"product_tag-brosche","15":"product_tag-emaille","16":"product_tag-emaillemalerei","17":"product_tag-enamel","18":"product_tag-guilloche","19":"product_tag-jugendstil","20":"product_tag-norway","21":"product_tag-norwegen","22":"product_tag-scherenschnitt","23":"product_tag-silber","24":"product_tag-silver","25":"product_tag-sterling","26":"desktop-align-left","27":"tablet-align-left","28":"mobile-align-left","30":"first","31":"instock","32":"sold-individually","33":"shipping-taxable","34":"purchasable","35":"product-type-simple"},"_links":{"self":[{"href":"https:\/\/www.multimedium.eu\/index.php?rest_route=\/wp\/v2\/product\/90253","targetHints":{"allow":["GET"]}}],"collection":[{"href":"https:\/\/www.multimedium.eu\/index.php?rest_route=\/wp\/v2\/product"}],"about":[{"href":"https:\/\/www.multimedium.eu\/index.php?rest_route=\/wp\/v2\/types\/product"}],"version-history":[{"count":1,"href":"https:\/\/www.multimedium.eu\/index.php?rest_route=\/wp\/v2\/product\/90253\/revisions"}],"predecessor-version":[{"id":90258,"href":"https:\/\/www.multimedium.eu\/index.php?rest_route=\/wp\/v2\/product\/90253\/revisions\/90258"}],"wp:featuredmedia":[{"embeddable":true,"href":"https:\/\/www.multimedium.eu\/index.php?rest_route=\/wp\/v2\/media\/90256"}],"wp:attachment":[{"href":"https:\/\/www.multimedium.eu\/index.php?rest_route=%2Fwp%2Fv2%2Fmedia&parent=90253"}],"wp:term":[{"taxonomy":"product_brand","embeddable":true,"href":"https:\/\/www.multimedium.eu\/index.php?rest_route=%2Fwp%2Fv2%2Fproduct_brand&post=90253"},{"taxonomy":"product_cat","embeddable":true,"href":"https:\/\/www.multimedium.eu\/index.php?rest_route=%2Fwp%2Fv2%2Fproduct_cat&post=90253"},{"taxonomy":"product_tag","embeddable":true,"href":"https:\/\/www.multimedium.eu\/index.php?rest_route=%2Fwp%2Fv2%2Fproduct_tag&post=90253"}],"curies":[{"name":"wp","href":"https:\/\/api.w.org\/{rel}","templated":true}]}}