{"id":90371,"date":"2024-08-25T18:23:05","date_gmt":"2024-08-25T16:23:05","guid":{"rendered":"https:\/\/www.multimedium.eu\/?post_type=product&#038;p=90371"},"modified":"2025-03-13T09:26:49","modified_gmt":"2025-03-13T08:26:49","slug":"antike-585-gold-korallen-kette-3reihig-sardegna-facetten-halskette","status":"publish","type":"product","link":"https:\/\/www.multimedium.eu\/?product=antike-585-gold-korallen-kette-3reihig-sardegna-facetten-halskette","title":{"rendered":"Antike 585 Gold Korallen Kette 3reihig Sardegna Facetten Halskette"},"content":{"rendered":"<h6>Antique 585 Gold Korallen Kette 3reihig Sardegna Facetten Halskette<\/h6>\n<p>Prachtvolle dekorative seltene antike 3-reihige Sardegna Korallenkette, um 1900<br \/>\nKorallenglieder in unregelm\u00e4\u00dfiger abgerundeter Zylinder-Form<br \/>\nmit Facetten-Schliff und nat\u00fcrlichen Einschl\u00fcssen,<br \/>\nzulaufend kleiner werdend,<br \/>\nmit einem runden neuzeitlichen Schiebverschlu\u00df in 585 Gelbgold<br \/>\nauf die Hals-Umfang-L\u00e4nge achten, da sehr halsnah gearbeitet<br \/>\nVerschlu\u00df gestempelt: 585<\/p>\n<p>in einem guten sch\u00f6nen Erhaltungszustand<\/p>\n<p>L\u00e4nge der Korallenketten: 37,5 \/ 40,5 \/ 44,5 cm<br \/>\nMa\u00dfe der gr\u00f6\u00dften Korallen Mittelsteine:<br \/>\n(Dm x L): 6,9 x 6,9 \/ 9,54 x 7,43 \/ 9,77 x 9,53 mm<\/p>\n","protected":false},"excerpt":{"rendered":"<h6>Antike 585 Gold Korallen Kette 3reihig Sardegna Facetten Halskette<\/h6>\n<p>Prachtvolle dekorative seltene antike 3-reihige Sardegna Korallenkette, um 1900<br \/>\nKorallenglieder in unregelm\u00e4\u00dfiger abgerundeter Zylinder-Form<br \/>\nmit Facetten-Schliff und nat\u00fcrlichen Einschl\u00fcssen,<br \/>\nzulaufend kleiner werdend,<br \/>\nmit einem runden neuzeitlichen Schiebverschlu\u00df in 585 Gelbgold<br \/>\nauf die Hals-Umfang-L\u00e4nge achten, da sehr halsnah gearbeitet<br \/>\nVerschlu\u00df gestempelt: 585<\/p>\n<p>in einem guten sch\u00f6nen Erhaltungszustand<\/p>\n<p>L\u00e4nge der Korallenketten: 37,5 \/ 40,5 \/ 44,5 cm<br \/>\nMa\u00dfe der gr\u00f6\u00dften Korallen Mittelsteine:<br \/>\n(Dm x L): 6,9 x 6,9 \/ 9,54 x 7,43 \/ 9,77 x 9,53 mm<\/p>\n","protected":false},"featured_media":90373,"template":"","meta":{"site-sidebar-layout":"default","site-content-layout":"","ast-site-content-layout":"default","site-content-style":"default","site-sidebar-style":"default","ast-global-header-display":"","ast-banner-title-visibility":"","ast-main-header-display":"","ast-hfb-above-header-display":"","ast-hfb-below-header-display":"","ast-hfb-mobile-header-display":"","site-post-title":"","ast-breadcrumbs-content":"","ast-featured-img":"","footer-sml-layout":"","theme-transparent-header-meta":"default","adv-header-id-meta":"","stick-header-meta":"","header-above-stick-meta":"","header-main-stick-meta":"","header-below-stick-meta":"","astra-migrate-meta-layouts":"set","ast-page-background-enabled":"default","ast-page-background-meta":{"desktop":{"background-color":"","background-image":"","background-repeat":"repeat","background-position":"center center","background-size":"auto","background-attachment":"scroll","background-type":"","background-media":"","overlay-type":"","overlay-color":"","overlay-opacity":"","overlay-gradient":""},"tablet":{"background-color":"","background-image":"","background-repeat":"repeat","background-position":"center center","background-size":"auto","background-attachment":"scroll","background-type":"","background-media":"","overlay-type":"","overlay-color":"","overlay-opacity":"","overlay-gradient":""},"mobile":{"background-color":"","background-image":"","background-repeat":"repeat","background-position":"center center","background-size":"auto","background-attachment":"scroll","background-type":"","background-media":"","overlay-type":"","overlay-color":"","overlay-opacity":"","overlay-gradient":""}},"ast-content-background-meta":{"desktop":{"background-color":"var(--ast-global-color-5)","background-image":"","background-repeat":"repeat","background-position":"center center","background-size":"auto","background-attachment":"scroll","background-type":"","background-media":"","overlay-type":"","overlay-color":"","overlay-opacity":"","overlay-gradient":""},"tablet":{"background-color":"var(--ast-global-color-5)","background-image":"","background-repeat":"repeat","background-position":"center center","background-size":"auto","background-attachment":"scroll","background-type":"","background-media":"","overlay-type":"","overlay-color":"","overlay-opacity":"","overlay-gradient":""},"mobile":{"background-color":"var(--ast-global-color-5)","background-image":"","background-repeat":"repeat","background-position":"center center","background-size":"auto","background-attachment":"scroll","background-type":"","background-media":"","overlay-type":"","overlay-color":"","overlay-opacity":"","overlay-gradient":""}}},"product_brand":[],"product_cat":[3564,3559,3582,3574],"product_tag":[5715,9217,5653,5718,5608,3700,9130,5179,4548,4764,3710,3698,3728,9216,9218,9219],"class_list":{"0":"post-90371","1":"product","2":"type-product","3":"status-publish","4":"has-post-thumbnail","6":"product_cat-gold","7":"product_cat-jugendstil","8":"product_cat-ketten-colliers","9":"product_cat-koralle","10":"product_tag-5715","11":"product_tag-3-reihig","12":"product_tag-5653","13":"product_tag-antik","14":"product_tag-antique","15":"product_tag-art-nouveau","16":"product_tag-c-1900","17":"product_tag-facett","18":"product_tag-facettiert","19":"product_tag-gelbgold","20":"product_tag-gold","21":"product_tag-jugendstil","22":"product_tag-koralle","23":"product_tag-sardegna","24":"product_tag-trommel","25":"product_tag-zylinder","26":"desktop-align-left","27":"tablet-align-left","28":"mobile-align-left","30":"first","31":"instock","32":"sold-individually","33":"shipping-taxable","34":"purchasable","35":"product-type-simple"},"_links":{"self":[{"href":"https:\/\/www.multimedium.eu\/index.php?rest_route=\/wp\/v2\/product\/90371","targetHints":{"allow":["GET"]}}],"collection":[{"href":"https:\/\/www.multimedium.eu\/index.php?rest_route=\/wp\/v2\/product"}],"about":[{"href":"https:\/\/www.multimedium.eu\/index.php?rest_route=\/wp\/v2\/types\/product"}],"version-history":[{"count":1,"href":"https:\/\/www.multimedium.eu\/index.php?rest_route=\/wp\/v2\/product\/90371\/revisions"}],"predecessor-version":[{"id":90376,"href":"https:\/\/www.multimedium.eu\/index.php?rest_route=\/wp\/v2\/product\/90371\/revisions\/90376"}],"wp:featuredmedia":[{"embeddable":true,"href":"https:\/\/www.multimedium.eu\/index.php?rest_route=\/wp\/v2\/media\/90373"}],"wp:attachment":[{"href":"https:\/\/www.multimedium.eu\/index.php?rest_route=%2Fwp%2Fv2%2Fmedia&parent=90371"}],"wp:term":[{"taxonomy":"product_brand","embeddable":true,"href":"https:\/\/www.multimedium.eu\/index.php?rest_route=%2Fwp%2Fv2%2Fproduct_brand&post=90371"},{"taxonomy":"product_cat","embeddable":true,"href":"https:\/\/www.multimedium.eu\/index.php?rest_route=%2Fwp%2Fv2%2Fproduct_cat&post=90371"},{"taxonomy":"product_tag","embeddable":true,"href":"https:\/\/www.multimedium.eu\/index.php?rest_route=%2Fwp%2Fv2%2Fproduct_tag&post=90371"}],"curies":[{"name":"wp","href":"https:\/\/api.w.org\/{rel}","templated":true}]}}