{"id":90519,"date":"2024-08-31T20:49:02","date_gmt":"2024-08-31T18:49:02","guid":{"rendered":"https:\/\/www.multimedium.eu\/?post_type=product&#038;p=90519"},"modified":"2025-03-13T09:26:48","modified_gmt":"2025-03-13T08:26:48","slug":"585er-gelbgold-ring-solitaer-diamant-14ct-yellow-gold-solitaire-diamond-14k","status":"publish","type":"product","link":"https:\/\/www.multimedium.eu\/?product=585er-gelbgold-ring-solitaer-diamant-14ct-yellow-gold-solitaire-diamond-14k","title":{"rendered":"585 Gelbgold Ring Solit\u00e4r Diamant 14ct yellow gold solitaire diamond 14k"},"content":{"rendered":"<h6>585 yellow gold ring solitaire diamond 14ct yellow gold solitaire diamond 14k<\/h6>\n<p>Adorable decorative 585 women&#8217;s or men&#8217;s gold ring<br \/>\nwith a 0.15ct solitaire diamond in good quality,<br \/>\nVS2-VS, color G-H<br \/>\nstamped: 585<\/p>\n<p>in a good, beautiful condition<\/p>\n<p>Ring size: 57 (18.1 mm \u00d8),<br \/>\nStone diameter: approx. 3.4 mm (0.15 ct)<br \/>\nTotal weight: 5.3g<\/p>\n","protected":false},"excerpt":{"rendered":"<h6>585 Gelbgold Ring Solit\u00e4r Diamant 14ct yellow gold solitaire diamond 14k<\/h6>\n<p>Entz\u00fcckender dekorativer 585 Damen bzw. Herren Gold Ring<br \/>\nmit einem 0,15ct Solit\u00e4r Diamanten in einer guten Qualit\u00e4t,<br \/>\nVS2-VS, Farbe G-H<br \/>\ngestempelt: 585<\/p>\n<p>in einem guten sch\u00f6nen Erhaltungszustand<\/p>\n<p>Ringgr\u00f6\u00dfe: 57 (18,1 mm \u00d8),<br \/>\nDurchmesser des Steins: ca. 3,4 mm (0,15 ct)<br \/>\nGesamtgewicht: 5,3 g<\/p>\n","protected":false},"featured_media":90524,"template":"","meta":{"site-sidebar-layout":"default","site-content-layout":"","ast-site-content-layout":"default","site-content-style":"default","site-sidebar-style":"default","ast-global-header-display":"","ast-banner-title-visibility":"","ast-main-header-display":"","ast-hfb-above-header-display":"","ast-hfb-below-header-display":"","ast-hfb-mobile-header-display":"","site-post-title":"","ast-breadcrumbs-content":"","ast-featured-img":"","footer-sml-layout":"","theme-transparent-header-meta":"default","adv-header-id-meta":"","stick-header-meta":"","header-above-stick-meta":"","header-main-stick-meta":"","header-below-stick-meta":"","astra-migrate-meta-layouts":"set","ast-page-background-enabled":"default","ast-page-background-meta":{"desktop":{"background-color":"","background-image":"","background-repeat":"repeat","background-position":"center center","background-size":"auto","background-attachment":"scroll","background-type":"","background-media":"","overlay-type":"","overlay-color":"","overlay-opacity":"","overlay-gradient":""},"tablet":{"background-color":"","background-image":"","background-repeat":"repeat","background-position":"center center","background-size":"auto","background-attachment":"scroll","background-type":"","background-media":"","overlay-type":"","overlay-color":"","overlay-opacity":"","overlay-gradient":""},"mobile":{"background-color":"","background-image":"","background-repeat":"repeat","background-position":"center center","background-size":"auto","background-attachment":"scroll","background-type":"","background-media":"","overlay-type":"","overlay-color":"","overlay-opacity":"","overlay-gradient":""}},"ast-content-background-meta":{"desktop":{"background-color":"var(--ast-global-color-5)","background-image":"","background-repeat":"repeat","background-position":"center center","background-size":"auto","background-attachment":"scroll","background-type":"","background-media":"","overlay-type":"","overlay-color":"","overlay-opacity":"","overlay-gradient":""},"tablet":{"background-color":"var(--ast-global-color-5)","background-image":"","background-repeat":"repeat","background-position":"center center","background-size":"auto","background-attachment":"scroll","background-type":"","background-media":"","overlay-type":"","overlay-color":"","overlay-opacity":"","overlay-gradient":""},"mobile":{"background-color":"var(--ast-global-color-5)","background-image":"","background-repeat":"repeat","background-position":"center center","background-size":"auto","background-attachment":"scroll","background-type":"","background-media":"","overlay-type":"","overlay-color":"","overlay-opacity":"","overlay-gradient":""}}},"product_brand":[],"product_cat":[3564,3561,3575,3579],"product_tag":[9213,8798,9214,5653,9250,3713,3714,4764,9251,3655,9249,5204,4765],"class_list":{"0":"post-90519","1":"product","2":"type-product","3":"status-publish","4":"has-post-thumbnail","6":"product_cat-gold","7":"product_cat-design-nach-1945","8":"product_cat-diamant","9":"product_cat-ringe","10":"product_tag-14-karat","11":"product_tag-14ct","12":"product_tag-14k","13":"product_tag-5653","14":"product_tag-damen","15":"product_tag-diamant","16":"product_tag-diamond","17":"product_tag-gelbgold","18":"product_tag-herren","19":"product_tag-ring","20":"product_tag-solitaire","21":"product_tag-solitaer","22":"product_tag-yellow-gold","23":"desktop-align-left","24":"tablet-align-left","25":"mobile-align-left","27":"first","28":"instock","29":"sold-individually","30":"shipping-taxable","31":"purchasable","32":"product-type-simple"},"_links":{"self":[{"href":"https:\/\/www.multimedium.eu\/index.php?rest_route=\/wp\/v2\/product\/90519","targetHints":{"allow":["GET"]}}],"collection":[{"href":"https:\/\/www.multimedium.eu\/index.php?rest_route=\/wp\/v2\/product"}],"about":[{"href":"https:\/\/www.multimedium.eu\/index.php?rest_route=\/wp\/v2\/types\/product"}],"version-history":[{"count":3,"href":"https:\/\/www.multimedium.eu\/index.php?rest_route=\/wp\/v2\/product\/90519\/revisions"}],"predecessor-version":[{"id":90527,"href":"https:\/\/www.multimedium.eu\/index.php?rest_route=\/wp\/v2\/product\/90519\/revisions\/90527"}],"wp:featuredmedia":[{"embeddable":true,"href":"https:\/\/www.multimedium.eu\/index.php?rest_route=\/wp\/v2\/media\/90524"}],"wp:attachment":[{"href":"https:\/\/www.multimedium.eu\/index.php?rest_route=%2Fwp%2Fv2%2Fmedia&parent=90519"}],"wp:term":[{"taxonomy":"product_brand","embeddable":true,"href":"https:\/\/www.multimedium.eu\/index.php?rest_route=%2Fwp%2Fv2%2Fproduct_brand&post=90519"},{"taxonomy":"product_cat","embeddable":true,"href":"https:\/\/www.multimedium.eu\/index.php?rest_route=%2Fwp%2Fv2%2Fproduct_cat&post=90519"},{"taxonomy":"product_tag","embeddable":true,"href":"https:\/\/www.multimedium.eu\/index.php?rest_route=%2Fwp%2Fv2%2Fproduct_tag&post=90519"}],"curies":[{"name":"wp","href":"https:\/\/api.w.org\/{rel}","templated":true}]}}