{"id":90702,"date":"2024-10-01T14:56:38","date_gmt":"2024-10-01T12:56:38","guid":{"rendered":"https:\/\/www.multimedium.eu\/?post_type=product&#038;p=90702"},"modified":"2025-03-13T09:26:46","modified_gmt":"2025-03-13T08:26:46","slug":"jugendstil-silber-granat-anhaenger-perlmutt-perle-um-1890","status":"publish","type":"product","link":"https:\/\/www.multimedium.eu\/?product=jugendstil-silber-granat-anhaenger-perlmutt-perle-um-1890","title":{"rendered":"Jugendstil Silber Granat Anh\u00e4nger Perlmutt Perle um 1890"},"content":{"rendered":"<h6>Art Nouveau silver garnet pendant mother of pearl pearl around 1890<\/h6>\n<p>Delightful decorative Art Nouveau silver pendant around 1890,<br \/>\nopenwork, with two set garnets,<br \/>\nand a suspended freshwater pearl,<br \/>\nin the middle with a pearl shell,<br \/>\nantique original jewelry, worthy of collection,<br \/>\nThe chain for the pendant is an addition,<br \/>\nThe pendant is unstamped: tested for at least 800 silver<\/p>\n<p>in good condition<\/p>\n<p>Height of the pendant: approx. 5.2 cm<br \/>\nWidth of the pendant: approx. 2.58 cm,<\/p>\n","protected":false},"excerpt":{"rendered":"<h6>Jugendstil Silber Granat Anh\u00e4nger Perlmutt Perle um 1890<\/h6>\n<p>Entz\u00fcckendes dekoratives Jugendstil Silber Anh\u00e4nger um 1890,<br \/>\ndurchbrochen gearbeitet, mit zwei gefassten Granaten,<br \/>\nund einer eingeh\u00e4ngten S\u00fc\u00dfwasser Perle,<br \/>\nmittig mit einer gefassten Perlschale,<br \/>\nAntiker Originalschmuck, sammelw\u00fcrdig,<br \/>\nDie Kette zu dem Anh\u00e4nger ist eine Beigabe,<br \/>\nder Anh\u00e4nger ist ungestempelt: auf mindestens 800 Silber gepr\u00fcft<\/p>\n<p>in einem guten Erhaltungszustand<\/p>\n<p>H\u00f6he des Anh\u00e4ngers: ca. 5,2 cm<br \/>\nBreite des Anh\u00e4ngers: ca. 2,58 cm,<\/p>\n","protected":false},"featured_media":90704,"template":"","meta":{"site-sidebar-layout":"default","site-content-layout":"default","ast-site-content-layout":"default","site-content-style":"default","site-sidebar-style":"default","ast-global-header-display":"","ast-banner-title-visibility":"","ast-main-header-display":"","ast-hfb-above-header-display":"","ast-hfb-below-header-display":"","ast-hfb-mobile-header-display":"","site-post-title":"","ast-breadcrumbs-content":"","ast-featured-img":"","footer-sml-layout":"","theme-transparent-header-meta":"default","adv-header-id-meta":"","stick-header-meta":"","header-above-stick-meta":"","header-main-stick-meta":"","header-below-stick-meta":"","astra-migrate-meta-layouts":"set","ast-page-background-enabled":"default","ast-page-background-meta":{"desktop":{"background-color":"","background-image":"","background-repeat":"repeat","background-position":"center center","background-size":"auto","background-attachment":"scroll","background-type":"","background-media":"","overlay-type":"","overlay-color":"","overlay-opacity":"","overlay-gradient":""},"tablet":{"background-color":"","background-image":"","background-repeat":"repeat","background-position":"center center","background-size":"auto","background-attachment":"scroll","background-type":"","background-media":"","overlay-type":"","overlay-color":"","overlay-opacity":"","overlay-gradient":""},"mobile":{"background-color":"","background-image":"","background-repeat":"repeat","background-position":"center center","background-size":"auto","background-attachment":"scroll","background-type":"","background-media":"","overlay-type":"","overlay-color":"","overlay-opacity":"","overlay-gradient":""}},"ast-content-background-meta":{"desktop":{"background-color":"var(--ast-global-color-5)","background-image":"","background-repeat":"repeat","background-position":"center center","background-size":"auto","background-attachment":"scroll","background-type":"","background-media":"","overlay-type":"","overlay-color":"","overlay-opacity":"","overlay-gradient":""},"tablet":{"background-color":"var(--ast-global-color-5)","background-image":"","background-repeat":"repeat","background-position":"center center","background-size":"auto","background-attachment":"scroll","background-type":"","background-media":"","overlay-type":"","overlay-color":"","overlay-opacity":"","overlay-gradient":""},"mobile":{"background-color":"var(--ast-global-color-5)","background-image":"","background-repeat":"repeat","background-position":"center center","background-size":"auto","background-attachment":"scroll","background-type":"","background-media":"","overlay-type":"","overlay-color":"","overlay-opacity":"","overlay-gradient":""}}},"product_brand":[],"product_cat":[3572,3582],"product_tag":[3700,3649,3725,3724,3698,3704,3652,3667,3703,3702,3641,3342,5099],"class_list":{"0":"post-90702","1":"product","2":"type-product","3":"status-publish","4":"has-post-thumbnail","6":"product_cat-juwelen","7":"product_cat-ketten-colliers","8":"product_tag-art-nouveau","9":"product_tag-collier","10":"product_tag-garnet","11":"product_tag-granat","12":"product_tag-jugendstil","13":"product_tag-mother-of-pearl","14":"product_tag-necklace","15":"product_tag-perle","16":"product_tag-perlmutt","17":"product_tag-perlschale","18":"product_tag-silber","19":"product_tag-silver","20":"product_tag-suesswasserperle","21":"desktop-align-left","22":"tablet-align-left","23":"mobile-align-left","25":"first","26":"instock","27":"featured","28":"sold-individually","29":"shipping-taxable","30":"purchasable","31":"product-type-simple"},"_links":{"self":[{"href":"https:\/\/www.multimedium.eu\/index.php?rest_route=\/wp\/v2\/product\/90702","targetHints":{"allow":["GET"]}}],"collection":[{"href":"https:\/\/www.multimedium.eu\/index.php?rest_route=\/wp\/v2\/product"}],"about":[{"href":"https:\/\/www.multimedium.eu\/index.php?rest_route=\/wp\/v2\/types\/product"}],"version-history":[{"count":4,"href":"https:\/\/www.multimedium.eu\/index.php?rest_route=\/wp\/v2\/product\/90702\/revisions"}],"predecessor-version":[{"id":90711,"href":"https:\/\/www.multimedium.eu\/index.php?rest_route=\/wp\/v2\/product\/90702\/revisions\/90711"}],"wp:featuredmedia":[{"embeddable":true,"href":"https:\/\/www.multimedium.eu\/index.php?rest_route=\/wp\/v2\/media\/90704"}],"wp:attachment":[{"href":"https:\/\/www.multimedium.eu\/index.php?rest_route=%2Fwp%2Fv2%2Fmedia&parent=90702"}],"wp:term":[{"taxonomy":"product_brand","embeddable":true,"href":"https:\/\/www.multimedium.eu\/index.php?rest_route=%2Fwp%2Fv2%2Fproduct_brand&post=90702"},{"taxonomy":"product_cat","embeddable":true,"href":"https:\/\/www.multimedium.eu\/index.php?rest_route=%2Fwp%2Fv2%2Fproduct_cat&post=90702"},{"taxonomy":"product_tag","embeddable":true,"href":"https:\/\/www.multimedium.eu\/index.php?rest_route=%2Fwp%2Fv2%2Fproduct_tag&post=90702"}],"curies":[{"name":"wp","href":"https:\/\/api.w.org\/{rel}","templated":true}]}}