{"id":91307,"date":"2025-01-19T16:17:04","date_gmt":"2025-01-19T15:17:04","guid":{"rendered":"https:\/\/www.multimedium.eu\/?post_type=product&#038;p=91307"},"modified":"2025-03-13T09:27:59","modified_gmt":"2025-03-13T08:27:59","slug":"grosse-avem-bizantino-murano-glas-schale-um-1950-rot-silberfolie","status":"publish","type":"product","link":"https:\/\/www.multimedium.eu\/?product=grosse-avem-bizantino-murano-glas-schale-um-1950-rot-silberfolie","title":{"rendered":"Gro\u00dfe AVeM Bizantino Murano Glas Schale um 1950 Rot Silberfolie"},"content":{"rendered":"<h6>Large AVeM Bizantino Murano Glass Bowl around 1950 Red Silver Foil<\/h6>\n<p>Beautiful decorative Bizantino Murano bowl around 1950<br \/>\nby AVeM Murano<br \/>\nred glass with applied silver foil,<br \/>\nabove that a colorless carrier layer with rolled-in glass rods<br \/>\nwith murrine, Zanfirico<br \/>\nwith signs of wear, otherwise in good condition<\/p>\n<p>Length of the bowl: 24.5 cm<br \/>\nDiameter of the bowl: 17 cm<br \/>\nHeight of the bowl: 8 cm<\/p>\n","protected":false},"excerpt":{"rendered":"<h6>Gro\u00dfe AVeM Bizantino Murano Glas Schale um 1950 Rot Silberfolie<\/h6>\n<p>Sch\u00f6ne dekorative Bizantino Murano Schale um 1950<br \/>\nvon AVeM Murano<br \/>\nrotes Glas mit aufgelegter Silberfolie,<br \/>\ndar\u00fcber farblose Tr\u00e4gerschicht mit eingewalzten Glasst\u00e4ben<br \/>\nmit Murrinen, Zanfirico<\/p>\n<p>mit Gebrauchsspuren, sonst in einem guten Erhaltungszustand<\/p>\n<p>L\u00e4nge der Schale: 24,5 cm<br \/>\nDurchmesser der Schale: 17 cm<br \/>\nH\u00f6he der Schale: 8 cm<\/p>\n","protected":false},"featured_media":84372,"template":"","meta":{"site-sidebar-layout":"default","site-content-layout":"default","ast-site-content-layout":"default","site-content-style":"default","site-sidebar-style":"default","ast-global-header-display":"","ast-banner-title-visibility":"","ast-main-header-display":"","ast-hfb-above-header-display":"","ast-hfb-below-header-display":"","ast-hfb-mobile-header-display":"","site-post-title":"","ast-breadcrumbs-content":"","ast-featured-img":"","footer-sml-layout":"","theme-transparent-header-meta":"default","adv-header-id-meta":"","stick-header-meta":"","header-above-stick-meta":"","header-main-stick-meta":"","header-below-stick-meta":"","astra-migrate-meta-layouts":"set","ast-page-background-enabled":"default","ast-page-background-meta":{"desktop":{"background-color":"","background-image":"","background-repeat":"repeat","background-position":"center center","background-size":"auto","background-attachment":"scroll","background-type":"","background-media":"","overlay-type":"","overlay-color":"","overlay-opacity":"","overlay-gradient":""},"tablet":{"background-color":"","background-image":"","background-repeat":"repeat","background-position":"center center","background-size":"auto","background-attachment":"scroll","background-type":"","background-media":"","overlay-type":"","overlay-color":"","overlay-opacity":"","overlay-gradient":""},"mobile":{"background-color":"","background-image":"","background-repeat":"repeat","background-position":"center center","background-size":"auto","background-attachment":"scroll","background-type":"","background-media":"","overlay-type":"","overlay-color":"","overlay-opacity":"","overlay-gradient":""}},"ast-content-background-meta":{"desktop":{"background-color":"var(--ast-global-color-5)","background-image":"","background-repeat":"repeat","background-position":"center center","background-size":"auto","background-attachment":"scroll","background-type":"","background-media":"","overlay-type":"","overlay-color":"","overlay-opacity":"","overlay-gradient":""},"tablet":{"background-color":"var(--ast-global-color-5)","background-image":"","background-repeat":"repeat","background-position":"center center","background-size":"auto","background-attachment":"scroll","background-type":"","background-media":"","overlay-type":"","overlay-color":"","overlay-opacity":"","overlay-gradient":""},"mobile":{"background-color":"var(--ast-global-color-5)","background-image":"","background-repeat":"repeat","background-position":"center center","background-size":"auto","background-attachment":"scroll","background-type":"","background-media":"","overlay-type":"","overlay-color":"","overlay-opacity":"","overlay-gradient":""}}},"product_brand":[],"product_cat":[3561,3531,4324,4322],"product_tag":[5774,9300,4230,3760,3761,4536,3907,4229,4542,9301],"class_list":{"0":"post-91307","1":"product","2":"type-product","3":"status-publish","4":"has-post-thumbnail","6":"product_cat-design-nach-1945","7":"product_cat-glas","8":"product_cat-kunstobjekte","9":"product_cat-periode","10":"product_tag-avem","11":"product_tag-bizantino","12":"product_tag-bowl","13":"product_tag-glas","14":"product_tag-glass","15":"product_tag-murano","16":"product_tag-rot","17":"product_tag-schale","18":"product_tag-silberfolie","19":"product_tag-silver-foil","20":"desktop-align-left","21":"tablet-align-left","22":"mobile-align-left","24":"first","25":"instock","26":"sold-individually","27":"shipping-taxable","28":"purchasable","29":"product-type-simple"},"_links":{"self":[{"href":"https:\/\/www.multimedium.eu\/index.php?rest_route=\/wp\/v2\/product\/91307","targetHints":{"allow":["GET"]}}],"collection":[{"href":"https:\/\/www.multimedium.eu\/index.php?rest_route=\/wp\/v2\/product"}],"about":[{"href":"https:\/\/www.multimedium.eu\/index.php?rest_route=\/wp\/v2\/types\/product"}],"version-history":[{"count":1,"href":"https:\/\/www.multimedium.eu\/index.php?rest_route=\/wp\/v2\/product\/91307\/revisions"}],"predecessor-version":[{"id":91308,"href":"https:\/\/www.multimedium.eu\/index.php?rest_route=\/wp\/v2\/product\/91307\/revisions\/91308"}],"wp:featuredmedia":[{"embeddable":true,"href":"https:\/\/www.multimedium.eu\/index.php?rest_route=\/wp\/v2\/media\/84372"}],"wp:attachment":[{"href":"https:\/\/www.multimedium.eu\/index.php?rest_route=%2Fwp%2Fv2%2Fmedia&parent=91307"}],"wp:term":[{"taxonomy":"product_brand","embeddable":true,"href":"https:\/\/www.multimedium.eu\/index.php?rest_route=%2Fwp%2Fv2%2Fproduct_brand&post=91307"},{"taxonomy":"product_cat","embeddable":true,"href":"https:\/\/www.multimedium.eu\/index.php?rest_route=%2Fwp%2Fv2%2Fproduct_cat&post=91307"},{"taxonomy":"product_tag","embeddable":true,"href":"https:\/\/www.multimedium.eu\/index.php?rest_route=%2Fwp%2Fv2%2Fproduct_tag&post=91307"}],"curies":[{"name":"wp","href":"https:\/\/api.w.org\/{rel}","templated":true}]}}