{"id":91325,"date":"2025-01-20T22:24:58","date_gmt":"2025-01-20T21:24:58","guid":{"rendered":"https:\/\/www.multimedium.eu\/?post_type=product&#038;p=91325"},"modified":"2025-03-13T09:27:59","modified_gmt":"2025-03-13T08:27:59","slug":"grosse-avem-bizantino-murano-glas-schale-rot-silberfolie-murrinen-zanfirico","status":"publish","type":"product","link":"https:\/\/www.multimedium.eu\/?product=grosse-avem-bizantino-murano-glas-schale-rot-silberfolie-murrinen-zanfirico","title":{"rendered":"Gro\u00dfe AVeM Bizantino Murano Glas Schale Rot Silberfolie Murrinen Zanfirico"},"content":{"rendered":"<p>Beautiful decorative AVeM Bizantino Murano glass bowl, c.1955<br \/>\nred glass with applied silver foil,<br \/>\nabove this is a colorless carrier layer with rolled-in glass rods<br \/>\nwith Murrine, Zanfirico,<\/p>\n<p>in a good beautiful condition<\/p>\n<p>Length of bowl: 32 cm<br \/>\nDiameter of bowl: 22 cm<br \/>\nHeight of bowl: 11.5 cm<\/p>\n","protected":false},"excerpt":{"rendered":"<h6>AVeM Bizantino Murano Glas Schale Rot Silberfolie<\/h6>\n<p>Sch\u00f6ne dekorative AVeM Bizantino Murano Glas Schale um 1955<br \/>\nrotes Glas mit aufgelegter Silberfolie,<br \/>\ndar\u00fcber farblose Tr\u00e4gerschicht mit eingewalzten Glasst\u00e4ben<br \/>\nmit Murrinen, Zanfirico<\/p>\n<p>in einem guten Erhaltungszustand<\/p>\n<p>L\u00e4nge der Schale: 32 cm<br \/>\nDurchmesser der Schale: 22 cm<br \/>\nH\u00f6he der Schale: 11,5 cm<\/p>\n","protected":false},"featured_media":84393,"template":"","meta":{"site-sidebar-layout":"default","site-content-layout":"default","ast-site-content-layout":"default","site-content-style":"default","site-sidebar-style":"default","ast-global-header-display":"","ast-banner-title-visibility":"","ast-main-header-display":"","ast-hfb-above-header-display":"","ast-hfb-below-header-display":"","ast-hfb-mobile-header-display":"","site-post-title":"","ast-breadcrumbs-content":"","ast-featured-img":"","footer-sml-layout":"","theme-transparent-header-meta":"default","adv-header-id-meta":"","stick-header-meta":"","header-above-stick-meta":"","header-main-stick-meta":"","header-below-stick-meta":"","astra-migrate-meta-layouts":"set","ast-page-background-enabled":"default","ast-page-background-meta":{"desktop":{"background-color":"","background-image":"","background-repeat":"repeat","background-position":"center center","background-size":"auto","background-attachment":"scroll","background-type":"","background-media":"","overlay-type":"","overlay-color":"","overlay-opacity":"","overlay-gradient":""},"tablet":{"background-color":"","background-image":"","background-repeat":"repeat","background-position":"center center","background-size":"auto","background-attachment":"scroll","background-type":"","background-media":"","overlay-type":"","overlay-color":"","overlay-opacity":"","overlay-gradient":""},"mobile":{"background-color":"","background-image":"","background-repeat":"repeat","background-position":"center center","background-size":"auto","background-attachment":"scroll","background-type":"","background-media":"","overlay-type":"","overlay-color":"","overlay-opacity":"","overlay-gradient":""}},"ast-content-background-meta":{"desktop":{"background-color":"var(--ast-global-color-5)","background-image":"","background-repeat":"repeat","background-position":"center center","background-size":"auto","background-attachment":"scroll","background-type":"","background-media":"","overlay-type":"","overlay-color":"","overlay-opacity":"","overlay-gradient":""},"tablet":{"background-color":"var(--ast-global-color-5)","background-image":"","background-repeat":"repeat","background-position":"center center","background-size":"auto","background-attachment":"scroll","background-type":"","background-media":"","overlay-type":"","overlay-color":"","overlay-opacity":"","overlay-gradient":""},"mobile":{"background-color":"var(--ast-global-color-5)","background-image":"","background-repeat":"repeat","background-position":"center center","background-size":"auto","background-attachment":"scroll","background-type":"","background-media":"","overlay-type":"","overlay-color":"","overlay-opacity":"","overlay-gradient":""}}},"product_brand":[],"product_cat":[3561,3531,4324,4322],"product_tag":[5774,9300,4230,3760,3761,4536,5740,3907,4229,4542,4583],"class_list":{"0":"post-91325","1":"product","2":"type-product","3":"status-publish","4":"has-post-thumbnail","6":"product_cat-design-nach-1945","7":"product_cat-glas","8":"product_cat-kunstobjekte","9":"product_cat-periode","10":"product_tag-avem","11":"product_tag-bizantino","12":"product_tag-bowl","13":"product_tag-glas","14":"product_tag-glass","15":"product_tag-murano","16":"product_tag-murrinen","17":"product_tag-rot","18":"product_tag-schale","19":"product_tag-silberfolie","20":"product_tag-zanfirico","21":"desktop-align-left","22":"tablet-align-left","23":"mobile-align-left","25":"first","26":"instock","27":"sold-individually","28":"shipping-taxable","29":"purchasable","30":"product-type-simple"},"_links":{"self":[{"href":"https:\/\/www.multimedium.eu\/index.php?rest_route=\/wp\/v2\/product\/91325","targetHints":{"allow":["GET"]}}],"collection":[{"href":"https:\/\/www.multimedium.eu\/index.php?rest_route=\/wp\/v2\/product"}],"about":[{"href":"https:\/\/www.multimedium.eu\/index.php?rest_route=\/wp\/v2\/types\/product"}],"version-history":[{"count":1,"href":"https:\/\/www.multimedium.eu\/index.php?rest_route=\/wp\/v2\/product\/91325\/revisions"}],"predecessor-version":[{"id":91326,"href":"https:\/\/www.multimedium.eu\/index.php?rest_route=\/wp\/v2\/product\/91325\/revisions\/91326"}],"wp:featuredmedia":[{"embeddable":true,"href":"https:\/\/www.multimedium.eu\/index.php?rest_route=\/wp\/v2\/media\/84393"}],"wp:attachment":[{"href":"https:\/\/www.multimedium.eu\/index.php?rest_route=%2Fwp%2Fv2%2Fmedia&parent=91325"}],"wp:term":[{"taxonomy":"product_brand","embeddable":true,"href":"https:\/\/www.multimedium.eu\/index.php?rest_route=%2Fwp%2Fv2%2Fproduct_brand&post=91325"},{"taxonomy":"product_cat","embeddable":true,"href":"https:\/\/www.multimedium.eu\/index.php?rest_route=%2Fwp%2Fv2%2Fproduct_cat&post=91325"},{"taxonomy":"product_tag","embeddable":true,"href":"https:\/\/www.multimedium.eu\/index.php?rest_route=%2Fwp%2Fv2%2Fproduct_tag&post=91325"}],"curies":[{"name":"wp","href":"https:\/\/api.w.org\/{rel}","templated":true}]}}