{"id":91711,"date":"2025-02-26T14:05:08","date_gmt":"2025-02-26T13:05:08","guid":{"rendered":"https:\/\/www.multimedium.eu\/?post_type=product&#038;p=91711"},"modified":"2025-03-13T09:26:32","modified_gmt":"2025-03-13T08:26:32","slug":"6-art-deco-cocktail-glaeser-klarglas-stand-schwarz-silberrand-form-konisch-30er","status":"publish","type":"product","link":"https:\/\/www.multimedium.eu\/?product=6-art-deco-cocktail-glaeser-klarglas-stand-schwarz-silberrand-form-konisch-30er","title":{"rendered":"6 Art Deco Cocktail Gl\u00e4ser Klarglas Stand schwarz Silberrand Form konisch 30er"},"content":{"rendered":"<h6>6 Art Deco cocktail glasses clear glass stand black silver rim shape conical 30s<\/h6>\n<p>-SOLD-<\/p>\n<p>Six beautiful decorative French Art Deco cocktail glasses<br \/>\nin a conical shape<br \/>\nin clear glass, black stand<br \/>\nwith silver rim and decoration<br \/>\ngood, beautiful condition<\/p>\n<p>Height of the glasses: 9 cm<br \/>\nDiameter of a glass: 8.5 cm<\/p>\n","protected":false},"excerpt":{"rendered":"<h6>6 Art Deco Cocktail Gl\u00e4ser Klarglas Stand schwarz Silberrand Form konisch 30er<\/h6>\n<p>-VERKAUFT_<\/p>\n<p>Sechs sch\u00f6ne dekorative franz\u00f6sische Art Deco Cocktail Gl\u00e4ser<br \/>\nin konischer Form<br \/>\nin Klarglas, Stand schwarz<br \/>\nmit Silberrand und Verzierung<br \/>\nguter sch\u00f6ner Erhaltungszustand<\/p>\n<p>H\u00f6he der Gl\u00e4ser: 9 cm<br \/>\nDurchmesser eines Glases: 8,5 cm<\/p>\n","protected":false},"featured_media":91713,"template":"","meta":{"site-sidebar-layout":"default","site-content-layout":"","ast-site-content-layout":"default","site-content-style":"default","site-sidebar-style":"default","ast-global-header-display":"","ast-banner-title-visibility":"","ast-main-header-display":"","ast-hfb-above-header-display":"","ast-hfb-below-header-display":"","ast-hfb-mobile-header-display":"","site-post-title":"","ast-breadcrumbs-content":"","ast-featured-img":"","footer-sml-layout":"","theme-transparent-header-meta":"default","adv-header-id-meta":"","stick-header-meta":"","header-above-stick-meta":"","header-main-stick-meta":"","header-below-stick-meta":"","astra-migrate-meta-layouts":"set","ast-page-background-enabled":"default","ast-page-background-meta":{"desktop":{"background-color":"","background-image":"","background-repeat":"repeat","background-position":"center center","background-size":"auto","background-attachment":"scroll","background-type":"","background-media":"","overlay-type":"","overlay-color":"","overlay-opacity":"","overlay-gradient":""},"tablet":{"background-color":"","background-image":"","background-repeat":"repeat","background-position":"center center","background-size":"auto","background-attachment":"scroll","background-type":"","background-media":"","overlay-type":"","overlay-color":"","overlay-opacity":"","overlay-gradient":""},"mobile":{"background-color":"","background-image":"","background-repeat":"repeat","background-position":"center center","background-size":"auto","background-attachment":"scroll","background-type":"","background-media":"","overlay-type":"","overlay-color":"","overlay-opacity":"","overlay-gradient":""}},"ast-content-background-meta":{"desktop":{"background-color":"var(--ast-global-color-5)","background-image":"","background-repeat":"repeat","background-position":"center center","background-size":"auto","background-attachment":"scroll","background-type":"","background-media":"","overlay-type":"","overlay-color":"","overlay-opacity":"","overlay-gradient":""},"tablet":{"background-color":"var(--ast-global-color-5)","background-image":"","background-repeat":"repeat","background-position":"center center","background-size":"auto","background-attachment":"scroll","background-type":"","background-media":"","overlay-type":"","overlay-color":"","overlay-opacity":"","overlay-gradient":""},"mobile":{"background-color":"var(--ast-global-color-5)","background-image":"","background-repeat":"repeat","background-position":"center center","background-size":"auto","background-attachment":"scroll","background-type":"","background-media":"","overlay-type":"","overlay-color":"","overlay-opacity":"","overlay-gradient":""}}},"product_brand":[],"product_cat":[3531,3806,4320],"product_tag":[4215],"class_list":{"0":"post-91711","1":"product","2":"type-product","3":"status-publish","4":"has-post-thumbnail","6":"product_cat-glas","7":"product_cat-art-deco","8":"product_cat-verkauft","9":"product_tag-verkauft","10":"desktop-align-left","11":"tablet-align-left","12":"mobile-align-left","14":"first","15":"outofstock","16":"sold-individually","17":"shipping-taxable","18":"product-type-simple"},"_links":{"self":[{"href":"https:\/\/www.multimedium.eu\/index.php?rest_route=\/wp\/v2\/product\/91711","targetHints":{"allow":["GET"]}}],"collection":[{"href":"https:\/\/www.multimedium.eu\/index.php?rest_route=\/wp\/v2\/product"}],"about":[{"href":"https:\/\/www.multimedium.eu\/index.php?rest_route=\/wp\/v2\/types\/product"}],"version-history":[{"count":4,"href":"https:\/\/www.multimedium.eu\/index.php?rest_route=\/wp\/v2\/product\/91711\/revisions"}],"predecessor-version":[{"id":91742,"href":"https:\/\/www.multimedium.eu\/index.php?rest_route=\/wp\/v2\/product\/91711\/revisions\/91742"}],"wp:featuredmedia":[{"embeddable":true,"href":"https:\/\/www.multimedium.eu\/index.php?rest_route=\/wp\/v2\/media\/91713"}],"wp:attachment":[{"href":"https:\/\/www.multimedium.eu\/index.php?rest_route=%2Fwp%2Fv2%2Fmedia&parent=91711"}],"wp:term":[{"taxonomy":"product_brand","embeddable":true,"href":"https:\/\/www.multimedium.eu\/index.php?rest_route=%2Fwp%2Fv2%2Fproduct_brand&post=91711"},{"taxonomy":"product_cat","embeddable":true,"href":"https:\/\/www.multimedium.eu\/index.php?rest_route=%2Fwp%2Fv2%2Fproduct_cat&post=91711"},{"taxonomy":"product_tag","embeddable":true,"href":"https:\/\/www.multimedium.eu\/index.php?rest_route=%2Fwp%2Fv2%2Fproduct_tag&post=91711"}],"curies":[{"name":"wp","href":"https:\/\/api.w.org\/{rel}","templated":true}]}}