{"id":91744,"date":"2025-03-06T13:28:26","date_gmt":"2025-03-06T12:28:26","guid":{"rendered":"https:\/\/www.multimedium.eu\/?post_type=product&#038;p=91744"},"modified":"2025-03-13T09:26:31","modified_gmt":"2025-03-13T08:26:31","slug":"grosser-antiker-jugendstil-granat-anhaenger-tombak-antique-garnet-pendant","status":"publish","type":"product","link":"https:\/\/www.multimedium.eu\/?product=grosser-antiker-jugendstil-granat-anhaenger-tombak-antique-garnet-pendant","title":{"rendered":"Gro\u00dfer antiker Jugendstil Granat Anh\u00e4nger Tombak antique garnet pendant"},"content":{"rendered":"<h6>Large antique Art Nouveau garnet pendant Tombac antique garnet pendant<\/h6>\n<p>Very large antique beautiful decorative Art Nouveau<br \/>\nTombac garnet pendant around 1850\/60<br \/>\nbeautiful handwork, openwork,<\/p>\n<p>in a good, beautiful state of preservation<br \/>\nall stones present, cleaned, ready to wear<\/p>\n<p>Height including hanging loop: approx. 6 cm<br \/>\nWidth: 4.26 cm<\/p>\n","protected":false},"excerpt":{"rendered":"<h6>Gro\u00dfer antiker Jugendstil Granat Anh\u00e4nger Tombak antique garnet pendant<\/h6>\n<p>Sehr gro\u00dfer antiker sch\u00f6ner dekorativer Jugendstil<br \/>\nTombak Granat Anh\u00e4nger um 1850 \/60<br \/>\nsch\u00f6ne Handarbeit, durchbrochen gearbeitet,<\/p>\n<p>in einem guten sch\u00f6nen Erhaltungszustand<br \/>\nalle Steine vorhanden, gereinigt, sofort tragbar<\/p>\n<p>H\u00f6he incl. Aufh\u00e4nger-\u00d6se: ca. 6 cm<br \/>\nBreite : 4,26 cm<\/p>\n","protected":false},"featured_media":91754,"template":"","meta":{"site-sidebar-layout":"default","site-content-layout":"","ast-site-content-layout":"default","site-content-style":"default","site-sidebar-style":"default","ast-global-header-display":"","ast-banner-title-visibility":"","ast-main-header-display":"","ast-hfb-above-header-display":"","ast-hfb-below-header-display":"","ast-hfb-mobile-header-display":"","site-post-title":"","ast-breadcrumbs-content":"","ast-featured-img":"","footer-sml-layout":"","theme-transparent-header-meta":"default","adv-header-id-meta":"","stick-header-meta":"","header-above-stick-meta":"","header-main-stick-meta":"","header-below-stick-meta":"","astra-migrate-meta-layouts":"set","ast-page-background-enabled":"default","ast-page-background-meta":{"desktop":{"background-color":"","background-image":"","background-repeat":"repeat","background-position":"center center","background-size":"auto","background-attachment":"scroll","background-type":"","background-media":"","overlay-type":"","overlay-color":"","overlay-opacity":"","overlay-gradient":""},"tablet":{"background-color":"","background-image":"","background-repeat":"repeat","background-position":"center center","background-size":"auto","background-attachment":"scroll","background-type":"","background-media":"","overlay-type":"","overlay-color":"","overlay-opacity":"","overlay-gradient":""},"mobile":{"background-color":"","background-image":"","background-repeat":"repeat","background-position":"center center","background-size":"auto","background-attachment":"scroll","background-type":"","background-media":"","overlay-type":"","overlay-color":"","overlay-opacity":"","overlay-gradient":""}},"ast-content-background-meta":{"desktop":{"background-color":"var(--ast-global-color-5)","background-image":"","background-repeat":"repeat","background-position":"center center","background-size":"auto","background-attachment":"scroll","background-type":"","background-media":"","overlay-type":"","overlay-color":"","overlay-opacity":"","overlay-gradient":""},"tablet":{"background-color":"var(--ast-global-color-5)","background-image":"","background-repeat":"repeat","background-position":"center center","background-size":"auto","background-attachment":"scroll","background-type":"","background-media":"","overlay-type":"","overlay-color":"","overlay-opacity":"","overlay-gradient":""},"mobile":{"background-color":"var(--ast-global-color-5)","background-image":"","background-repeat":"repeat","background-position":"center center","background-size":"auto","background-attachment":"scroll","background-type":"","background-media":"","overlay-type":"","overlay-color":"","overlay-opacity":"","overlay-gradient":""}}},"product_brand":[],"product_cat":[5100,4450,3573,4121,3572,5078,4322,4321],"product_tag":[3647,5608,3725,3724,3789,4013,3698,3341,4065],"class_list":{"0":"post-91744","1":"product","2":"type-product","3":"status-publish","4":"has-post-thumbnail","6":"product_cat-tombak","7":"product_cat-anhaenger","8":"product_cat-granat","9":"product_cat-historismus","10":"product_cat-juwelen","11":"product_cat-metall-2","12":"product_cat-periode","13":"product_cat-steine","14":"product_tag-anhaenger","15":"product_tag-antique","16":"product_tag-garnet","17":"product_tag-granat","18":"product_tag-handarbeit","19":"product_tag-handwork","20":"product_tag-jugendstil","21":"product_tag-pendant","22":"product_tag-tombak","23":"desktop-align-left","24":"tablet-align-left","25":"mobile-align-left","27":"first","28":"instock","29":"sold-individually","30":"shipping-taxable","31":"purchasable","32":"product-type-simple"},"_links":{"self":[{"href":"https:\/\/www.multimedium.eu\/index.php?rest_route=\/wp\/v2\/product\/91744","targetHints":{"allow":["GET"]}}],"collection":[{"href":"https:\/\/www.multimedium.eu\/index.php?rest_route=\/wp\/v2\/product"}],"about":[{"href":"https:\/\/www.multimedium.eu\/index.php?rest_route=\/wp\/v2\/types\/product"}],"version-history":[{"count":1,"href":"https:\/\/www.multimedium.eu\/index.php?rest_route=\/wp\/v2\/product\/91744\/revisions"}],"predecessor-version":[{"id":91745,"href":"https:\/\/www.multimedium.eu\/index.php?rest_route=\/wp\/v2\/product\/91744\/revisions\/91745"}],"wp:featuredmedia":[{"embeddable":true,"href":"https:\/\/www.multimedium.eu\/index.php?rest_route=\/wp\/v2\/media\/91754"}],"wp:attachment":[{"href":"https:\/\/www.multimedium.eu\/index.php?rest_route=%2Fwp%2Fv2%2Fmedia&parent=91744"}],"wp:term":[{"taxonomy":"product_brand","embeddable":true,"href":"https:\/\/www.multimedium.eu\/index.php?rest_route=%2Fwp%2Fv2%2Fproduct_brand&post=91744"},{"taxonomy":"product_cat","embeddable":true,"href":"https:\/\/www.multimedium.eu\/index.php?rest_route=%2Fwp%2Fv2%2Fproduct_cat&post=91744"},{"taxonomy":"product_tag","embeddable":true,"href":"https:\/\/www.multimedium.eu\/index.php?rest_route=%2Fwp%2Fv2%2Fproduct_tag&post=91744"}],"curies":[{"name":"wp","href":"https:\/\/api.w.org\/{rel}","templated":true}]}}