{"id":91769,"date":"2025-03-06T21:43:13","date_gmt":"2025-03-06T20:43:13","guid":{"rendered":"https:\/\/www.multimedium.eu\/?post_type=product&#038;p=91769"},"modified":"2025-03-13T09:35:55","modified_gmt":"2025-03-13T08:35:55","slug":"4-schoene-designer-stuehle-giorgetti-sella-magna-armchair-leon-krier","status":"publish","type":"product","link":"https:\/\/www.multimedium.eu\/?product=4-schoene-designer-stuehle-giorgetti-sella-magna-armchair-leon-krier","title":{"rendered":"4 sch\u00f6ne Designer St\u00fchle Giorgetti Sella Magna Armchair Leon Krier"},"content":{"rendered":"<h6>4 beautiful designer chairs Giorgetti Sella Magna Armchair Leon Krier<\/h6>\n<p>4 pieces of beautiful Klismos gondola chairs in Art Deco style<br \/>\nmade of cherry wood, model &#8211; Sella Magna &#8211; around 1991<br \/>\nby LEON KRIER (born 1946) for GIORGETTI (Italy)<br \/>\nEach with a wide, curved headboard,<br \/>\ncovered with black quality leather<br \/>\nThese beautiful dining room chairs from Giorgetti<br \/>\noffer a high level of seating comfort.<br \/>\nThe world-famous Italian brand Giorgetti<br \/>\nhas been producing the most stylish furniture for decades.<br \/>\nThe renowned brand works with the world&#8217;s leading architects and designers,<br \/>\nwho guarantee beautiful furniture.<br \/>\nGiorgetti creates designs with the highest level of<br \/>\nindividualization and quality using<br \/>\nsustainable and high-quality materials.<br \/>\nThese chairs are used,<br \/>\nbut are in very good condition and<br \/>\ncan therefore be considered as new.<br \/>\nEach in a very good, beautifully maintained condition, a chair with repairs to the leather and a backrest with minimal<br \/>\nbumps on the outer edge<br \/>\naccording to research, the new price in 2001 per chair was \u20ac3688<br \/>\nExclusive chairs for high demands<br \/>\nShipping (shipping is calculated per chair)<br \/>\nor self-collection is possible<br \/>\nHeight: 76 cm<br \/>\nWidth: 55 cm<br \/>\nDepth: 51 cm<\/p>\n","protected":false},"excerpt":{"rendered":"<h6 class=\"x-item-title__mainTitle\"><span class=\"ux-textspans ux-textspans--BOLD\">4 sch\u00f6ne Designer St\u00fchle Giorgetti Sella Magna Armchair Leon Krier<\/span><\/h6>\n<p>4 St\u00fcck wundersch\u00f6ne Klismos Gondelsessel im Art Deco Stil<br \/>\naus Kirschholz gefertigt, Modell &#8211; Sella Magna &#8211; um 1991<br \/>\nvon LEON KRIER (Geboren 1946) f\u00fcr GIORGETTI (Italien)<br \/>\nJeweils mit breitem, geschwungenem Kopfteil,<br \/>\nmit schwarzem Qualit\u00e4tsleder bezogen<br \/>\nDiese wundersch\u00f6nen Esszimmerst\u00fchle von Giorgetti<br \/>\nbietet einen hohen Sitzkomfort.<br \/>\nDie weltweit bekannte italienische Marke Giorgetti<br \/>\nproduziert seit Jahrzehnten die stilvollsten M\u00f6bel.<br \/>\nDie renommierte Marke arbeitet mit den weltweit<br \/>\nf\u00fchrenden Architekten und Designern zusammen,<br \/>\ndie wundersch\u00f6ne M\u00f6bel garantieren.<br \/>\nGiorgetti kreiert Designs mit h\u00f6chstem Ma\u00df an<br \/>\nIndividualisierung und Qualit\u00e4t unter Verwendung<br \/>\nnachhaltiger und hochwertiger Materialien.<br \/>\nDiese St\u00fchle sind gebraucht,<br \/>\nbefinden sich aber in einem sehr guten Zustand und<br \/>\nk\u00f6nnen daher als neuwertig betrachtet werden.<br \/>\nJeweils in einem sehr guten sch\u00f6nen gepflegten Erhaltungszustand, ein Stuhl mit Ausbesserung des Leders, und Lehne mit minimaler<br \/>\nBesto\u00dfung am Au\u00dfenrand<br \/>\nlaut Recherche war der Neupreis 2001 pro Stuhl 3688 \u20ac<br \/>\nExclusive St\u00fchle f\u00fcr gehobene Anspr\u00fcche<br \/>\nVersand (Berechnung des Versands gilt pro Stuhl)<br \/>\noder Selbstabholung ist m\u00f6glich<\/p>\n<p>H\u00f6he : 76 cm<br \/>\nBreite : 55 cm<br \/>\nTiefe : 51 cm<\/p>\n","protected":false},"featured_media":89386,"template":"","meta":{"site-sidebar-layout":"default","site-content-layout":"","ast-site-content-layout":"default","site-content-style":"default","site-sidebar-style":"default","ast-global-header-display":"","ast-banner-title-visibility":"","ast-main-header-display":"","ast-hfb-above-header-display":"","ast-hfb-below-header-display":"","ast-hfb-mobile-header-display":"","site-post-title":"","ast-breadcrumbs-content":"","ast-featured-img":"","footer-sml-layout":"","theme-transparent-header-meta":"default","adv-header-id-meta":"","stick-header-meta":"","header-above-stick-meta":"","header-main-stick-meta":"","header-below-stick-meta":"","astra-migrate-meta-layouts":"set","ast-page-background-enabled":"default","ast-page-background-meta":{"desktop":{"background-color":"","background-image":"","background-repeat":"repeat","background-position":"center center","background-size":"auto","background-attachment":"scroll","background-type":"","background-media":"","overlay-type":"","overlay-color":"","overlay-opacity":"","overlay-gradient":""},"tablet":{"background-color":"","background-image":"","background-repeat":"repeat","background-position":"center center","background-size":"auto","background-attachment":"scroll","background-type":"","background-media":"","overlay-type":"","overlay-color":"","overlay-opacity":"","overlay-gradient":""},"mobile":{"background-color":"","background-image":"","background-repeat":"repeat","background-position":"center center","background-size":"auto","background-attachment":"scroll","background-type":"","background-media":"","overlay-type":"","overlay-color":"","overlay-opacity":"","overlay-gradient":""}},"ast-content-background-meta":{"desktop":{"background-color":"var(--ast-global-color-5)","background-image":"","background-repeat":"repeat","background-position":"center center","background-size":"auto","background-attachment":"scroll","background-type":"","background-media":"","overlay-type":"","overlay-color":"","overlay-opacity":"","overlay-gradient":""},"tablet":{"background-color":"var(--ast-global-color-5)","background-image":"","background-repeat":"repeat","background-position":"center center","background-size":"auto","background-attachment":"scroll","background-type":"","background-media":"","overlay-type":"","overlay-color":"","overlay-opacity":"","overlay-gradient":""},"mobile":{"background-color":"var(--ast-global-color-5)","background-image":"","background-repeat":"repeat","background-position":"center center","background-size":"auto","background-attachment":"scroll","background-type":"","background-media":"","overlay-type":"","overlay-color":"","overlay-opacity":"","overlay-gradient":""}}},"product_brand":[],"product_cat":[4324,3561,3512,4365,4322],"product_tag":[9074,9073,9075],"class_list":{"0":"post-91769","1":"product","2":"type-product","3":"status-publish","4":"has-post-thumbnail","6":"product_cat-kunstobjekte","7":"product_cat-design-nach-1945","8":"product_cat-moebel-und-lampen","9":"product_cat-modernist","10":"product_cat-periode","11":"product_tag-chair-armchair","12":"product_tag-giorgetti-sella-magna","13":"product_tag-leon-krier","14":"desktop-align-left","15":"tablet-align-left","16":"mobile-align-left","18":"first","19":"instock","20":"sold-individually","21":"shipping-taxable","22":"purchasable","23":"product-type-simple"},"_links":{"self":[{"href":"https:\/\/www.multimedium.eu\/index.php?rest_route=\/wp\/v2\/product\/91769","targetHints":{"allow":["GET"]}}],"collection":[{"href":"https:\/\/www.multimedium.eu\/index.php?rest_route=\/wp\/v2\/product"}],"about":[{"href":"https:\/\/www.multimedium.eu\/index.php?rest_route=\/wp\/v2\/types\/product"}],"version-history":[{"count":2,"href":"https:\/\/www.multimedium.eu\/index.php?rest_route=\/wp\/v2\/product\/91769\/revisions"}],"predecessor-version":[{"id":91774,"href":"https:\/\/www.multimedium.eu\/index.php?rest_route=\/wp\/v2\/product\/91769\/revisions\/91774"}],"wp:featuredmedia":[{"embeddable":true,"href":"https:\/\/www.multimedium.eu\/index.php?rest_route=\/wp\/v2\/media\/89386"}],"wp:attachment":[{"href":"https:\/\/www.multimedium.eu\/index.php?rest_route=%2Fwp%2Fv2%2Fmedia&parent=91769"}],"wp:term":[{"taxonomy":"product_brand","embeddable":true,"href":"https:\/\/www.multimedium.eu\/index.php?rest_route=%2Fwp%2Fv2%2Fproduct_brand&post=91769"},{"taxonomy":"product_cat","embeddable":true,"href":"https:\/\/www.multimedium.eu\/index.php?rest_route=%2Fwp%2Fv2%2Fproduct_cat&post=91769"},{"taxonomy":"product_tag","embeddable":true,"href":"https:\/\/www.multimedium.eu\/index.php?rest_route=%2Fwp%2Fv2%2Fproduct_tag&post=91769"}],"curies":[{"name":"wp","href":"https:\/\/api.w.org\/{rel}","templated":true}]}}