{"id":91797,"date":"2025-04-03T15:22:26","date_gmt":"2025-04-03T13:22:26","guid":{"rendered":"https:\/\/www.multimedium.eu\/?post_type=product&#038;p=91797"},"modified":"2025-05-01T16:25:28","modified_gmt":"2025-05-01T14:25:28","slug":"silber-anhaenger-wickinger-dragestil-norwegen-h-p-henriksen-norway-silver-pendant","status":"publish","type":"product","link":"https:\/\/www.multimedium.eu\/?product=silber-anhaenger-wickinger-dragestil-norwegen-h-p-henriksen-norway-silver-pendant","title":{"rendered":"Silber Anh\u00e4nger Wickinger Dragestil Norwegen H.P.Henriksen Norway silver pendant"},"content":{"rendered":"<h6>Viking Dragestil Silver Pendant, Norway, H.P. Henriksen Norway Silver Pendant<\/h6>\n<p>Very beautiful, decorative, magnificent, large Dragestil silver pendant, Norway<br \/>\nSigned designer piece, in a round shield shape<br \/>\nConverted into a pendant, a unique piece of its kind<br \/>\nStamped: 830 H.P.H (H.P. Henriksen)<\/p>\n<p>Motif with a three-part face and two opposing dragons,<br \/>\nwith a large hanging loop, openwork back,<br \/>\nfor a thicker choker with a diameter of approx. 7.5 mm<br \/>\nwith a set garnet stone and beautiful chasing along the edge<\/p>\n<p>In good, beautiful condition<\/p>\n<p>Width: approx. 5.75 cm<br \/>\nHeight including hanging loop: approx. 8 cm<br \/>\nOuter dimensions of the stone setting: approx. 9.3 x 7 mm<\/p>\n","protected":false},"excerpt":{"rendered":"<h6>Silber Anh\u00e4nger Wickinger Dragestil Norwegen H.P.Henriksen Norway silver pendant<\/h6>\n<p>Sehr sch\u00f6ne dekorative prachtvoller gro\u00dfer Dragestil Silber Anh\u00e4nger, Norwegen<br \/>\nsigniertes Designerst\u00fcck, in runder Schild-Form<br \/>\nUmgestaltung zu einem Anh\u00e4nger, in dieser Art ein Unikat,<br \/>\ngestempelt: 830 H.P.H (H.P.Henriksen)<\/p>\n<p>Motiv mit einem dreiteiligen Gesicht und 2 gegen\u00fcberstehenden Drachen,<br \/>\nmit einer gro\u00dfen Aufh\u00e4nger-\u00d6se, R\u00fcckseite durchbrochen gearbeitet,<br \/>\nf\u00fcr einen dickeren Halsreif mit Durchmesser: ca. 7,5 mm<br \/>\nmit einem gefassten Granatstein und mit sch\u00f6ner Rand-Ziselierung<\/p>\n<p>in einem guten sch\u00f6nen Erhaltungszustand<\/p>\n<p>Breite: ca. 5,75 cm<br \/>\nH\u00f6he incl. Aufh\u00e4nger-\u00d6se: ca. 8 cm<br \/>\nAu\u00dfenma\u00df der Steinfassung: ca. 9,3 x 7 mm<\/p>\n","protected":false},"featured_media":91798,"template":"","meta":{"site-sidebar-layout":"default","site-content-layout":"","ast-site-content-layout":"default","site-content-style":"default","site-sidebar-style":"default","ast-global-header-display":"","ast-banner-title-visibility":"","ast-main-header-display":"","ast-hfb-above-header-display":"","ast-hfb-below-header-display":"","ast-hfb-mobile-header-display":"","site-post-title":"","ast-breadcrumbs-content":"","ast-featured-img":"","footer-sml-layout":"","theme-transparent-header-meta":"default","adv-header-id-meta":"","stick-header-meta":"","header-above-stick-meta":"","header-main-stick-meta":"","header-below-stick-meta":"","astra-migrate-meta-layouts":"set","ast-page-background-enabled":"default","ast-page-background-meta":{"desktop":{"background-color":"","background-image":"","background-repeat":"repeat","background-position":"center center","background-size":"auto","background-attachment":"scroll","background-type":"","background-media":"","overlay-type":"","overlay-color":"","overlay-opacity":"","overlay-gradient":""},"tablet":{"background-color":"","background-image":"","background-repeat":"repeat","background-position":"center center","background-size":"auto","background-attachment":"scroll","background-type":"","background-media":"","overlay-type":"","overlay-color":"","overlay-opacity":"","overlay-gradient":""},"mobile":{"background-color":"","background-image":"","background-repeat":"repeat","background-position":"center center","background-size":"auto","background-attachment":"scroll","background-type":"","background-media":"","overlay-type":"","overlay-color":"","overlay-opacity":"","overlay-gradient":""}},"ast-content-background-meta":{"desktop":{"background-color":"var(--ast-global-color-5)","background-image":"","background-repeat":"repeat","background-position":"center center","background-size":"auto","background-attachment":"scroll","background-type":"","background-media":"","overlay-type":"","overlay-color":"","overlay-opacity":"","overlay-gradient":""},"tablet":{"background-color":"var(--ast-global-color-5)","background-image":"","background-repeat":"repeat","background-position":"center center","background-size":"auto","background-attachment":"scroll","background-type":"","background-media":"","overlay-type":"","overlay-color":"","overlay-opacity":"","overlay-gradient":""},"mobile":{"background-color":"var(--ast-global-color-5)","background-image":"","background-repeat":"repeat","background-position":"center center","background-size":"auto","background-attachment":"scroll","background-type":"","background-media":"","overlay-type":"","overlay-color":"","overlay-opacity":"","overlay-gradient":""}}},"product_brand":[],"product_cat":[4325,4450,3573,3559,3572,5078,4322,4321],"product_tag":[3647,9314,9316,9315,5079,4886,3341,3641,3342,5655,9313],"class_list":{"0":"post-91797","1":"product","2":"type-product","3":"status-publish","4":"has-post-thumbnail","6":"product_cat-silber","7":"product_cat-anhaenger","8":"product_cat-granat","9":"product_cat-jugendstil","10":"product_cat-juwelen","11":"product_cat-metall-2","12":"product_cat-periode","13":"product_cat-steine","14":"product_tag-anhaenger","15":"product_tag-dragestil","16":"product_tag-dragon-style","17":"product_tag-h-p-henriksen","18":"product_tag-norway","19":"product_tag-norwegen","20":"product_tag-pendant","21":"product_tag-silber","22":"product_tag-silver","23":"product_tag-viking","24":"product_tag-wickinger","25":"desktop-align-left","26":"tablet-align-left","27":"mobile-align-left","29":"first","30":"instock","31":"shipping-taxable","32":"purchasable","33":"product-type-simple"},"_links":{"self":[{"href":"https:\/\/www.multimedium.eu\/index.php?rest_route=\/wp\/v2\/product\/91797","targetHints":{"allow":["GET"]}}],"collection":[{"href":"https:\/\/www.multimedium.eu\/index.php?rest_route=\/wp\/v2\/product"}],"about":[{"href":"https:\/\/www.multimedium.eu\/index.php?rest_route=\/wp\/v2\/types\/product"}],"version-history":[{"count":4,"href":"https:\/\/www.multimedium.eu\/index.php?rest_route=\/wp\/v2\/product\/91797\/revisions"}],"predecessor-version":[{"id":91900,"href":"https:\/\/www.multimedium.eu\/index.php?rest_route=\/wp\/v2\/product\/91797\/revisions\/91900"}],"wp:featuredmedia":[{"embeddable":true,"href":"https:\/\/www.multimedium.eu\/index.php?rest_route=\/wp\/v2\/media\/91798"}],"wp:attachment":[{"href":"https:\/\/www.multimedium.eu\/index.php?rest_route=%2Fwp%2Fv2%2Fmedia&parent=91797"}],"wp:term":[{"taxonomy":"product_brand","embeddable":true,"href":"https:\/\/www.multimedium.eu\/index.php?rest_route=%2Fwp%2Fv2%2Fproduct_brand&post=91797"},{"taxonomy":"product_cat","embeddable":true,"href":"https:\/\/www.multimedium.eu\/index.php?rest_route=%2Fwp%2Fv2%2Fproduct_cat&post=91797"},{"taxonomy":"product_tag","embeddable":true,"href":"https:\/\/www.multimedium.eu\/index.php?rest_route=%2Fwp%2Fv2%2Fproduct_tag&post=91797"}],"curies":[{"name":"wp","href":"https:\/\/api.w.org\/{rel}","templated":true}]}}